{"id":8445,"date":"2022-01-06T15:02:09","date_gmt":"2022-01-06T12:02:09","guid":{"rendered":"https:\/\/www.salkom.com.tr\/?post_type=product&#038;p=8445"},"modified":"2023-02-10T17:54:18","modified_gmt":"2023-02-10T14:54:18","slug":"expert-keratin-sampuan","status":"publish","type":"product","link":"https:\/\/www.salkom.com.tr\/en\/magaza\/en-yeniler\/expert-keratin-sampuan\/","title":{"rendered":"EXPERT KERAT\u0130N \u015eAMPUAN"},"content":{"rendered":"<p>EXPERT haz\u0131rl\u0131k \u015fampuan\u0131 keratin bak\u0131m \u00f6ncesinde maksimum bak\u0131m etkisi i\u00e7in kullan\u0131lan sa\u00e7taki mineraller klor ve sert su birikintilerini sa\u00e7tan<br \/>\nar\u0131nd\u0131rarak donuk sa\u00e7lar\u0131 canland\u0131r\u0131p ve derinlemesine temizler. Frim sa\u00e7 tiplerinde periyodik derinlemesine temizlik i\u00e7in idealdir. Professional kullanmaya uygundur.<\/p>\n","protected":false},"excerpt":{"rendered":"<p>EXPERT haz\u0131rl\u0131k \u015fampuan\u0131 keratin bak\u0131m \u00f6ncesinde maksimum bak\u0131m etkisi i\u00e7in kullan\u0131lan sa\u00e7taki mineraller klor ve sert su birikintilerini sa\u00e7tan ar\u0131nd\u0131rarak donuk sa\u00e7lar\u0131 canland\u0131r\u0131p ve derinlemesine temizler. Frim sa\u00e7 tiplerinde periyodik derinlemesine temizlik i\u00e7in idealdir. Professional kullanmaya uygundur.<\/p>\n","protected":false},"featured_media":7334,"comment_status":"open","ping_status":"closed","template":"","meta":[],"product_cat":[591,601,592,602,598,599,600,603,15],"product_tag":[],"yoast_head":"<!-- This site is optimized with the Yoast SEO Premium plugin v16.5 (Yoast SEO v19.5.1) - https:\/\/yoast.com\/wordpress\/plugins\/seo\/ -->\n<title>EXPERT KERAT\u0130N \u015eAMPUAN | Salkom Kozmetik<\/title>\n<meta name=\"robots\" content=\"index, follow, max-snippet:-1, max-image-preview:large, max-video-preview:-1\" \/>\n<link rel=\"canonical\" href=\"https:\/\/www.salkom.com.tr\/magaza\/en-yeniler\/expert-keratin-sampuan\/\" \/>\n<meta property=\"og:locale\" content=\"tr_TR\" \/>\n<meta property=\"og:type\" content=\"article\" \/>\n<meta property=\"og:title\" content=\"EXPERT KERAT\u0130N \u015eAMPUAN\" \/>\n<meta property=\"og:description\" content=\"EXPERT haz\u0131rl\u0131k \u015fampuan\u0131 keratin bak\u0131m \u00f6ncesinde maksimum bak\u0131m etkisi i\u00e7in kullan\u0131lan sa\u00e7taki mineraller klor ve sert su birikintilerini sa\u00e7tan ar\u0131nd\u0131rarak donuk sa\u00e7lar\u0131 canland\u0131r\u0131p ve derinlemesine temizler. Frim sa\u00e7 tiplerinde periyodik derinlemesine temizlik i\u00e7in idealdir. Professional kullanmaya uygundur.\" \/>\n<meta property=\"og:url\" content=\"https:\/\/www.salkom.com.tr\/magaza\/en-yeniler\/expert-keratin-sampuan\/\" \/>\n<meta property=\"og:site_name\" content=\"Salkom Kozmetik\" \/>\n<meta property=\"article:publisher\" content=\"https:\/\/www.facebook.com\/salkomkozmetikofficial\" \/>\n<meta property=\"article:modified_time\" content=\"2023-02-10T14:54:18+00:00\" \/>\n<meta property=\"og:image\" content=\"https:\/\/www.salkom.com.tr\/wp-content\/uploads\/2021\/08\/Pre-Treatment-Shampoo-Expert-Plus.jpg\" \/>\n\t<meta property=\"og:image:width\" content=\"1000\" \/>\n\t<meta property=\"og:image:height\" content=\"1000\" \/>\n\t<meta property=\"og:image:type\" content=\"image\/jpeg\" \/>\n<meta name=\"twitter:card\" content=\"summary_large_image\" \/>\n<meta name=\"twitter:site\" content=\"@Salkom_Kozmetik\" \/>\n<meta name=\"twitter:label1\" content=\"Fiyat\" \/>\n\t<meta name=\"twitter:data1\" content=\"&#8378;250,00 KDV Dahil\" \/>\n\t<meta name=\"twitter:label2\" content=\"Availability\" \/>\n\t<meta name=\"twitter:data2\" content=\"In stock\" \/>\n<script type=\"application\/ld+json\" class=\"yoast-schema-graph\">{\"@context\":\"https:\/\/schema.org\",\"@graph\":[{\"@type\":[\"WebPage\",\"ItemPage\"],\"@id\":\"https:\/\/www.salkom.com.tr\/magaza\/en-yeniler\/expert-keratin-sampuan\/\",\"url\":\"https:\/\/www.salkom.com.tr\/magaza\/en-yeniler\/expert-keratin-sampuan\/\",\"name\":\"EXPERT KERAT\u0130N \u015eAMPUAN | Salkom Kozmetik\",\"isPartOf\":{\"@id\":\"https:\/\/www.salkom.com.tr\/#website\"},\"datePublished\":\"2022-01-06T12:02:09+00:00\",\"dateModified\":\"2023-02-10T14:54:18+00:00\",\"breadcrumb\":{\"@id\":\"https:\/\/www.salkom.com.tr\/magaza\/en-yeniler\/expert-keratin-sampuan\/#breadcrumb\"},\"inLanguage\":\"tr\",\"potentialAction\":[{\"@type\":\"ReadAction\",\"target\":[\"https:\/\/www.salkom.com.tr\/magaza\/en-yeniler\/expert-keratin-sampuan\/\"]}]},{\"@type\":\"BreadcrumbList\",\"@id\":\"https:\/\/www.salkom.com.tr\/magaza\/en-yeniler\/expert-keratin-sampuan\/#breadcrumb\",\"itemListElement\":[{\"@type\":\"ListItem\",\"position\":1,\"name\":\"Ana sayfa\",\"item\":\"https:\/\/www.salkom.com.tr\/\"},{\"@type\":\"ListItem\",\"position\":2,\"name\":\"EXPERT KERAT\u0130N \u015eAMPUAN\"}]},{\"@type\":\"WebSite\",\"@id\":\"https:\/\/www.salkom.com.tr\/#website\",\"url\":\"https:\/\/www.salkom.com.tr\/\",\"name\":\"Salkom Kozmetik\",\"description\":\"Bir Tutam Sa\u011fl\u0131k\",\"publisher\":{\"@id\":\"https:\/\/www.salkom.com.tr\/#organization\"},\"potentialAction\":[{\"@type\":\"SearchAction\",\"target\":{\"@type\":\"EntryPoint\",\"urlTemplate\":\"https:\/\/www.salkom.com.tr\/?s={search_term_string}\"},\"query-input\":\"required name=search_term_string\"}],\"inLanguage\":\"tr\"},{\"@type\":\"Organization\",\"@id\":\"https:\/\/www.salkom.com.tr\/#organization\",\"name\":\"Salkom Kozmetik\",\"url\":\"https:\/\/www.salkom.com.tr\/\",\"sameAs\":[\"https:\/\/www.instagram.com\/salkomkozmetik\/\",\"https:\/\/www.linkedin.com\/company\/salkom-kozmetik\",\"https:\/\/www.pinterest.com\/salkomkozmetik\/\",\"https:\/\/www.youtube.com\/channel\/UCLRdJ8dZvenffT4rp-lWGeA\/\",\"https:\/\/www.facebook.com\/salkomkozmetikofficial\",\"https:\/\/twitter.com\/Salkom_Kozmetik\"],\"logo\":{\"@type\":\"ImageObject\",\"inLanguage\":\"tr\",\"@id\":\"https:\/\/www.salkom.com.tr\/#\/schema\/logo\/image\/\",\"url\":\"https:\/\/www.salkom.com.tr\/wp-content\/uploads\/2020\/07\/Salkom-Logo-V-1024x1024-1.png\",\"contentUrl\":\"https:\/\/www.salkom.com.tr\/wp-content\/uploads\/2020\/07\/Salkom-Logo-V-1024x1024-1.png\",\"width\":1024,\"height\":1024,\"caption\":\"Salkom Kozmetik\"},\"image\":{\"@id\":\"https:\/\/www.salkom.com.tr\/#\/schema\/logo\/image\/\"}}]}<\/script>\n<!-- \/ Yoast SEO Premium plugin. -->","yoast_head_json":{"title":"EXPERT KERAT\u0130N \u015eAMPUAN | Salkom Kozmetik","robots":{"index":"index","follow":"follow","max-snippet":"max-snippet:-1","max-image-preview":"max-image-preview:large","max-video-preview":"max-video-preview:-1"},"canonical":"https:\/\/www.salkom.com.tr\/magaza\/en-yeniler\/expert-keratin-sampuan\/","og_locale":"tr_TR","og_type":"article","og_title":"EXPERT KERAT\u0130N \u015eAMPUAN","og_description":"EXPERT haz\u0131rl\u0131k \u015fampuan\u0131 keratin bak\u0131m \u00f6ncesinde maksimum bak\u0131m etkisi i\u00e7in kullan\u0131lan sa\u00e7taki mineraller klor ve sert su birikintilerini sa\u00e7tan ar\u0131nd\u0131rarak donuk sa\u00e7lar\u0131 canland\u0131r\u0131p ve derinlemesine temizler. Frim sa\u00e7 tiplerinde periyodik derinlemesine temizlik i\u00e7in idealdir. Professional kullanmaya uygundur.","og_url":"https:\/\/www.salkom.com.tr\/magaza\/en-yeniler\/expert-keratin-sampuan\/","og_site_name":"Salkom Kozmetik","article_publisher":"https:\/\/www.facebook.com\/salkomkozmetikofficial","article_modified_time":"2023-02-10T14:54:18+00:00","og_image":[{"width":1000,"height":1000,"url":"https:\/\/www.salkom.com.tr\/wp-content\/uploads\/2021\/08\/Pre-Treatment-Shampoo-Expert-Plus.jpg","type":"image\/jpeg"}],"twitter_card":"summary_large_image","twitter_site":"@Salkom_Kozmetik","twitter_misc":{"Fiyat":"&#8378;250,00 KDV Dahil","Availability":"In stock"},"schema":{"@context":"https:\/\/schema.org","@graph":[{"@type":["WebPage","ItemPage"],"@id":"https:\/\/www.salkom.com.tr\/magaza\/en-yeniler\/expert-keratin-sampuan\/","url":"https:\/\/www.salkom.com.tr\/magaza\/en-yeniler\/expert-keratin-sampuan\/","name":"EXPERT KERAT\u0130N \u015eAMPUAN | Salkom Kozmetik","isPartOf":{"@id":"https:\/\/www.salkom.com.tr\/#website"},"datePublished":"2022-01-06T12:02:09+00:00","dateModified":"2023-02-10T14:54:18+00:00","breadcrumb":{"@id":"https:\/\/www.salkom.com.tr\/magaza\/en-yeniler\/expert-keratin-sampuan\/#breadcrumb"},"inLanguage":"tr","potentialAction":[{"@type":"ReadAction","target":["https:\/\/www.salkom.com.tr\/magaza\/en-yeniler\/expert-keratin-sampuan\/"]}]},{"@type":"BreadcrumbList","@id":"https:\/\/www.salkom.com.tr\/magaza\/en-yeniler\/expert-keratin-sampuan\/#breadcrumb","itemListElement":[{"@type":"ListItem","position":1,"name":"Ana sayfa","item":"https:\/\/www.salkom.com.tr\/"},{"@type":"ListItem","position":2,"name":"EXPERT KERAT\u0130N \u015eAMPUAN"}]},{"@type":"WebSite","@id":"https:\/\/www.salkom.com.tr\/#website","url":"https:\/\/www.salkom.com.tr\/","name":"Salkom Kozmetik","description":"Bir Tutam Sa\u011fl\u0131k","publisher":{"@id":"https:\/\/www.salkom.com.tr\/#organization"},"potentialAction":[{"@type":"SearchAction","target":{"@type":"EntryPoint","urlTemplate":"https:\/\/www.salkom.com.tr\/?s={search_term_string}"},"query-input":"required name=search_term_string"}],"inLanguage":"tr"},{"@type":"Organization","@id":"https:\/\/www.salkom.com.tr\/#organization","name":"Salkom Kozmetik","url":"https:\/\/www.salkom.com.tr\/","sameAs":["https:\/\/www.instagram.com\/salkomkozmetik\/","https:\/\/www.linkedin.com\/company\/salkom-kozmetik","https:\/\/www.pinterest.com\/salkomkozmetik\/","https:\/\/www.youtube.com\/channel\/UCLRdJ8dZvenffT4rp-lWGeA\/","https:\/\/www.facebook.com\/salkomkozmetikofficial","https:\/\/twitter.com\/Salkom_Kozmetik"],"logo":{"@type":"ImageObject","inLanguage":"tr","@id":"https:\/\/www.salkom.com.tr\/#\/schema\/logo\/image\/","url":"https:\/\/www.salkom.com.tr\/wp-content\/uploads\/2020\/07\/Salkom-Logo-V-1024x1024-1.png","contentUrl":"https:\/\/www.salkom.com.tr\/wp-content\/uploads\/2020\/07\/Salkom-Logo-V-1024x1024-1.png","width":1024,"height":1024,"caption":"Salkom Kozmetik"},"image":{"@id":"https:\/\/www.salkom.com.tr\/#\/schema\/logo\/image\/"}}]}},"_links":{"self":[{"href":"https:\/\/www.salkom.com.tr\/en\/wp-json\/wp\/v2\/product\/8445"}],"collection":[{"href":"https:\/\/www.salkom.com.tr\/en\/wp-json\/wp\/v2\/product"}],"about":[{"href":"https:\/\/www.salkom.com.tr\/en\/wp-json\/wp\/v2\/types\/product"}],"replies":[{"embeddable":true,"href":"https:\/\/www.salkom.com.tr\/en\/wp-json\/wp\/v2\/comments?post=8445"}],"wp:featuredmedia":[{"embeddable":true,"href":"https:\/\/www.salkom.com.tr\/en\/wp-json\/wp\/v2\/media\/7334"}],"wp:attachment":[{"href":"https:\/\/www.salkom.com.tr\/en\/wp-json\/wp\/v2\/media?parent=8445"}],"wp:term":[{"taxonomy":"product_cat","embeddable":true,"href":"https:\/\/www.salkom.com.tr\/en\/wp-json\/wp\/v2\/product_cat?post=8445"},{"taxonomy":"product_tag","embeddable":true,"href":"https:\/\/www.salkom.com.tr\/en\/wp-json\/wp\/v2\/product_tag?post=8445"}],"curies":[{"name":"wp","href":"https:\/\/api.w.org\/{rel}","templated":true}]}}