{"id":8167,"date":"2021-09-09T23:48:44","date_gmt":"2021-09-09T20:48:44","guid":{"rendered":"https:\/\/www.salkom.com.tr\/?post_type=product&#038;p=8167"},"modified":"2026-01-27T08:14:07","modified_gmt":"2026-01-27T05:14:07","slug":"at-kuyrugu-ozlu-sampuan","status":"publish","type":"product","link":"https:\/\/www.salkom.com.tr\/en\/magaza\/erkek-bakim\/sampuanlar-erkek-bakim\/at-kuyrugu-ozlu-sampuan\/","title":{"rendered":"AT KUYRU\u011eU \u00d6ZL\u00dc B\u0130TK\u0130SEL \u015eAMPUAN"},"content":{"rendered":"","protected":false},"excerpt":{"rendered":"<p>At Kuyru\u011fu \u00d6zl\u00fc \u015eampuan \u0130\u00e7eri\u011findeki At kuyru\u011fu \u00f6z\u00fc ile zenginle\u015ftirilmi\u015f form\u00fcl\u00fc sa\u00e7lar\u0131 g\u00fc\u00e7lendirmeye yard\u0131mc\u0131 olur. Sa\u00e7lar\u0131n\u0131za sa\u011fl\u0131kl\u0131 bir g\u00f6r\u00fcn\u00fcm kazand\u0131rarak bak\u0131m ve temizli\u011fini yapar. Sa\u00e7lara hacim verir. \u0130nce telli ve ya\u011fl\u0131 sa\u00e7larda g\u00fcnl\u00fck kullan\u0131ma uygundur.<\/p>\n","protected":false},"featured_media":8179,"comment_status":"open","ping_status":"closed","template":"","meta":[],"product_cat":[592,602,595,596,597,598,599,600],"product_tag":[211,160,155],"yoast_head":"<!-- This site is optimized with the Yoast SEO Premium plugin v16.5 (Yoast SEO v19.5.1) - https:\/\/yoast.com\/wordpress\/plugins\/seo\/ -->\n<title>AT KUYRU\u011eU \u00d6ZL\u00dc B\u0130TK\u0130SEL \u015eAMPUAN | Salkom Kozmetik<\/title>\n<meta name=\"description\" content=\"At Kuyru\u011fu \u00d6zl\u00fc \u015eampuan \u0130\u00e7eri\u011findeki At kuyru\u011fu \u00f6z\u00fc ile zenginle\u015ftirilmi\u015f form\u00fcl\u00fc sa\u00e7lar\u0131 g\u00fc\u00e7lendirmeye yard\u0131mc\u0131 olur. Sa\u00e7lar\u0131n\u0131za sa\u011fl\u0131kl\u0131 bir g\u00f6r\u00fcn\u00fcm kazand\u0131rarak bak\u0131m ve temizli\u011fini yapar. Sa\u00e7lara hacim verir. \u0130nce telli ve ya\u011fl\u0131 sa\u00e7larda g\u00fcnl\u00fck kullan\u0131ma uygundur.\" \/>\n<meta name=\"robots\" content=\"index, follow, max-snippet:-1, max-image-preview:large, max-video-preview:-1\" \/>\n<link rel=\"canonical\" href=\"https:\/\/www.salkom.com.tr\/magaza\/erkek-bakim\/sampuanlar-erkek-bakim\/at-kuyrugu-ozlu-sampuan\/\" \/>\n<meta property=\"og:locale\" content=\"tr_TR\" \/>\n<meta property=\"og:type\" content=\"article\" \/>\n<meta property=\"og:title\" content=\"AT KUYRU\u011eU \u00d6ZL\u00dc B\u0130TK\u0130SEL \u015eAMPUAN\" \/>\n<meta property=\"og:description\" content=\"At Kuyru\u011fu \u00d6zl\u00fc \u015eampuan \u0130\u00e7eri\u011findeki At kuyru\u011fu \u00f6z\u00fc ile zenginle\u015ftirilmi\u015f form\u00fcl\u00fc sa\u00e7lar\u0131 g\u00fc\u00e7lendirmeye yard\u0131mc\u0131 olur. Sa\u00e7lar\u0131n\u0131za sa\u011fl\u0131kl\u0131 bir g\u00f6r\u00fcn\u00fcm kazand\u0131rarak bak\u0131m ve temizli\u011fini yapar. Sa\u00e7lara hacim verir. \u0130nce telli ve ya\u011fl\u0131 sa\u00e7larda g\u00fcnl\u00fck kullan\u0131ma uygundur.\" \/>\n<meta property=\"og:url\" content=\"https:\/\/www.salkom.com.tr\/magaza\/erkek-bakim\/sampuanlar-erkek-bakim\/at-kuyrugu-ozlu-sampuan\/\" \/>\n<meta property=\"og:site_name\" content=\"Salkom Kozmetik\" \/>\n<meta property=\"article:publisher\" content=\"https:\/\/www.facebook.com\/salkomkozmetikofficial\" \/>\n<meta property=\"article:modified_time\" content=\"2026-01-27T05:14:07+00:00\" \/>\n<meta property=\"og:image\" content=\"https:\/\/www.salkom.com.tr\/wp-content\/uploads\/2021\/09\/at-kuyrugu-kopya.png\" \/>\n\t<meta property=\"og:image:width\" content=\"600\" \/>\n\t<meta property=\"og:image:height\" content=\"900\" \/>\n\t<meta property=\"og:image:type\" content=\"image\/png\" \/>\n<meta name=\"twitter:card\" content=\"summary_large_image\" \/>\n<meta name=\"twitter:site\" content=\"@Salkom_Kozmetik\" \/>\n<meta name=\"twitter:label1\" content=\"Fiyat\" \/>\n\t<meta name=\"twitter:data1\" content=\"&#8378;400,00 &#8378;399,00 KDV Dahil\" \/>\n\t<meta name=\"twitter:label2\" content=\"Availability\" \/>\n\t<meta name=\"twitter:data2\" content=\"In stock\" \/>\n<script type=\"application\/ld+json\" class=\"yoast-schema-graph\">{\"@context\":\"https:\/\/schema.org\",\"@graph\":[{\"@type\":[\"WebPage\",\"ItemPage\"],\"@id\":\"https:\/\/www.salkom.com.tr\/magaza\/erkek-bakim\/sampuanlar-erkek-bakim\/at-kuyrugu-ozlu-sampuan\/\",\"url\":\"https:\/\/www.salkom.com.tr\/magaza\/erkek-bakim\/sampuanlar-erkek-bakim\/at-kuyrugu-ozlu-sampuan\/\",\"name\":\"AT KUYRU\u011eU \u00d6ZL\u00dc B\u0130TK\u0130SEL \u015eAMPUAN | Salkom Kozmetik\",\"isPartOf\":{\"@id\":\"https:\/\/www.salkom.com.tr\/#website\"},\"datePublished\":\"2021-09-09T20:48:44+00:00\",\"dateModified\":\"2026-01-27T05:14:07+00:00\",\"description\":\"At Kuyru\u011fu \u00d6zl\u00fc \u015eampuan \u0130\u00e7eri\u011findeki At kuyru\u011fu \u00f6z\u00fc ile zenginle\u015ftirilmi\u015f form\u00fcl\u00fc sa\u00e7lar\u0131 g\u00fc\u00e7lendirmeye yard\u0131mc\u0131 olur. Sa\u00e7lar\u0131n\u0131za sa\u011fl\u0131kl\u0131 bir g\u00f6r\u00fcn\u00fcm kazand\u0131rarak bak\u0131m ve temizli\u011fini yapar. Sa\u00e7lara hacim verir. \u0130nce telli ve ya\u011fl\u0131 sa\u00e7larda g\u00fcnl\u00fck kullan\u0131ma uygundur.\",\"breadcrumb\":{\"@id\":\"https:\/\/www.salkom.com.tr\/magaza\/erkek-bakim\/sampuanlar-erkek-bakim\/at-kuyrugu-ozlu-sampuan\/#breadcrumb\"},\"inLanguage\":\"tr\",\"potentialAction\":[{\"@type\":\"ReadAction\",\"target\":[\"https:\/\/www.salkom.com.tr\/magaza\/erkek-bakim\/sampuanlar-erkek-bakim\/at-kuyrugu-ozlu-sampuan\/\"]}]},{\"@type\":\"BreadcrumbList\",\"@id\":\"https:\/\/www.salkom.com.tr\/magaza\/erkek-bakim\/sampuanlar-erkek-bakim\/at-kuyrugu-ozlu-sampuan\/#breadcrumb\",\"itemListElement\":[{\"@type\":\"ListItem\",\"position\":1,\"name\":\"Ana sayfa\",\"item\":\"https:\/\/www.salkom.com.tr\/\"},{\"@type\":\"ListItem\",\"position\":2,\"name\":\"AT KUYRU\u011eU \u00d6ZL\u00dc B\u0130TK\u0130SEL \u015eAMPUAN\"}]},{\"@type\":\"WebSite\",\"@id\":\"https:\/\/www.salkom.com.tr\/#website\",\"url\":\"https:\/\/www.salkom.com.tr\/\",\"name\":\"Salkom Kozmetik\",\"description\":\"Bir Tutam Sa\u011fl\u0131k\",\"publisher\":{\"@id\":\"https:\/\/www.salkom.com.tr\/#organization\"},\"potentialAction\":[{\"@type\":\"SearchAction\",\"target\":{\"@type\":\"EntryPoint\",\"urlTemplate\":\"https:\/\/www.salkom.com.tr\/?s={search_term_string}\"},\"query-input\":\"required name=search_term_string\"}],\"inLanguage\":\"tr\"},{\"@type\":\"Organization\",\"@id\":\"https:\/\/www.salkom.com.tr\/#organization\",\"name\":\"Salkom Kozmetik\",\"url\":\"https:\/\/www.salkom.com.tr\/\",\"sameAs\":[\"https:\/\/www.instagram.com\/salkomkozmetik\/\",\"https:\/\/www.linkedin.com\/company\/salkom-kozmetik\",\"https:\/\/www.pinterest.com\/salkomkozmetik\/\",\"https:\/\/www.youtube.com\/channel\/UCLRdJ8dZvenffT4rp-lWGeA\/\",\"https:\/\/www.facebook.com\/salkomkozmetikofficial\",\"https:\/\/twitter.com\/Salkom_Kozmetik\"],\"logo\":{\"@type\":\"ImageObject\",\"inLanguage\":\"tr\",\"@id\":\"https:\/\/www.salkom.com.tr\/#\/schema\/logo\/image\/\",\"url\":\"https:\/\/www.salkom.com.tr\/wp-content\/uploads\/2020\/07\/Salkom-Logo-V-1024x1024-1.png\",\"contentUrl\":\"https:\/\/www.salkom.com.tr\/wp-content\/uploads\/2020\/07\/Salkom-Logo-V-1024x1024-1.png\",\"width\":1024,\"height\":1024,\"caption\":\"Salkom Kozmetik\"},\"image\":{\"@id\":\"https:\/\/www.salkom.com.tr\/#\/schema\/logo\/image\/\"}}]}<\/script>\n<!-- \/ Yoast SEO Premium plugin. -->","yoast_head_json":{"title":"AT KUYRU\u011eU \u00d6ZL\u00dc B\u0130TK\u0130SEL \u015eAMPUAN | Salkom Kozmetik","description":"At Kuyru\u011fu \u00d6zl\u00fc \u015eampuan \u0130\u00e7eri\u011findeki At kuyru\u011fu \u00f6z\u00fc ile zenginle\u015ftirilmi\u015f form\u00fcl\u00fc sa\u00e7lar\u0131 g\u00fc\u00e7lendirmeye yard\u0131mc\u0131 olur. Sa\u00e7lar\u0131n\u0131za sa\u011fl\u0131kl\u0131 bir g\u00f6r\u00fcn\u00fcm kazand\u0131rarak bak\u0131m ve temizli\u011fini yapar. Sa\u00e7lara hacim verir. \u0130nce telli ve ya\u011fl\u0131 sa\u00e7larda g\u00fcnl\u00fck kullan\u0131ma uygundur.","robots":{"index":"index","follow":"follow","max-snippet":"max-snippet:-1","max-image-preview":"max-image-preview:large","max-video-preview":"max-video-preview:-1"},"canonical":"https:\/\/www.salkom.com.tr\/magaza\/erkek-bakim\/sampuanlar-erkek-bakim\/at-kuyrugu-ozlu-sampuan\/","og_locale":"tr_TR","og_type":"article","og_title":"AT KUYRU\u011eU \u00d6ZL\u00dc B\u0130TK\u0130SEL \u015eAMPUAN","og_description":"At Kuyru\u011fu \u00d6zl\u00fc \u015eampuan \u0130\u00e7eri\u011findeki At kuyru\u011fu \u00f6z\u00fc ile zenginle\u015ftirilmi\u015f form\u00fcl\u00fc sa\u00e7lar\u0131 g\u00fc\u00e7lendirmeye yard\u0131mc\u0131 olur. Sa\u00e7lar\u0131n\u0131za sa\u011fl\u0131kl\u0131 bir g\u00f6r\u00fcn\u00fcm kazand\u0131rarak bak\u0131m ve temizli\u011fini yapar. Sa\u00e7lara hacim verir. \u0130nce telli ve ya\u011fl\u0131 sa\u00e7larda g\u00fcnl\u00fck kullan\u0131ma uygundur.","og_url":"https:\/\/www.salkom.com.tr\/magaza\/erkek-bakim\/sampuanlar-erkek-bakim\/at-kuyrugu-ozlu-sampuan\/","og_site_name":"Salkom Kozmetik","article_publisher":"https:\/\/www.facebook.com\/salkomkozmetikofficial","article_modified_time":"2026-01-27T05:14:07+00:00","og_image":[{"width":600,"height":900,"url":"https:\/\/www.salkom.com.tr\/wp-content\/uploads\/2021\/09\/at-kuyrugu-kopya.png","type":"image\/png"}],"twitter_card":"summary_large_image","twitter_site":"@Salkom_Kozmetik","twitter_misc":{"Fiyat":"&#8378;400,00 &#8378;399,00 KDV Dahil","Availability":"In stock"},"schema":{"@context":"https:\/\/schema.org","@graph":[{"@type":["WebPage","ItemPage"],"@id":"https:\/\/www.salkom.com.tr\/magaza\/erkek-bakim\/sampuanlar-erkek-bakim\/at-kuyrugu-ozlu-sampuan\/","url":"https:\/\/www.salkom.com.tr\/magaza\/erkek-bakim\/sampuanlar-erkek-bakim\/at-kuyrugu-ozlu-sampuan\/","name":"AT KUYRU\u011eU \u00d6ZL\u00dc B\u0130TK\u0130SEL \u015eAMPUAN | Salkom Kozmetik","isPartOf":{"@id":"https:\/\/www.salkom.com.tr\/#website"},"datePublished":"2021-09-09T20:48:44+00:00","dateModified":"2026-01-27T05:14:07+00:00","description":"At Kuyru\u011fu \u00d6zl\u00fc \u015eampuan \u0130\u00e7eri\u011findeki At kuyru\u011fu \u00f6z\u00fc ile zenginle\u015ftirilmi\u015f form\u00fcl\u00fc sa\u00e7lar\u0131 g\u00fc\u00e7lendirmeye yard\u0131mc\u0131 olur. Sa\u00e7lar\u0131n\u0131za sa\u011fl\u0131kl\u0131 bir g\u00f6r\u00fcn\u00fcm kazand\u0131rarak bak\u0131m ve temizli\u011fini yapar. Sa\u00e7lara hacim verir. \u0130nce telli ve ya\u011fl\u0131 sa\u00e7larda g\u00fcnl\u00fck kullan\u0131ma uygundur.","breadcrumb":{"@id":"https:\/\/www.salkom.com.tr\/magaza\/erkek-bakim\/sampuanlar-erkek-bakim\/at-kuyrugu-ozlu-sampuan\/#breadcrumb"},"inLanguage":"tr","potentialAction":[{"@type":"ReadAction","target":["https:\/\/www.salkom.com.tr\/magaza\/erkek-bakim\/sampuanlar-erkek-bakim\/at-kuyrugu-ozlu-sampuan\/"]}]},{"@type":"BreadcrumbList","@id":"https:\/\/www.salkom.com.tr\/magaza\/erkek-bakim\/sampuanlar-erkek-bakim\/at-kuyrugu-ozlu-sampuan\/#breadcrumb","itemListElement":[{"@type":"ListItem","position":1,"name":"Ana sayfa","item":"https:\/\/www.salkom.com.tr\/"},{"@type":"ListItem","position":2,"name":"AT KUYRU\u011eU \u00d6ZL\u00dc B\u0130TK\u0130SEL \u015eAMPUAN"}]},{"@type":"WebSite","@id":"https:\/\/www.salkom.com.tr\/#website","url":"https:\/\/www.salkom.com.tr\/","name":"Salkom Kozmetik","description":"Bir Tutam Sa\u011fl\u0131k","publisher":{"@id":"https:\/\/www.salkom.com.tr\/#organization"},"potentialAction":[{"@type":"SearchAction","target":{"@type":"EntryPoint","urlTemplate":"https:\/\/www.salkom.com.tr\/?s={search_term_string}"},"query-input":"required name=search_term_string"}],"inLanguage":"tr"},{"@type":"Organization","@id":"https:\/\/www.salkom.com.tr\/#organization","name":"Salkom Kozmetik","url":"https:\/\/www.salkom.com.tr\/","sameAs":["https:\/\/www.instagram.com\/salkomkozmetik\/","https:\/\/www.linkedin.com\/company\/salkom-kozmetik","https:\/\/www.pinterest.com\/salkomkozmetik\/","https:\/\/www.youtube.com\/channel\/UCLRdJ8dZvenffT4rp-lWGeA\/","https:\/\/www.facebook.com\/salkomkozmetikofficial","https:\/\/twitter.com\/Salkom_Kozmetik"],"logo":{"@type":"ImageObject","inLanguage":"tr","@id":"https:\/\/www.salkom.com.tr\/#\/schema\/logo\/image\/","url":"https:\/\/www.salkom.com.tr\/wp-content\/uploads\/2020\/07\/Salkom-Logo-V-1024x1024-1.png","contentUrl":"https:\/\/www.salkom.com.tr\/wp-content\/uploads\/2020\/07\/Salkom-Logo-V-1024x1024-1.png","width":1024,"height":1024,"caption":"Salkom Kozmetik"},"image":{"@id":"https:\/\/www.salkom.com.tr\/#\/schema\/logo\/image\/"}}]}},"_links":{"self":[{"href":"https:\/\/www.salkom.com.tr\/en\/wp-json\/wp\/v2\/product\/8167"}],"collection":[{"href":"https:\/\/www.salkom.com.tr\/en\/wp-json\/wp\/v2\/product"}],"about":[{"href":"https:\/\/www.salkom.com.tr\/en\/wp-json\/wp\/v2\/types\/product"}],"replies":[{"embeddable":true,"href":"https:\/\/www.salkom.com.tr\/en\/wp-json\/wp\/v2\/comments?post=8167"}],"wp:featuredmedia":[{"embeddable":true,"href":"https:\/\/www.salkom.com.tr\/en\/wp-json\/wp\/v2\/media\/8179"}],"wp:attachment":[{"href":"https:\/\/www.salkom.com.tr\/en\/wp-json\/wp\/v2\/media?parent=8167"}],"wp:term":[{"taxonomy":"product_cat","embeddable":true,"href":"https:\/\/www.salkom.com.tr\/en\/wp-json\/wp\/v2\/product_cat?post=8167"},{"taxonomy":"product_tag","embeddable":true,"href":"https:\/\/www.salkom.com.tr\/en\/wp-json\/wp\/v2\/product_tag?post=8167"}],"curies":[{"name":"wp","href":"https:\/\/api.w.org\/{rel}","templated":true}]}}