{"id":7348,"date":"2021-08-02T02:47:05","date_gmt":"2021-08-01T23:47:05","guid":{"rendered":"https:\/\/www.salkom.com.tr\/?post_type=product&#038;p=7348"},"modified":"2025-09-02T16:32:16","modified_gmt":"2025-09-02T13:32:16","slug":"sac-acici-toz-bleaching-powder-violet-mori","status":"publish","type":"product","link":"https:\/\/www.salkom.com.tr\/en\/magaza\/kuafor-urunleri\/sac-acici-toz-bleaching-powder-violet-mori\/","title":{"rendered":"Sa\u00e7 A\u00e7\u0131c\u0131 Toz (Bleaching Powder) Violet &#8211; Mori"},"content":{"rendered":"","protected":false},"excerpt":{"rendered":"<p>Mori Sa\u00e7 A\u00e7\u0131c\u0131 istenilen farkl\u0131 oranlarda renk a\u00e7ma sonucu verir. Sa\u00e7 renginizi 7 tona kadar a\u00e7ar. T\u00fcm a\u00e7ma teknikleri i\u00e7in uygundur.<\/p>\n<ul>\n<li>Sa\u00e7 rengini tamamen a\u00e7ma kabiliyetine de sahiptir.<\/li>\n<li>T\u00fcm sa\u00e7 tipleri i\u00e7in uygundur.<\/li>\n<\/ul>\n","protected":false},"featured_media":7380,"comment_status":"open","ping_status":"closed","template":"","meta":[],"product_cat":[620,602,595,612],"product_tag":[193,186,192],"yoast_head":"<!-- This site is optimized with the Yoast SEO Premium plugin v16.5 (Yoast SEO v19.5.1) - https:\/\/yoast.com\/wordpress\/plugins\/seo\/ -->\n<title>Sa\u00e7 A\u00e7\u0131c\u0131 Toz (Bleaching Powder) Violet - Mori | Salkom Kozmetik<\/title>\n<meta name=\"description\" content=\"Sa\u00e7 Renk A\u00e7\u0131c\u0131 Toz (Bleaching Powder) Violet - Mori. Sa\u00e7 renginizi 7 tona kadar a\u00e7ar. T\u00fcm a\u00e7ma teknikleri i\u00e7in uygundur. Online Sipari\u015f!\" \/>\n<meta name=\"robots\" content=\"index, follow, max-snippet:-1, max-image-preview:large, max-video-preview:-1\" \/>\n<link rel=\"canonical\" href=\"https:\/\/www.salkom.com.tr\/magaza\/kuafor-urunleri\/sac-acici-toz-bleaching-powder-violet-mori\/\" \/>\n<meta property=\"og:locale\" content=\"tr_TR\" \/>\n<meta property=\"og:type\" content=\"article\" \/>\n<meta property=\"og:title\" content=\"Sa\u00e7 A\u00e7\u0131c\u0131 Toz (Bleaching Powder) Violet - Mori\" \/>\n<meta property=\"og:description\" content=\"Sa\u00e7 Renk A\u00e7\u0131c\u0131 Toz (Bleaching Powder) Violet - Mori. Sa\u00e7 renginizi 7 tona kadar a\u00e7ar. T\u00fcm a\u00e7ma teknikleri i\u00e7in uygundur. Online Sipari\u015f!\" \/>\n<meta property=\"og:url\" content=\"https:\/\/www.salkom.com.tr\/magaza\/kuafor-urunleri\/sac-acici-toz-bleaching-powder-violet-mori\/\" \/>\n<meta property=\"og:site_name\" content=\"Salkom Kozmetik\" \/>\n<meta property=\"article:publisher\" content=\"https:\/\/www.facebook.com\/salkomkozmetikofficial\" \/>\n<meta property=\"article:modified_time\" content=\"2025-09-02T13:32:16+00:00\" \/>\n<meta property=\"og:image\" content=\"https:\/\/www.salkom.com.tr\/wp-content\/uploads\/2021\/08\/Sac-Acici-Toz-Violet-Mori.jpg\" \/>\n\t<meta property=\"og:image:width\" content=\"1000\" \/>\n\t<meta property=\"og:image:height\" content=\"1000\" \/>\n\t<meta property=\"og:image:type\" content=\"image\/jpeg\" \/>\n<meta name=\"twitter:card\" content=\"summary_large_image\" \/>\n<meta name=\"twitter:site\" content=\"@Salkom_Kozmetik\" \/>\n<meta name=\"twitter:label1\" content=\"Fiyat\" \/>\n\t<meta name=\"twitter:data1\" content=\"&#8378;1.000,00 &#8378;990,00 KDV Dahil\" \/>\n\t<meta name=\"twitter:label2\" content=\"Availability\" \/>\n\t<meta name=\"twitter:data2\" content=\"In stock\" \/>\n<script type=\"application\/ld+json\" class=\"yoast-schema-graph\">{\"@context\":\"https:\/\/schema.org\",\"@graph\":[{\"@type\":[\"WebPage\",\"ItemPage\"],\"@id\":\"https:\/\/www.salkom.com.tr\/magaza\/kuafor-urunleri\/sac-acici-toz-bleaching-powder-violet-mori\/\",\"url\":\"https:\/\/www.salkom.com.tr\/magaza\/kuafor-urunleri\/sac-acici-toz-bleaching-powder-violet-mori\/\",\"name\":\"Sa\u00e7 A\u00e7\u0131c\u0131 Toz (Bleaching Powder) Violet - Mori | Salkom Kozmetik\",\"isPartOf\":{\"@id\":\"https:\/\/www.salkom.com.tr\/#website\"},\"datePublished\":\"2021-08-01T23:47:05+00:00\",\"dateModified\":\"2025-09-02T13:32:16+00:00\",\"description\":\"Sa\u00e7 Renk A\u00e7\u0131c\u0131 Toz (Bleaching Powder) Violet - Mori. Sa\u00e7 renginizi 7 tona kadar a\u00e7ar. T\u00fcm a\u00e7ma teknikleri i\u00e7in uygundur. Online Sipari\u015f!\",\"breadcrumb\":{\"@id\":\"https:\/\/www.salkom.com.tr\/magaza\/kuafor-urunleri\/sac-acici-toz-bleaching-powder-violet-mori\/#breadcrumb\"},\"inLanguage\":\"tr\",\"potentialAction\":[{\"@type\":\"ReadAction\",\"target\":[\"https:\/\/www.salkom.com.tr\/magaza\/kuafor-urunleri\/sac-acici-toz-bleaching-powder-violet-mori\/\"]}]},{\"@type\":\"BreadcrumbList\",\"@id\":\"https:\/\/www.salkom.com.tr\/magaza\/kuafor-urunleri\/sac-acici-toz-bleaching-powder-violet-mori\/#breadcrumb\",\"itemListElement\":[{\"@type\":\"ListItem\",\"position\":1,\"name\":\"Ana sayfa\",\"item\":\"https:\/\/www.salkom.com.tr\/\"},{\"@type\":\"ListItem\",\"position\":2,\"name\":\"Sa\u00e7 A\u00e7\u0131c\u0131 Toz (Bleaching Powder) Violet &#8211; Mori\"}]},{\"@type\":\"WebSite\",\"@id\":\"https:\/\/www.salkom.com.tr\/#website\",\"url\":\"https:\/\/www.salkom.com.tr\/\",\"name\":\"Salkom Kozmetik\",\"description\":\"Bir Tutam Sa\u011fl\u0131k\",\"publisher\":{\"@id\":\"https:\/\/www.salkom.com.tr\/#organization\"},\"potentialAction\":[{\"@type\":\"SearchAction\",\"target\":{\"@type\":\"EntryPoint\",\"urlTemplate\":\"https:\/\/www.salkom.com.tr\/?s={search_term_string}\"},\"query-input\":\"required name=search_term_string\"}],\"inLanguage\":\"tr\"},{\"@type\":\"Organization\",\"@id\":\"https:\/\/www.salkom.com.tr\/#organization\",\"name\":\"Salkom Kozmetik\",\"url\":\"https:\/\/www.salkom.com.tr\/\",\"sameAs\":[\"https:\/\/www.instagram.com\/salkomkozmetik\/\",\"https:\/\/www.linkedin.com\/company\/salkom-kozmetik\",\"https:\/\/www.pinterest.com\/salkomkozmetik\/\",\"https:\/\/www.youtube.com\/channel\/UCLRdJ8dZvenffT4rp-lWGeA\/\",\"https:\/\/www.facebook.com\/salkomkozmetikofficial\",\"https:\/\/twitter.com\/Salkom_Kozmetik\"],\"logo\":{\"@type\":\"ImageObject\",\"inLanguage\":\"tr\",\"@id\":\"https:\/\/www.salkom.com.tr\/#\/schema\/logo\/image\/\",\"url\":\"https:\/\/www.salkom.com.tr\/wp-content\/uploads\/2020\/07\/Salkom-Logo-V-1024x1024-1.png\",\"contentUrl\":\"https:\/\/www.salkom.com.tr\/wp-content\/uploads\/2020\/07\/Salkom-Logo-V-1024x1024-1.png\",\"width\":1024,\"height\":1024,\"caption\":\"Salkom Kozmetik\"},\"image\":{\"@id\":\"https:\/\/www.salkom.com.tr\/#\/schema\/logo\/image\/\"}}]}<\/script>\n<!-- \/ Yoast SEO Premium plugin. -->","yoast_head_json":{"title":"Sa\u00e7 A\u00e7\u0131c\u0131 Toz (Bleaching Powder) Violet - Mori | Salkom Kozmetik","description":"Sa\u00e7 Renk A\u00e7\u0131c\u0131 Toz (Bleaching Powder) Violet - Mori. Sa\u00e7 renginizi 7 tona kadar a\u00e7ar. T\u00fcm a\u00e7ma teknikleri i\u00e7in uygundur. Online Sipari\u015f!","robots":{"index":"index","follow":"follow","max-snippet":"max-snippet:-1","max-image-preview":"max-image-preview:large","max-video-preview":"max-video-preview:-1"},"canonical":"https:\/\/www.salkom.com.tr\/magaza\/kuafor-urunleri\/sac-acici-toz-bleaching-powder-violet-mori\/","og_locale":"tr_TR","og_type":"article","og_title":"Sa\u00e7 A\u00e7\u0131c\u0131 Toz (Bleaching Powder) Violet - Mori","og_description":"Sa\u00e7 Renk A\u00e7\u0131c\u0131 Toz (Bleaching Powder) Violet - Mori. Sa\u00e7 renginizi 7 tona kadar a\u00e7ar. T\u00fcm a\u00e7ma teknikleri i\u00e7in uygundur. Online Sipari\u015f!","og_url":"https:\/\/www.salkom.com.tr\/magaza\/kuafor-urunleri\/sac-acici-toz-bleaching-powder-violet-mori\/","og_site_name":"Salkom Kozmetik","article_publisher":"https:\/\/www.facebook.com\/salkomkozmetikofficial","article_modified_time":"2025-09-02T13:32:16+00:00","og_image":[{"width":1000,"height":1000,"url":"https:\/\/www.salkom.com.tr\/wp-content\/uploads\/2021\/08\/Sac-Acici-Toz-Violet-Mori.jpg","type":"image\/jpeg"}],"twitter_card":"summary_large_image","twitter_site":"@Salkom_Kozmetik","twitter_misc":{"Fiyat":"&#8378;1.000,00 &#8378;990,00 KDV Dahil","Availability":"In stock"},"schema":{"@context":"https:\/\/schema.org","@graph":[{"@type":["WebPage","ItemPage"],"@id":"https:\/\/www.salkom.com.tr\/magaza\/kuafor-urunleri\/sac-acici-toz-bleaching-powder-violet-mori\/","url":"https:\/\/www.salkom.com.tr\/magaza\/kuafor-urunleri\/sac-acici-toz-bleaching-powder-violet-mori\/","name":"Sa\u00e7 A\u00e7\u0131c\u0131 Toz (Bleaching Powder) Violet - Mori | Salkom Kozmetik","isPartOf":{"@id":"https:\/\/www.salkom.com.tr\/#website"},"datePublished":"2021-08-01T23:47:05+00:00","dateModified":"2025-09-02T13:32:16+00:00","description":"Sa\u00e7 Renk A\u00e7\u0131c\u0131 Toz (Bleaching Powder) Violet - Mori. Sa\u00e7 renginizi 7 tona kadar a\u00e7ar. T\u00fcm a\u00e7ma teknikleri i\u00e7in uygundur. Online Sipari\u015f!","breadcrumb":{"@id":"https:\/\/www.salkom.com.tr\/magaza\/kuafor-urunleri\/sac-acici-toz-bleaching-powder-violet-mori\/#breadcrumb"},"inLanguage":"tr","potentialAction":[{"@type":"ReadAction","target":["https:\/\/www.salkom.com.tr\/magaza\/kuafor-urunleri\/sac-acici-toz-bleaching-powder-violet-mori\/"]}]},{"@type":"BreadcrumbList","@id":"https:\/\/www.salkom.com.tr\/magaza\/kuafor-urunleri\/sac-acici-toz-bleaching-powder-violet-mori\/#breadcrumb","itemListElement":[{"@type":"ListItem","position":1,"name":"Ana sayfa","item":"https:\/\/www.salkom.com.tr\/"},{"@type":"ListItem","position":2,"name":"Sa\u00e7 A\u00e7\u0131c\u0131 Toz (Bleaching Powder) Violet &#8211; Mori"}]},{"@type":"WebSite","@id":"https:\/\/www.salkom.com.tr\/#website","url":"https:\/\/www.salkom.com.tr\/","name":"Salkom Kozmetik","description":"Bir Tutam Sa\u011fl\u0131k","publisher":{"@id":"https:\/\/www.salkom.com.tr\/#organization"},"potentialAction":[{"@type":"SearchAction","target":{"@type":"EntryPoint","urlTemplate":"https:\/\/www.salkom.com.tr\/?s={search_term_string}"},"query-input":"required name=search_term_string"}],"inLanguage":"tr"},{"@type":"Organization","@id":"https:\/\/www.salkom.com.tr\/#organization","name":"Salkom Kozmetik","url":"https:\/\/www.salkom.com.tr\/","sameAs":["https:\/\/www.instagram.com\/salkomkozmetik\/","https:\/\/www.linkedin.com\/company\/salkom-kozmetik","https:\/\/www.pinterest.com\/salkomkozmetik\/","https:\/\/www.youtube.com\/channel\/UCLRdJ8dZvenffT4rp-lWGeA\/","https:\/\/www.facebook.com\/salkomkozmetikofficial","https:\/\/twitter.com\/Salkom_Kozmetik"],"logo":{"@type":"ImageObject","inLanguage":"tr","@id":"https:\/\/www.salkom.com.tr\/#\/schema\/logo\/image\/","url":"https:\/\/www.salkom.com.tr\/wp-content\/uploads\/2020\/07\/Salkom-Logo-V-1024x1024-1.png","contentUrl":"https:\/\/www.salkom.com.tr\/wp-content\/uploads\/2020\/07\/Salkom-Logo-V-1024x1024-1.png","width":1024,"height":1024,"caption":"Salkom Kozmetik"},"image":{"@id":"https:\/\/www.salkom.com.tr\/#\/schema\/logo\/image\/"}}]}},"_links":{"self":[{"href":"https:\/\/www.salkom.com.tr\/en\/wp-json\/wp\/v2\/product\/7348"}],"collection":[{"href":"https:\/\/www.salkom.com.tr\/en\/wp-json\/wp\/v2\/product"}],"about":[{"href":"https:\/\/www.salkom.com.tr\/en\/wp-json\/wp\/v2\/types\/product"}],"replies":[{"embeddable":true,"href":"https:\/\/www.salkom.com.tr\/en\/wp-json\/wp\/v2\/comments?post=7348"}],"wp:featuredmedia":[{"embeddable":true,"href":"https:\/\/www.salkom.com.tr\/en\/wp-json\/wp\/v2\/media\/7380"}],"wp:attachment":[{"href":"https:\/\/www.salkom.com.tr\/en\/wp-json\/wp\/v2\/media?parent=7348"}],"wp:term":[{"taxonomy":"product_cat","embeddable":true,"href":"https:\/\/www.salkom.com.tr\/en\/wp-json\/wp\/v2\/product_cat?post=7348"},{"taxonomy":"product_tag","embeddable":true,"href":"https:\/\/www.salkom.com.tr\/en\/wp-json\/wp\/v2\/product_tag?post=7348"}],"curies":[{"name":"wp","href":"https:\/\/api.w.org\/{rel}","templated":true}]}}