{"id":7270,"date":"2021-08-02T02:45:45","date_gmt":"2021-08-01T23:45:45","guid":{"rendered":"https:\/\/www.salkom.com.tr\/?post_type=product&#038;p=7270"},"modified":"2024-01-30T11:21:29","modified_gmt":"2024-01-30T08:21:29","slug":"sarimsak-ginseng-ozlu-bitkisel-sampuan","status":"publish","type":"product","link":"https:\/\/www.salkom.com.tr\/en\/magaza\/cok-satanlar\/sarimsak-ginseng-ozlu-bitkisel-sampuan\/","title":{"rendered":"SARIMSAK &#038; G\u0130NSENG \u00d6ZL\u00dc B\u0130TK\u0130SEL \u015eAMPUAN"},"content":{"rendered":"<p>Salkom Sar\u0131msak ve Ginseng \u00d6zl\u00fc Bitkisel \u015eampuan, zenginle\u015ftirilmi\u015f \u00f6zel form\u00fcl\u00fc sayesinde sa\u00e7 yap\u0131s\u0131n\u0131n g\u00fc\u00e7lenmesine, sa\u00e7lar\u0131n k\u0131r\u0131lmalara kar\u015f\u0131 korunmas\u0131na ve sa\u00e7lar\u0131n nemlenmesine yard\u0131mc\u0131 olur.<\/p>\n","protected":false},"excerpt":{"rendered":"<p>Salkom Sar\u0131msak ve Ginseng \u00d6zl\u00fc Bitkisel \u015eampuan, zenginle\u015ftirilmi\u015f \u00f6zel form\u00fcl\u00fc sayesinde sa\u00e7 yap\u0131s\u0131n\u0131n g\u00fc\u00e7lenmesine, sa\u00e7lar\u0131n k\u0131r\u0131lmalara kar\u015f\u0131 korunmas\u0131na ve sa\u00e7lar\u0131n nemlenmesine yard\u0131mc\u0131 olur.<\/p>\n","protected":false},"featured_media":7959,"comment_status":"open","ping_status":"closed","template":"","meta":[],"product_cat":[590,591,593,596,597,600],"product_tag":[],"yoast_head":"<!-- This site is optimized with the Yoast SEO Premium plugin v16.5 (Yoast SEO v19.5.1) - https:\/\/yoast.com\/wordpress\/plugins\/seo\/ -->\n<title>SARIMSAK &amp; G\u0130NSENG \u00d6ZL\u00dc B\u0130TK\u0130SEL \u015eAMPUAN | Salkom Kozmetik<\/title>\n<meta name=\"robots\" content=\"index, follow, max-snippet:-1, max-image-preview:large, max-video-preview:-1\" \/>\n<link rel=\"canonical\" href=\"https:\/\/www.salkom.com.tr\/magaza\/cok-satanlar\/sarimsak-ginseng-ozlu-bitkisel-sampuan\/\" \/>\n<meta property=\"og:locale\" content=\"tr_TR\" \/>\n<meta property=\"og:type\" content=\"article\" \/>\n<meta property=\"og:title\" content=\"SARIMSAK &amp; G\u0130NSENG \u00d6ZL\u00dc B\u0130TK\u0130SEL \u015eAMPUAN\" \/>\n<meta property=\"og:description\" content=\"Salkom Sar\u0131msak ve Ginseng \u00d6zl\u00fc Bitkisel \u015eampuan, zenginle\u015ftirilmi\u015f \u00f6zel form\u00fcl\u00fc sayesinde sa\u00e7 yap\u0131s\u0131n\u0131n g\u00fc\u00e7lenmesine, sa\u00e7lar\u0131n k\u0131r\u0131lmalara kar\u015f\u0131 korunmas\u0131na ve sa\u00e7lar\u0131n nemlenmesine yard\u0131mc\u0131 olur.\" \/>\n<meta property=\"og:url\" content=\"https:\/\/www.salkom.com.tr\/magaza\/cok-satanlar\/sarimsak-ginseng-ozlu-bitkisel-sampuan\/\" \/>\n<meta property=\"og:site_name\" content=\"Salkom Kozmetik\" \/>\n<meta property=\"article:publisher\" content=\"https:\/\/www.facebook.com\/salkomkozmetikofficial\" \/>\n<meta property=\"article:modified_time\" content=\"2024-01-30T08:21:29+00:00\" \/>\n<meta property=\"og:image\" content=\"https:\/\/www.salkom.com.tr\/wp-content\/uploads\/2021\/08\/sarimsak-sampuani.png\" \/>\n\t<meta property=\"og:image:width\" content=\"600\" \/>\n\t<meta property=\"og:image:height\" content=\"900\" \/>\n\t<meta property=\"og:image:type\" content=\"image\/png\" \/>\n<meta name=\"twitter:card\" content=\"summary_large_image\" \/>\n<meta name=\"twitter:site\" content=\"@Salkom_Kozmetik\" \/>\n<meta name=\"twitter:label1\" content=\"Fiyat\" \/>\n\t<meta name=\"twitter:data1\" content=\"&#8378;350,00 KDV Dahil\" \/>\n\t<meta name=\"twitter:label2\" content=\"Availability\" \/>\n\t<meta name=\"twitter:data2\" content=\"In stock\" \/>\n<script type=\"application\/ld+json\" class=\"yoast-schema-graph\">{\"@context\":\"https:\/\/schema.org\",\"@graph\":[{\"@type\":[\"WebPage\",\"ItemPage\"],\"@id\":\"https:\/\/www.salkom.com.tr\/magaza\/cok-satanlar\/sarimsak-ginseng-ozlu-bitkisel-sampuan\/\",\"url\":\"https:\/\/www.salkom.com.tr\/magaza\/cok-satanlar\/sarimsak-ginseng-ozlu-bitkisel-sampuan\/\",\"name\":\"SARIMSAK & G\u0130NSENG \u00d6ZL\u00dc B\u0130TK\u0130SEL \u015eAMPUAN | Salkom Kozmetik\",\"isPartOf\":{\"@id\":\"https:\/\/www.salkom.com.tr\/#website\"},\"datePublished\":\"2021-08-01T23:45:45+00:00\",\"dateModified\":\"2024-01-30T08:21:29+00:00\",\"breadcrumb\":{\"@id\":\"https:\/\/www.salkom.com.tr\/magaza\/cok-satanlar\/sarimsak-ginseng-ozlu-bitkisel-sampuan\/#breadcrumb\"},\"inLanguage\":\"tr\",\"potentialAction\":[{\"@type\":\"ReadAction\",\"target\":[\"https:\/\/www.salkom.com.tr\/magaza\/cok-satanlar\/sarimsak-ginseng-ozlu-bitkisel-sampuan\/\"]}]},{\"@type\":\"BreadcrumbList\",\"@id\":\"https:\/\/www.salkom.com.tr\/magaza\/cok-satanlar\/sarimsak-ginseng-ozlu-bitkisel-sampuan\/#breadcrumb\",\"itemListElement\":[{\"@type\":\"ListItem\",\"position\":1,\"name\":\"Ana sayfa\",\"item\":\"https:\/\/www.salkom.com.tr\/\"},{\"@type\":\"ListItem\",\"position\":2,\"name\":\"SARIMSAK &#038; G\u0130NSENG \u00d6ZL\u00dc B\u0130TK\u0130SEL \u015eAMPUAN\"}]},{\"@type\":\"WebSite\",\"@id\":\"https:\/\/www.salkom.com.tr\/#website\",\"url\":\"https:\/\/www.salkom.com.tr\/\",\"name\":\"Salkom Kozmetik\",\"description\":\"Bir Tutam Sa\u011fl\u0131k\",\"publisher\":{\"@id\":\"https:\/\/www.salkom.com.tr\/#organization\"},\"potentialAction\":[{\"@type\":\"SearchAction\",\"target\":{\"@type\":\"EntryPoint\",\"urlTemplate\":\"https:\/\/www.salkom.com.tr\/?s={search_term_string}\"},\"query-input\":\"required name=search_term_string\"}],\"inLanguage\":\"tr\"},{\"@type\":\"Organization\",\"@id\":\"https:\/\/www.salkom.com.tr\/#organization\",\"name\":\"Salkom Kozmetik\",\"url\":\"https:\/\/www.salkom.com.tr\/\",\"sameAs\":[\"https:\/\/www.instagram.com\/salkomkozmetik\/\",\"https:\/\/www.linkedin.com\/company\/salkom-kozmetik\",\"https:\/\/www.pinterest.com\/salkomkozmetik\/\",\"https:\/\/www.youtube.com\/channel\/UCLRdJ8dZvenffT4rp-lWGeA\/\",\"https:\/\/www.facebook.com\/salkomkozmetikofficial\",\"https:\/\/twitter.com\/Salkom_Kozmetik\"],\"logo\":{\"@type\":\"ImageObject\",\"inLanguage\":\"tr\",\"@id\":\"https:\/\/www.salkom.com.tr\/#\/schema\/logo\/image\/\",\"url\":\"https:\/\/www.salkom.com.tr\/wp-content\/uploads\/2020\/07\/Salkom-Logo-V-1024x1024-1.png\",\"contentUrl\":\"https:\/\/www.salkom.com.tr\/wp-content\/uploads\/2020\/07\/Salkom-Logo-V-1024x1024-1.png\",\"width\":1024,\"height\":1024,\"caption\":\"Salkom Kozmetik\"},\"image\":{\"@id\":\"https:\/\/www.salkom.com.tr\/#\/schema\/logo\/image\/\"}}]}<\/script>\n<!-- \/ Yoast SEO Premium plugin. -->","yoast_head_json":{"title":"SARIMSAK & G\u0130NSENG \u00d6ZL\u00dc B\u0130TK\u0130SEL \u015eAMPUAN | Salkom Kozmetik","robots":{"index":"index","follow":"follow","max-snippet":"max-snippet:-1","max-image-preview":"max-image-preview:large","max-video-preview":"max-video-preview:-1"},"canonical":"https:\/\/www.salkom.com.tr\/magaza\/cok-satanlar\/sarimsak-ginseng-ozlu-bitkisel-sampuan\/","og_locale":"tr_TR","og_type":"article","og_title":"SARIMSAK & G\u0130NSENG \u00d6ZL\u00dc B\u0130TK\u0130SEL \u015eAMPUAN","og_description":"Salkom Sar\u0131msak ve Ginseng \u00d6zl\u00fc Bitkisel \u015eampuan, zenginle\u015ftirilmi\u015f \u00f6zel form\u00fcl\u00fc sayesinde sa\u00e7 yap\u0131s\u0131n\u0131n g\u00fc\u00e7lenmesine, sa\u00e7lar\u0131n k\u0131r\u0131lmalara kar\u015f\u0131 korunmas\u0131na ve sa\u00e7lar\u0131n nemlenmesine yard\u0131mc\u0131 olur.","og_url":"https:\/\/www.salkom.com.tr\/magaza\/cok-satanlar\/sarimsak-ginseng-ozlu-bitkisel-sampuan\/","og_site_name":"Salkom Kozmetik","article_publisher":"https:\/\/www.facebook.com\/salkomkozmetikofficial","article_modified_time":"2024-01-30T08:21:29+00:00","og_image":[{"width":600,"height":900,"url":"https:\/\/www.salkom.com.tr\/wp-content\/uploads\/2021\/08\/sarimsak-sampuani.png","type":"image\/png"}],"twitter_card":"summary_large_image","twitter_site":"@Salkom_Kozmetik","twitter_misc":{"Fiyat":"&#8378;350,00 KDV Dahil","Availability":"In stock"},"schema":{"@context":"https:\/\/schema.org","@graph":[{"@type":["WebPage","ItemPage"],"@id":"https:\/\/www.salkom.com.tr\/magaza\/cok-satanlar\/sarimsak-ginseng-ozlu-bitkisel-sampuan\/","url":"https:\/\/www.salkom.com.tr\/magaza\/cok-satanlar\/sarimsak-ginseng-ozlu-bitkisel-sampuan\/","name":"SARIMSAK & G\u0130NSENG \u00d6ZL\u00dc B\u0130TK\u0130SEL \u015eAMPUAN | Salkom Kozmetik","isPartOf":{"@id":"https:\/\/www.salkom.com.tr\/#website"},"datePublished":"2021-08-01T23:45:45+00:00","dateModified":"2024-01-30T08:21:29+00:00","breadcrumb":{"@id":"https:\/\/www.salkom.com.tr\/magaza\/cok-satanlar\/sarimsak-ginseng-ozlu-bitkisel-sampuan\/#breadcrumb"},"inLanguage":"tr","potentialAction":[{"@type":"ReadAction","target":["https:\/\/www.salkom.com.tr\/magaza\/cok-satanlar\/sarimsak-ginseng-ozlu-bitkisel-sampuan\/"]}]},{"@type":"BreadcrumbList","@id":"https:\/\/www.salkom.com.tr\/magaza\/cok-satanlar\/sarimsak-ginseng-ozlu-bitkisel-sampuan\/#breadcrumb","itemListElement":[{"@type":"ListItem","position":1,"name":"Ana sayfa","item":"https:\/\/www.salkom.com.tr\/"},{"@type":"ListItem","position":2,"name":"SARIMSAK &#038; G\u0130NSENG \u00d6ZL\u00dc B\u0130TK\u0130SEL \u015eAMPUAN"}]},{"@type":"WebSite","@id":"https:\/\/www.salkom.com.tr\/#website","url":"https:\/\/www.salkom.com.tr\/","name":"Salkom Kozmetik","description":"Bir Tutam Sa\u011fl\u0131k","publisher":{"@id":"https:\/\/www.salkom.com.tr\/#organization"},"potentialAction":[{"@type":"SearchAction","target":{"@type":"EntryPoint","urlTemplate":"https:\/\/www.salkom.com.tr\/?s={search_term_string}"},"query-input":"required name=search_term_string"}],"inLanguage":"tr"},{"@type":"Organization","@id":"https:\/\/www.salkom.com.tr\/#organization","name":"Salkom Kozmetik","url":"https:\/\/www.salkom.com.tr\/","sameAs":["https:\/\/www.instagram.com\/salkomkozmetik\/","https:\/\/www.linkedin.com\/company\/salkom-kozmetik","https:\/\/www.pinterest.com\/salkomkozmetik\/","https:\/\/www.youtube.com\/channel\/UCLRdJ8dZvenffT4rp-lWGeA\/","https:\/\/www.facebook.com\/salkomkozmetikofficial","https:\/\/twitter.com\/Salkom_Kozmetik"],"logo":{"@type":"ImageObject","inLanguage":"tr","@id":"https:\/\/www.salkom.com.tr\/#\/schema\/logo\/image\/","url":"https:\/\/www.salkom.com.tr\/wp-content\/uploads\/2020\/07\/Salkom-Logo-V-1024x1024-1.png","contentUrl":"https:\/\/www.salkom.com.tr\/wp-content\/uploads\/2020\/07\/Salkom-Logo-V-1024x1024-1.png","width":1024,"height":1024,"caption":"Salkom Kozmetik"},"image":{"@id":"https:\/\/www.salkom.com.tr\/#\/schema\/logo\/image\/"}}]}},"_links":{"self":[{"href":"https:\/\/www.salkom.com.tr\/en\/wp-json\/wp\/v2\/product\/7270"}],"collection":[{"href":"https:\/\/www.salkom.com.tr\/en\/wp-json\/wp\/v2\/product"}],"about":[{"href":"https:\/\/www.salkom.com.tr\/en\/wp-json\/wp\/v2\/types\/product"}],"replies":[{"embeddable":true,"href":"https:\/\/www.salkom.com.tr\/en\/wp-json\/wp\/v2\/comments?post=7270"}],"wp:featuredmedia":[{"embeddable":true,"href":"https:\/\/www.salkom.com.tr\/en\/wp-json\/wp\/v2\/media\/7959"}],"wp:attachment":[{"href":"https:\/\/www.salkom.com.tr\/en\/wp-json\/wp\/v2\/media?parent=7270"}],"wp:term":[{"taxonomy":"product_cat","embeddable":true,"href":"https:\/\/www.salkom.com.tr\/en\/wp-json\/wp\/v2\/product_cat?post=7270"},{"taxonomy":"product_tag","embeddable":true,"href":"https:\/\/www.salkom.com.tr\/en\/wp-json\/wp\/v2\/product_tag?post=7270"}],"curies":[{"name":"wp","href":"https:\/\/api.w.org\/{rel}","templated":true}]}}