{"id":9,"date":"2020-06-29T00:49:56","date_gmt":"2020-06-28T21:49:56","guid":{"rendered":"https:\/\/salkom.emretoraman.com\/magaza\/"},"modified":"2020-08-28T00:39:45","modified_gmt":"2020-08-27T21:39:45","slug":"magaza","status":"publish","type":"page","link":"https:\/\/www.salkom.com.tr\/en\/magaza\/","title":{"rendered":"Ma\u011faza"},"content":{"rendered":"","protected":false},"excerpt":{"rendered":"","protected":false},"author":1,"featured_media":3229,"parent":0,"menu_order":7,"comment_status":"closed","ping_status":"closed","template":"","meta":[],"yoast_head":"<!-- This site is optimized with the Yoast SEO Premium plugin v16.5 (Yoast SEO v19.5.1) - https:\/\/yoast.com\/wordpress\/plugins\/seo\/ -->\n<title>E-Ma\u011faza | \u00c7evrim \u0130\u00e7i Al\u0131\u015fveri\u015f | Salkom Kozmetik<\/title>\n<meta name=\"description\" content=\"Salkom Kozmetik, Cilt Bak\u0131m, Sa\u00e7 Bak\u0131m, Kuaf\u00f6r \u00dcr\u00fcnleri gibi bir \u00e7ok Do\u011fal &amp; Bitkisel \u00fcr\u00fcnleri buradan \u00e7evrim i\u00e7i sipari\u015f verebilirsiniz.\" \/>\n<meta name=\"robots\" content=\"index, follow, max-snippet:-1, max-image-preview:large, max-video-preview:-1\" \/>\n<link rel=\"canonical\" href=\"https:\/\/www.salkom.com.tr\/magaza\/\" \/>\n<meta property=\"og:locale\" content=\"tr_TR\" \/>\n<meta property=\"og:type\" content=\"article\" \/>\n<meta property=\"og:title\" content=\"Ma\u011faza\" \/>\n<meta property=\"og:description\" content=\"Salkom Kozmetik, Cilt Bak\u0131m, Sa\u00e7 Bak\u0131m, Kuaf\u00f6r \u00dcr\u00fcnleri gibi bir \u00e7ok Do\u011fal &amp; Bitkisel \u00fcr\u00fcnleri buradan \u00e7evrim i\u00e7i sipari\u015f verebilirsiniz.\" \/>\n<meta property=\"og:url\" content=\"https:\/\/www.salkom.com.tr\/magaza\/\" \/>\n<meta property=\"og:site_name\" content=\"Salkom Kozmetik\" \/>\n<meta property=\"article:publisher\" content=\"https:\/\/www.facebook.com\/salkomkozmetikofficial\" \/>\n<meta property=\"article:modified_time\" content=\"2020-08-27T21:39:45+00:00\" \/>\n<meta property=\"og:image\" content=\"https:\/\/www.salkom.com.tr\/wp-content\/uploads\/2020\/07\/Salkom-Logo-V-512x512-1.png\" \/>\n\t<meta property=\"og:image:width\" content=\"512\" \/>\n\t<meta property=\"og:image:height\" content=\"512\" \/>\n\t<meta property=\"og:image:type\" content=\"image\/png\" \/>\n<meta name=\"twitter:card\" content=\"summary_large_image\" \/>\n<meta name=\"twitter:site\" content=\"@Salkom_Kozmetik\" \/>\n<script type=\"application\/ld+json\" class=\"yoast-schema-graph\">{\"@context\":\"https:\/\/schema.org\",\"@graph\":[{\"@type\":[\"WebPage\",\"ItemPage\"],\"@id\":\"https:\/\/www.salkom.com.tr\/magaza\/\",\"url\":\"https:\/\/www.salkom.com.tr\/magaza\/\",\"name\":\"E-Ma\u011faza | \u00c7evrim \u0130\u00e7i Al\u0131\u015fveri\u015f | Salkom Kozmetik\",\"isPartOf\":{\"@id\":\"https:\/\/www.salkom.com.tr\/#website\"},\"datePublished\":\"2020-06-28T21:49:56+00:00\",\"dateModified\":\"2020-08-27T21:39:45+00:00\",\"description\":\"Salkom Kozmetik, Cilt Bak\u0131m, Sa\u00e7 Bak\u0131m, Kuaf\u00f6r \u00dcr\u00fcnleri gibi bir \u00e7ok Do\u011fal & Bitkisel \u00fcr\u00fcnleri buradan \u00e7evrim i\u00e7i sipari\u015f verebilirsiniz.\",\"breadcrumb\":{\"@id\":\"https:\/\/www.salkom.com.tr\/magaza\/#breadcrumb\"},\"inLanguage\":\"tr\",\"potentialAction\":[{\"@type\":\"ReadAction\",\"target\":[\"https:\/\/www.salkom.com.tr\/magaza\/\"]}]},{\"@type\":\"BreadcrumbList\",\"@id\":\"https:\/\/www.salkom.com.tr\/magaza\/#breadcrumb\",\"itemListElement\":[{\"@type\":\"ListItem\",\"position\":1,\"name\":\"Ana sayfa\",\"item\":\"https:\/\/www.salkom.com.tr\/\"},{\"@type\":\"ListItem\",\"position\":2,\"name\":\"Ma\u011faza\"}]},{\"@type\":\"WebSite\",\"@id\":\"https:\/\/www.salkom.com.tr\/#website\",\"url\":\"https:\/\/www.salkom.com.tr\/\",\"name\":\"Salkom Kozmetik\",\"description\":\"Bir Tutam Sa\u011fl\u0131k\",\"publisher\":{\"@id\":\"https:\/\/www.salkom.com.tr\/#organization\"},\"potentialAction\":[{\"@type\":\"SearchAction\",\"target\":{\"@type\":\"EntryPoint\",\"urlTemplate\":\"https:\/\/www.salkom.com.tr\/?s={search_term_string}\"},\"query-input\":\"required name=search_term_string\"}],\"inLanguage\":\"tr\"},{\"@type\":\"Organization\",\"@id\":\"https:\/\/www.salkom.com.tr\/#organization\",\"name\":\"Salkom Kozmetik\",\"url\":\"https:\/\/www.salkom.com.tr\/\",\"sameAs\":[\"https:\/\/www.instagram.com\/salkomkozmetik\/\",\"https:\/\/www.linkedin.com\/company\/salkom-kozmetik\",\"https:\/\/www.pinterest.com\/salkomkozmetik\/\",\"https:\/\/www.youtube.com\/channel\/UCLRdJ8dZvenffT4rp-lWGeA\/\",\"https:\/\/www.facebook.com\/salkomkozmetikofficial\",\"https:\/\/twitter.com\/Salkom_Kozmetik\"],\"logo\":{\"@type\":\"ImageObject\",\"inLanguage\":\"tr\",\"@id\":\"https:\/\/www.salkom.com.tr\/#\/schema\/logo\/image\/\",\"url\":\"https:\/\/www.salkom.com.tr\/wp-content\/uploads\/2020\/07\/Salkom-Logo-V-1024x1024-1.png\",\"contentUrl\":\"https:\/\/www.salkom.com.tr\/wp-content\/uploads\/2020\/07\/Salkom-Logo-V-1024x1024-1.png\",\"width\":1024,\"height\":1024,\"caption\":\"Salkom Kozmetik\"},\"image\":{\"@id\":\"https:\/\/www.salkom.com.tr\/#\/schema\/logo\/image\/\"}}]}<\/script>\n<!-- \/ Yoast SEO Premium plugin. -->","yoast_head_json":{"title":"E-Ma\u011faza | \u00c7evrim \u0130\u00e7i Al\u0131\u015fveri\u015f | Salkom Kozmetik","description":"Salkom Kozmetik, Cilt Bak\u0131m, Sa\u00e7 Bak\u0131m, Kuaf\u00f6r \u00dcr\u00fcnleri gibi bir \u00e7ok Do\u011fal & Bitkisel \u00fcr\u00fcnleri buradan \u00e7evrim i\u00e7i sipari\u015f verebilirsiniz.","robots":{"index":"index","follow":"follow","max-snippet":"max-snippet:-1","max-image-preview":"max-image-preview:large","max-video-preview":"max-video-preview:-1"},"canonical":"https:\/\/www.salkom.com.tr\/magaza\/","og_locale":"tr_TR","og_type":"article","og_title":"Ma\u011faza","og_description":"Salkom Kozmetik, Cilt Bak\u0131m, Sa\u00e7 Bak\u0131m, Kuaf\u00f6r \u00dcr\u00fcnleri gibi bir \u00e7ok Do\u011fal & Bitkisel \u00fcr\u00fcnleri buradan \u00e7evrim i\u00e7i sipari\u015f verebilirsiniz.","og_url":"https:\/\/www.salkom.com.tr\/magaza\/","og_site_name":"Salkom Kozmetik","article_publisher":"https:\/\/www.facebook.com\/salkomkozmetikofficial","article_modified_time":"2020-08-27T21:39:45+00:00","og_image":[{"width":512,"height":512,"url":"https:\/\/www.salkom.com.tr\/wp-content\/uploads\/2020\/07\/Salkom-Logo-V-512x512-1.png","type":"image\/png"}],"twitter_card":"summary_large_image","twitter_site":"@Salkom_Kozmetik","schema":{"@context":"https:\/\/schema.org","@graph":[{"@type":["WebPage","ItemPage"],"@id":"https:\/\/www.salkom.com.tr\/magaza\/","url":"https:\/\/www.salkom.com.tr\/magaza\/","name":"E-Ma\u011faza | \u00c7evrim \u0130\u00e7i Al\u0131\u015fveri\u015f | Salkom Kozmetik","isPartOf":{"@id":"https:\/\/www.salkom.com.tr\/#website"},"datePublished":"2020-06-28T21:49:56+00:00","dateModified":"2020-08-27T21:39:45+00:00","description":"Salkom Kozmetik, Cilt Bak\u0131m, Sa\u00e7 Bak\u0131m, Kuaf\u00f6r \u00dcr\u00fcnleri gibi bir \u00e7ok Do\u011fal & Bitkisel \u00fcr\u00fcnleri buradan \u00e7evrim i\u00e7i sipari\u015f verebilirsiniz.","breadcrumb":{"@id":"https:\/\/www.salkom.com.tr\/magaza\/#breadcrumb"},"inLanguage":"tr","potentialAction":[{"@type":"ReadAction","target":["https:\/\/www.salkom.com.tr\/magaza\/"]}]},{"@type":"BreadcrumbList","@id":"https:\/\/www.salkom.com.tr\/magaza\/#breadcrumb","itemListElement":[{"@type":"ListItem","position":1,"name":"Ana sayfa","item":"https:\/\/www.salkom.com.tr\/"},{"@type":"ListItem","position":2,"name":"Ma\u011faza"}]},{"@type":"WebSite","@id":"https:\/\/www.salkom.com.tr\/#website","url":"https:\/\/www.salkom.com.tr\/","name":"Salkom Kozmetik","description":"Bir Tutam Sa\u011fl\u0131k","publisher":{"@id":"https:\/\/www.salkom.com.tr\/#organization"},"potentialAction":[{"@type":"SearchAction","target":{"@type":"EntryPoint","urlTemplate":"https:\/\/www.salkom.com.tr\/?s={search_term_string}"},"query-input":"required name=search_term_string"}],"inLanguage":"tr"},{"@type":"Organization","@id":"https:\/\/www.salkom.com.tr\/#organization","name":"Salkom Kozmetik","url":"https:\/\/www.salkom.com.tr\/","sameAs":["https:\/\/www.instagram.com\/salkomkozmetik\/","https:\/\/www.linkedin.com\/company\/salkom-kozmetik","https:\/\/www.pinterest.com\/salkomkozmetik\/","https:\/\/www.youtube.com\/channel\/UCLRdJ8dZvenffT4rp-lWGeA\/","https:\/\/www.facebook.com\/salkomkozmetikofficial","https:\/\/twitter.com\/Salkom_Kozmetik"],"logo":{"@type":"ImageObject","inLanguage":"tr","@id":"https:\/\/www.salkom.com.tr\/#\/schema\/logo\/image\/","url":"https:\/\/www.salkom.com.tr\/wp-content\/uploads\/2020\/07\/Salkom-Logo-V-1024x1024-1.png","contentUrl":"https:\/\/www.salkom.com.tr\/wp-content\/uploads\/2020\/07\/Salkom-Logo-V-1024x1024-1.png","width":1024,"height":1024,"caption":"Salkom Kozmetik"},"image":{"@id":"https:\/\/www.salkom.com.tr\/#\/schema\/logo\/image\/"}}]}},"_links":{"self":[{"href":"https:\/\/www.salkom.com.tr\/en\/wp-json\/wp\/v2\/pages\/9"}],"collection":[{"href":"https:\/\/www.salkom.com.tr\/en\/wp-json\/wp\/v2\/pages"}],"about":[{"href":"https:\/\/www.salkom.com.tr\/en\/wp-json\/wp\/v2\/types\/page"}],"author":[{"embeddable":true,"href":"https:\/\/www.salkom.com.tr\/en\/wp-json\/wp\/v2\/users\/1"}],"replies":[{"embeddable":true,"href":"https:\/\/www.salkom.com.tr\/en\/wp-json\/wp\/v2\/comments?post=9"}],"version-history":[{"count":1,"href":"https:\/\/www.salkom.com.tr\/en\/wp-json\/wp\/v2\/pages\/9\/revisions"}],"predecessor-version":[{"id":7721,"href":"https:\/\/www.salkom.com.tr\/en\/wp-json\/wp\/v2\/pages\/9\/revisions\/7721"}],"wp:featuredmedia":[{"embeddable":true,"href":"https:\/\/www.salkom.com.tr\/en\/wp-json\/wp\/v2\/media\/3229"}],"wp:attachment":[{"href":"https:\/\/www.salkom.com.tr\/en\/wp-json\/wp\/v2\/media?parent=9"}],"curies":[{"name":"wp","href":"https:\/\/api.w.org\/{rel}","templated":true}]}}