{"id":7228,"date":"2021-07-27T16:37:47","date_gmt":"2021-07-27T13:37:47","guid":{"rendered":"https:\/\/salkom.paralaks.net\/?page_id=5637"},"modified":"2021-07-27T16:37:47","modified_gmt":"2021-07-27T13:37:47","slug":"banka-hesaplarimiz","status":"publish","type":"page","link":"https:\/\/www.salkom.com.tr\/en\/banka-hesaplarimiz\/","title":{"rendered":"Banka Hesaplar\u0131m\u0131z"},"content":{"rendered":"<h2>HAVALE \/ EFT \u00f6demelerinizi a\u015fa\u011f\u0131daki banka hesaplar\u0131m\u0131za yapabilirsiniz.<\/h2>\n<div class=\"product-accordion active\">\n<div class=\"acc-title\">GARANT\u0130 BBVA &#8211; TL \u20ba<\/p>\n<div class=\"accordion-icon\">\n<div class=\"pmw\">\n<div class=\"plus\"><\/div>\n<\/div>\n<\/div>\n<\/div>\n<div class=\"accordion-detail\" style=\"display: block;\"><strong>Al\u0131c\u0131 Ad\u0131:<\/strong>\u00a0Salkom Kozmetik Turizm Orman \u00dcr\u00fcn \u0130th. \u0130hr. Tic. Ltd. \u015eti.<br \/>\n<strong>\u015eube Kodu \/ Ad\u0131:<\/strong>\u00a01120 \/ Tekstilkent<br \/>\n<strong>Hesap No:<\/strong>\u00a06298655<br \/>\n<strong>IBAN:<\/strong>\u00a0TR06 0006 2001 1200 0006 2986 55<br \/>\n<strong>BIC\/SWIFT:<\/strong>\u00a0TGBATRISXXX<\/div>\n<\/div>\n<div class=\"product-accordion\">\n<div class=\"acc-title\">T\u00dcRK\u0130YE F\u0130NANS BANKASI &#8211; TL \u20ba<\/p>\n<div class=\"accordion-icon\">\n<div class=\"pmw\">\n<div class=\"plus\"><\/div>\n<\/div>\n<\/div>\n<\/div>\n<div class=\"accordion-detail\" style=\"display: none;\"><strong>Al\u0131c\u0131 Ad\u0131:<\/strong>\u00a0Salkom Kozmetik Turizm Orman \u00dcr\u00fcn \u0130th. \u0130hr. Tic. Ltd. \u015eti.<br \/>\n<strong>\u015eube Kodu \/ Ad\u0131:<\/strong>\u00a0280 \/ Ba\u015fak\u015fehir<br \/>\n<strong>Hesap No:<\/strong>\u00a03090761<br \/>\n<strong>IBAN:<\/strong>\u00a0TR11 0020 6002 8003 0907 6100 01<\/div>\n<\/div>\n<p>\u00d6demelerinizi ger\u00e7ekle\u015ftirirken l\u00fctfen\u00a0<strong>a\u00e7\u0131klama<\/strong>\u00a0k\u0131sm\u0131na\u00a0<strong>sipari\u015f numaran\u0131z\u0131<\/strong>\u00a0mutlaka yaz\u0131n\u0131z!<\/p>\n<p>\u00d6demeyi ger\u00e7ekle\u015ftirdikten sonra, s\u00fcrecin daha h\u0131zl\u0131 i\u015flemesi i\u00e7in\u00a0<strong>siparis@salkom.com.tr<\/strong>\u00a0\u2018ye veya\u00a0<strong>Whatsapp<\/strong>\u2018tan sipari\u015f numaran\u0131z\u0131 ve dekontunuzu iletebilirsiniz.<\/p>\n<p>7 g\u00fcn i\u00e7erisinde \u00f6demesi ula\u015fmam\u0131\u015f sipari\u015fler iptal edilir.<\/p>\n","protected":false},"excerpt":{"rendered":"<p>HAVALE \/ EFT \u00f6demelerinizi a\u015fa\u011f\u0131daki banka hesaplar\u0131m\u0131za yapabilirsiniz. GARANT\u0130 BBVA &#8211; TL \u20ba Al\u0131c\u0131 Ad\u0131:\u00a0Salkom Kozmetik Turizm Orman \u00dcr\u00fcn \u0130th. \u0130hr. Tic. Ltd. \u015eti. \u015eube Kodu \/ Ad\u0131:\u00a01120 \/ Tekstilkent Hesap No:\u00a06298655 IBAN:\u00a0TR06 0006 2001 1200 0006 2986 55 BIC\/SWIFT:\u00a0TGBATRISXXX T\u00dcRK\u0130YE F\u0130NANS BANKASI &#8211; TL \u20ba Al\u0131c\u0131 Ad\u0131:\u00a0Salkom Kozmetik Turizm Orman \u00dcr\u00fcn \u0130th. \u0130hr. Tic. [&hellip;]<\/p>\n","protected":false},"author":12,"featured_media":-1,"parent":0,"menu_order":9,"comment_status":"closed","ping_status":"closed","template":"","meta":[],"yoast_head":"<!-- This site is optimized with the Yoast SEO Premium plugin v16.5 (Yoast SEO v19.5.1) - https:\/\/yoast.com\/wordpress\/plugins\/seo\/ -->\n<title>Banka Hesaplar\u0131m\u0131z | Salkom Kozmetik<\/title>\n<meta name=\"robots\" content=\"index, follow, max-snippet:-1, max-image-preview:large, max-video-preview:-1\" \/>\n<link rel=\"canonical\" href=\"https:\/\/www.salkom.com.tr\/banka-hesaplarimiz\/\" \/>\n<meta property=\"og:locale\" content=\"tr_TR\" \/>\n<meta property=\"og:type\" content=\"article\" \/>\n<meta property=\"og:title\" content=\"Banka Hesaplar\u0131m\u0131z\" \/>\n<meta property=\"og:description\" content=\"HAVALE \/ EFT \u00f6demelerinizi a\u015fa\u011f\u0131daki banka hesaplar\u0131m\u0131za yapabilirsiniz. GARANT\u0130 BBVA &#8211; TL \u20ba Al\u0131c\u0131 Ad\u0131:\u00a0Salkom Kozmetik Turizm Orman \u00dcr\u00fcn \u0130th. \u0130hr. Tic. Ltd. \u015eti. \u015eube Kodu \/ Ad\u0131:\u00a01120 \/ Tekstilkent Hesap No:\u00a06298655 IBAN:\u00a0TR06 0006 2001 1200 0006 2986 55 BIC\/SWIFT:\u00a0TGBATRISXXX T\u00dcRK\u0130YE F\u0130NANS BANKASI &#8211; TL \u20ba Al\u0131c\u0131 Ad\u0131:\u00a0Salkom Kozmetik Turizm Orman \u00dcr\u00fcn \u0130th. \u0130hr. Tic. [&hellip;]\" \/>\n<meta property=\"og:url\" content=\"https:\/\/www.salkom.com.tr\/banka-hesaplarimiz\/\" \/>\n<meta property=\"og:site_name\" content=\"Salkom Kozmetik\" \/>\n<meta property=\"article:publisher\" content=\"https:\/\/www.facebook.com\/salkomkozmetikofficial\" \/>\n<meta property=\"og:image\" content=\"https:\/\/www.salkom.com.tr\/wp-content\/uploads\/2020\/07\/Salkom-Logo-V-1024x1024-1.png\" \/>\n\t<meta property=\"og:image:width\" content=\"1024\" \/>\n\t<meta property=\"og:image:height\" content=\"1024\" \/>\n\t<meta property=\"og:image:type\" content=\"image\/png\" \/>\n<meta name=\"twitter:card\" content=\"summary_large_image\" \/>\n<meta name=\"twitter:site\" content=\"@Salkom_Kozmetik\" \/>\n<meta name=\"twitter:label1\" content=\"Tahmini okuma s\u00fcresi\" \/>\n\t<meta name=\"twitter:data1\" content=\"1 dakika\" \/>\n<script type=\"application\/ld+json\" class=\"yoast-schema-graph\">{\"@context\":\"https:\/\/schema.org\",\"@graph\":[{\"@type\":\"WebPage\",\"@id\":\"https:\/\/www.salkom.com.tr\/banka-hesaplarimiz\/\",\"url\":\"https:\/\/www.salkom.com.tr\/banka-hesaplarimiz\/\",\"name\":\"Banka Hesaplar\u0131m\u0131z | Salkom Kozmetik\",\"isPartOf\":{\"@id\":\"https:\/\/www.salkom.com.tr\/#website\"},\"datePublished\":\"2021-07-27T13:37:47+00:00\",\"dateModified\":\"2021-07-27T13:37:47+00:00\",\"breadcrumb\":{\"@id\":\"https:\/\/www.salkom.com.tr\/banka-hesaplarimiz\/#breadcrumb\"},\"inLanguage\":\"tr\",\"potentialAction\":[{\"@type\":\"ReadAction\",\"target\":[\"https:\/\/www.salkom.com.tr\/banka-hesaplarimiz\/\"]}]},{\"@type\":\"BreadcrumbList\",\"@id\":\"https:\/\/www.salkom.com.tr\/banka-hesaplarimiz\/#breadcrumb\",\"itemListElement\":[{\"@type\":\"ListItem\",\"position\":1,\"name\":\"Ana sayfa\",\"item\":\"https:\/\/www.salkom.com.tr\/\"},{\"@type\":\"ListItem\",\"position\":2,\"name\":\"Banka Hesaplar\u0131m\u0131z\"}]},{\"@type\":\"WebSite\",\"@id\":\"https:\/\/www.salkom.com.tr\/#website\",\"url\":\"https:\/\/www.salkom.com.tr\/\",\"name\":\"Salkom Kozmetik\",\"description\":\"Bir Tutam Sa\u011fl\u0131k\",\"publisher\":{\"@id\":\"https:\/\/www.salkom.com.tr\/#organization\"},\"potentialAction\":[{\"@type\":\"SearchAction\",\"target\":{\"@type\":\"EntryPoint\",\"urlTemplate\":\"https:\/\/www.salkom.com.tr\/?s={search_term_string}\"},\"query-input\":\"required name=search_term_string\"}],\"inLanguage\":\"tr\"},{\"@type\":\"Organization\",\"@id\":\"https:\/\/www.salkom.com.tr\/#organization\",\"name\":\"Salkom Kozmetik\",\"url\":\"https:\/\/www.salkom.com.tr\/\",\"sameAs\":[\"https:\/\/www.instagram.com\/salkomkozmetik\/\",\"https:\/\/www.linkedin.com\/company\/salkom-kozmetik\",\"https:\/\/www.pinterest.com\/salkomkozmetik\/\",\"https:\/\/www.youtube.com\/channel\/UCLRdJ8dZvenffT4rp-lWGeA\/\",\"https:\/\/www.facebook.com\/salkomkozmetikofficial\",\"https:\/\/twitter.com\/Salkom_Kozmetik\"],\"logo\":{\"@type\":\"ImageObject\",\"inLanguage\":\"tr\",\"@id\":\"https:\/\/www.salkom.com.tr\/#\/schema\/logo\/image\/\",\"url\":\"https:\/\/www.salkom.com.tr\/wp-content\/uploads\/2020\/07\/Salkom-Logo-V-1024x1024-1.png\",\"contentUrl\":\"https:\/\/www.salkom.com.tr\/wp-content\/uploads\/2020\/07\/Salkom-Logo-V-1024x1024-1.png\",\"width\":1024,\"height\":1024,\"caption\":\"Salkom Kozmetik\"},\"image\":{\"@id\":\"https:\/\/www.salkom.com.tr\/#\/schema\/logo\/image\/\"}}]}<\/script>\n<!-- \/ Yoast SEO Premium plugin. -->","yoast_head_json":{"title":"Banka Hesaplar\u0131m\u0131z | Salkom Kozmetik","robots":{"index":"index","follow":"follow","max-snippet":"max-snippet:-1","max-image-preview":"max-image-preview:large","max-video-preview":"max-video-preview:-1"},"canonical":"https:\/\/www.salkom.com.tr\/banka-hesaplarimiz\/","og_locale":"tr_TR","og_type":"article","og_title":"Banka Hesaplar\u0131m\u0131z","og_description":"HAVALE \/ EFT \u00f6demelerinizi a\u015fa\u011f\u0131daki banka hesaplar\u0131m\u0131za yapabilirsiniz. GARANT\u0130 BBVA &#8211; TL \u20ba Al\u0131c\u0131 Ad\u0131:\u00a0Salkom Kozmetik Turizm Orman \u00dcr\u00fcn \u0130th. \u0130hr. Tic. Ltd. \u015eti. \u015eube Kodu \/ Ad\u0131:\u00a01120 \/ Tekstilkent Hesap No:\u00a06298655 IBAN:\u00a0TR06 0006 2001 1200 0006 2986 55 BIC\/SWIFT:\u00a0TGBATRISXXX T\u00dcRK\u0130YE F\u0130NANS BANKASI &#8211; TL \u20ba Al\u0131c\u0131 Ad\u0131:\u00a0Salkom Kozmetik Turizm Orman \u00dcr\u00fcn \u0130th. \u0130hr. Tic. [&hellip;]","og_url":"https:\/\/www.salkom.com.tr\/banka-hesaplarimiz\/","og_site_name":"Salkom Kozmetik","article_publisher":"https:\/\/www.facebook.com\/salkomkozmetikofficial","og_image":[{"width":1024,"height":1024,"url":"https:\/\/www.salkom.com.tr\/wp-content\/uploads\/2020\/07\/Salkom-Logo-V-1024x1024-1.png","type":"image\/png"}],"twitter_card":"summary_large_image","twitter_site":"@Salkom_Kozmetik","twitter_misc":{"Tahmini okuma s\u00fcresi":"1 dakika"},"schema":{"@context":"https:\/\/schema.org","@graph":[{"@type":"WebPage","@id":"https:\/\/www.salkom.com.tr\/banka-hesaplarimiz\/","url":"https:\/\/www.salkom.com.tr\/banka-hesaplarimiz\/","name":"Banka Hesaplar\u0131m\u0131z | Salkom Kozmetik","isPartOf":{"@id":"https:\/\/www.salkom.com.tr\/#website"},"datePublished":"2021-07-27T13:37:47+00:00","dateModified":"2021-07-27T13:37:47+00:00","breadcrumb":{"@id":"https:\/\/www.salkom.com.tr\/banka-hesaplarimiz\/#breadcrumb"},"inLanguage":"tr","potentialAction":[{"@type":"ReadAction","target":["https:\/\/www.salkom.com.tr\/banka-hesaplarimiz\/"]}]},{"@type":"BreadcrumbList","@id":"https:\/\/www.salkom.com.tr\/banka-hesaplarimiz\/#breadcrumb","itemListElement":[{"@type":"ListItem","position":1,"name":"Ana sayfa","item":"https:\/\/www.salkom.com.tr\/"},{"@type":"ListItem","position":2,"name":"Banka Hesaplar\u0131m\u0131z"}]},{"@type":"WebSite","@id":"https:\/\/www.salkom.com.tr\/#website","url":"https:\/\/www.salkom.com.tr\/","name":"Salkom Kozmetik","description":"Bir Tutam Sa\u011fl\u0131k","publisher":{"@id":"https:\/\/www.salkom.com.tr\/#organization"},"potentialAction":[{"@type":"SearchAction","target":{"@type":"EntryPoint","urlTemplate":"https:\/\/www.salkom.com.tr\/?s={search_term_string}"},"query-input":"required name=search_term_string"}],"inLanguage":"tr"},{"@type":"Organization","@id":"https:\/\/www.salkom.com.tr\/#organization","name":"Salkom Kozmetik","url":"https:\/\/www.salkom.com.tr\/","sameAs":["https:\/\/www.instagram.com\/salkomkozmetik\/","https:\/\/www.linkedin.com\/company\/salkom-kozmetik","https:\/\/www.pinterest.com\/salkomkozmetik\/","https:\/\/www.youtube.com\/channel\/UCLRdJ8dZvenffT4rp-lWGeA\/","https:\/\/www.facebook.com\/salkomkozmetikofficial","https:\/\/twitter.com\/Salkom_Kozmetik"],"logo":{"@type":"ImageObject","inLanguage":"tr","@id":"https:\/\/www.salkom.com.tr\/#\/schema\/logo\/image\/","url":"https:\/\/www.salkom.com.tr\/wp-content\/uploads\/2020\/07\/Salkom-Logo-V-1024x1024-1.png","contentUrl":"https:\/\/www.salkom.com.tr\/wp-content\/uploads\/2020\/07\/Salkom-Logo-V-1024x1024-1.png","width":1024,"height":1024,"caption":"Salkom Kozmetik"},"image":{"@id":"https:\/\/www.salkom.com.tr\/#\/schema\/logo\/image\/"}}]}},"_links":{"self":[{"href":"https:\/\/www.salkom.com.tr\/en\/wp-json\/wp\/v2\/pages\/7228"}],"collection":[{"href":"https:\/\/www.salkom.com.tr\/en\/wp-json\/wp\/v2\/pages"}],"about":[{"href":"https:\/\/www.salkom.com.tr\/en\/wp-json\/wp\/v2\/types\/page"}],"author":[{"embeddable":true,"href":"https:\/\/www.salkom.com.tr\/en\/wp-json\/wp\/v2\/users\/12"}],"replies":[{"embeddable":true,"href":"https:\/\/www.salkom.com.tr\/en\/wp-json\/wp\/v2\/comments?post=7228"}],"version-history":[{"count":1,"href":"https:\/\/www.salkom.com.tr\/en\/wp-json\/wp\/v2\/pages\/7228\/revisions"}],"predecessor-version":[{"id":9461,"href":"https:\/\/www.salkom.com.tr\/en\/wp-json\/wp\/v2\/pages\/7228\/revisions\/9461"}],"wp:featuredmedia":[{"embeddable":true,"href":"https:\/\/www.salkom.com.tr\/en\/wp-json\/"}],"wp:attachment":[{"href":"https:\/\/www.salkom.com.tr\/en\/wp-json\/wp\/v2\/media?parent=7228"}],"curies":[{"name":"wp","href":"https:\/\/api.w.org\/{rel}","templated":true}]}}