{"id":7226,"date":"2021-07-27T16:33:31","date_gmt":"2021-07-27T13:33:31","guid":{"rendered":"https:\/\/salkom.paralaks.net\/?page_id=5633"},"modified":"2021-07-27T16:33:31","modified_gmt":"2021-07-27T13:33:31","slug":"uyelik-kullanim-kosullari","status":"publish","type":"page","link":"https:\/\/www.salkom.com.tr\/en\/uyelik-kullanim-kosullari\/","title":{"rendered":"\u00dcyelik &#038; Kullan\u0131m Ko\u015fullar\u0131"},"content":{"rendered":"<h3>S\u0130TE KULLANIM \u015eARTLARI<\/h3>\n<p><strong>L\u00fctfen sitemizi kullanmadan evvel bu \u2018site kullan\u0131m \u015fartlar\u0131\u2019n\u0131 dikkatlice okuyunuz.<\/strong><\/p>\n<p><strong>Bu al\u0131\u015fveri\u015f sitesini kullanan ve al\u0131\u015fveri\u015f yapan m\u00fc\u015fterilerimiz a\u015fa\u011f\u0131daki \u015fartlar\u0131 kabul etmi\u015f say\u0131l\u0131r:<\/strong><\/p>\n<p>Bu internet sitesine girilmesi, sitenin ya da sitedeki bilgilerin ve di\u011fer verilerin programlar\u0131n vs. kullan\u0131lmas\u0131 sebebiyle, s\u00f6zle\u015fmenin ihlali, haks\u0131z fiil, ya da ba\u015fkaca sebeplere binaen, do\u011fabilecek do\u011frudan ya da dolayl\u0131 hi\u00e7bir zarardan Salkom Kozmetik Turizm Orman \u00dcr\u00fcn \u0130th. \u0130hr. Tic. Ltd. \u015eti. (bundan b\u00f6yle \u201c<strong>SALKOM KOZMET\u0130K<\/strong>\u201d olarak an\u0131lacakt\u0131r) sorumlu de\u011fildir.\u00a0<strong>SALKOM KOZMET\u0130K<\/strong>, s\u00f6zle\u015fmenin ihlali, haks\u0131z fiil, ihmal veya di\u011fer sebepler neticesinde; i\u015flemin kesintiye u\u011framas\u0131, hata, ihmal, kesinti hususunda herhangi bir sorumluluk kabul etmez.<\/p>\n<p><strong>SALKOM KOZMET\u0130K<\/strong>\u00a0i\u015fbu site ve site uzant\u0131s\u0131nda mevcut her t\u00fcr hizmet, \u00fcr\u00fcn, siteyi kullanma ko\u015fullar\u0131 ile sitede sunulan bilgileri \u00f6nceden bir ihtara gerek olmaks\u0131z\u0131n de\u011fi\u015ftirme, siteyi yeniden organize etme, yay\u0131n\u0131 durdurma hakk\u0131n\u0131 sakl\u0131 tutar. De\u011fi\u015fiklikler sitede yay\u0131m an\u0131nda y\u00fcr\u00fcrl\u00fc\u011fe girer. Sitenin kullan\u0131m\u0131 ya da siteye giri\u015f ile bu de\u011fi\u015fiklikler de kabul edilmi\u015f say\u0131l\u0131r. Bu ko\u015fullar link verilen di\u011fer web sayfalar\u0131 i\u00e7in de ge\u00e7erlidir.<\/p>\n<p><strong>SALKOM KOZMET\u0130K<\/strong>, s\u00f6zle\u015fmenin ihlali, haks\u0131z fiil, ihmal veya di\u011fer sebepler neticesinde; i\u015flemin kesintiye u\u011framas\u0131, hata, ihmal, kesinti, silinme, kay\u0131p, i\u015flemin veya ileti\u015fimin gecikmesi, bilgisayar vir\u00fcs\u00fc, ileti\u015fim hatas\u0131, h\u0131rs\u0131zl\u0131k, imha veya izinsiz olarak kay\u0131tlara girilmesi, de\u011fi\u015ftirilmesi veya kullan\u0131lmas\u0131 hususunda herhangi bir sorumluluk kabul etmez.<\/p>\n<p>Bu internet sitesi\u00a0<strong>SALKOM KOZMET\u0130K<\/strong>\u2019in kontrol\u00fc alt\u0131nda olmayan ba\u015fka internet sitelerine ba\u011flant\u0131 veya referans i\u00e7erebilir.\u00a0<strong>SALKOM KOZMET\u0130K<\/strong>, bu sitelerin i\u00e7erikleri veya i\u00e7erdikleri di\u011fer ba\u011flant\u0131lardan sorumlu de\u011fildir. Gizlilik Politikam\u0131zda buradan ula\u015fabilirsiniz.<\/p>\n<p><strong>SALKOM KOZMET\u0130K<\/strong>\u00a0bu internet sitesinin genel g\u00f6r\u00fcn\u00fcm ve dizayn\u0131 ile internet sitesindeki t\u00fcm bilgi, resim,\u00a0<strong>SALKOM KOZMET\u0130K<\/strong>\u00a0Markas\u0131, www.salkom.com.tr alan ad\u0131, logo, ikon, demonstratif, yaz\u0131l\u0131, elektronik, grafik veya makinede okunabilir \u015fekilde sunulan teknik veriler, bilgisayar yaz\u0131l\u0131mlar\u0131, uygulanan sat\u0131\u015f sistemi ve t\u00fcm materyallerine ve bunlara ili\u015fkin fikri ve s\u0131nai m\u00fclkiyet haklar\u0131n\u0131n sahibi veya lisans sahibidir ve yasal koruma alt\u0131ndad\u0131r. Internet sitesinde bulunan hi\u00e7bir Materyal; \u00f6nceden izin al\u0131nmadan ve kaynak g\u00f6sterilmeden, kod ve yaz\u0131l\u0131m da dahil olmak \u00fczere, de\u011fi\u015ftirilemez, kopyalanamaz, \u00e7o\u011falt\u0131lamaz, ba\u015fka bir lisana \u00e7evrilemez, yeniden yay\u0131mlanamaz, ba\u015fka bir bilgisayara y\u00fcklenemez, postalanamaz, iletilemez, sunulamaz ya da da\u011f\u0131t\u0131lamaz. Internet sitesinin b\u00fct\u00fcn\u00fc veya bir k\u0131sm\u0131 ba\u015fka bir internet sitesinde izinsiz olarak kullan\u0131lamaz. Aksine hareketler hukuki ve cezai sorumlulu\u011fu gerektirir.\u00a0<strong>SALKOM KOZMET\u0130K<\/strong>\u00a0\u2018nin burada a\u00e7\u0131k\u00e7a belirtilmeyen di\u011fer t\u00fcm haklar\u0131 sakl\u0131d\u0131r.<\/p>\n<p><strong>SALKOM KOZMET\u0130K<\/strong>, diledi\u011fi zaman bu yasal uyar\u0131 sayfas\u0131n\u0131n i\u00e7eri\u011fini g\u00fcncelleme yetkisini sakl\u0131 tutmaktad\u0131r ve kullan\u0131c\u0131lar\u0131na siteye her giri\u015fte yasal uyar\u0131 sayfas\u0131n\u0131 ziyaret etmelerini tavsiye etmektedir.<\/p>\n<p>Sitemizdeki web sayfalar\u0131 ve ona ba\u011fl\u0131 t\u00fcm sayfalar (\u2018site\u2019) www.salkom.com.tr adresindeki\u00a0<strong>SALKOM KOZMET\u0130K<\/strong>\u00a0firmas\u0131n\u0131n mal\u0131d\u0131r ve onun taraf\u0131ndan i\u015fletilir. Sizler (\u2018Kullan\u0131c\u0131\u2019) sitede sunulan t\u00fcm hizmetleri kullan\u0131rken a\u015fa\u011f\u0131daki \u015fartlara tabi oldu\u011funuzu, sitedeki hizmetten yararlanmakla ve kullanmaya devam etmekle; Ba\u011fl\u0131 oldu\u011funuz yasalara g\u00f6re s\u00f6zle\u015fme imzalama hakk\u0131na, yetkisine ve hukuki ehliyetine sahip ve\u00a0<strong>18 ya\u015f\u0131n \u00fczerinde oldu\u011funuzu<\/strong>, bu s\u00f6zle\u015fmeyi okudu\u011funuzu, anlad\u0131\u011f\u0131n\u0131z\u0131 ve s\u00f6zle\u015fmede yazan \u015fartlarla ba\u011fl\u0131 oldu\u011funuzu\u00a0<strong>kabul etmi\u015f say\u0131l\u0131rs\u0131n\u0131z.<\/strong><\/p>\n<p>\u0130\u015fbu s\u00f6zle\u015fme taraflara s\u00f6zle\u015fme konusu site ile ilgili hak ve y\u00fck\u00fcml\u00fcl\u00fckler y\u00fckler ve taraflar i\u015fbu s\u00f6zle\u015fmeyi kabul ettiklerinde bahsi ge\u00e7en hak ve y\u00fck\u00fcml\u00fcl\u00fckleri eksiksiz, do\u011fru, zaman\u0131nda, i\u015fbu s\u00f6zle\u015fmede talep edilen \u015fartlar d\u00e2hilinde yerine getireceklerini beyan ederler.<\/p>\n<ol>\n<li><strong>SORUMLULUKLAR<\/strong><\/li>\n<\/ol>\n<p><strong>a.<\/strong>\u00a0<strong>SALKOM KOZMET\u0130K<\/strong>, fiyatlar ve sunulan \u00fcr\u00fcn ve hizmetler \u00fczerinde de\u011fi\u015fiklik yapma hakk\u0131n\u0131 her zaman sakl\u0131 tutar.<\/p>\n<p><strong>b. SALKOM KOZMET\u0130K<\/strong>, \u00fcyenin s\u00f6zle\u015fme konusu hizmetlerden, teknik ar\u0131zalar d\u0131\u015f\u0131nda yararland\u0131r\u0131laca\u011f\u0131n\u0131 kabul ve taahh\u00fct eder.<\/p>\n<p><strong>c. Kullan\u0131c\u0131<\/strong>, sitenin kullan\u0131m\u0131nda tersine m\u00fchendislik yapmayaca\u011f\u0131n\u0131 ya da bunlar\u0131n kaynak kodunu bulmak veya elde etmek amac\u0131na y\u00f6nelik herhangi bir ba\u015fka i\u015flemde bulunmayaca\u011f\u0131n\u0131 aksi halde ve 3. Ki\u015filer nezdinde do\u011facak zararlardan sorumlu olaca\u011f\u0131n\u0131, hakk\u0131nda hukuki ve cezai i\u015flem yap\u0131laca\u011f\u0131n\u0131 pe\u015finen kabul eder.<\/p>\n<p><strong>d. Kullan\u0131c\u0131<\/strong>, site i\u00e7indeki faaliyetlerinde, sitenin herhangi bir b\u00f6l\u00fcm\u00fcnde veya ileti\u015fimlerinde genel ahlaka ve adaba ayk\u0131r\u0131, kanuna ayk\u0131r\u0131, 3. Ki\u015filerin haklar\u0131n\u0131 zedeleyen, yan\u0131lt\u0131c\u0131, sald\u0131rgan, m\u00fcstehcen, pornografik, ki\u015filik haklar\u0131n\u0131 zedeleyen, telif haklar\u0131na ayk\u0131r\u0131, yasa d\u0131\u015f\u0131 faaliyetleri te\u015fvik eden i\u00e7erikler \u00fcretmeyece\u011fini, payla\u015fmayaca\u011f\u0131n\u0131 kabul eder. Aksi halde olu\u015facak zarardan tamamen kendisi sorumludur ve bu durumda \u2018Site\u2019 yetkilileri, bu t\u00fcr hesaplar\u0131 ask\u0131ya alabilir, sona erdirebilir, yasal s\u00fcre\u00e7 ba\u015flatma hakk\u0131n\u0131 sakl\u0131 tutar. Bu sebeple yarg\u0131 mercilerinden etkinlik veya kullan\u0131c\u0131 hesaplar\u0131 ile ilgili bilgi talepleri gelirse payla\u015fma hakk\u0131n\u0131 sakl\u0131 tutar.<\/p>\n<p><strong>e. Sitenin<\/strong>\u00a0\u00fcyelerinin birbirleri veya \u00fc\u00e7\u00fcnc\u00fc \u015fah\u0131slarla olan ili\u015fkileri kendi sorumlulu\u011fundad\u0131r.<\/p>\n<ol start=\"2\">\n<li><strong>Fikri M\u00fclkiyet Haklar\u0131<\/strong><\/li>\n<\/ol>\n<p><strong>2.1.<\/strong>\u00a0\u0130\u015fbu Site\u2019de yer alan \u00fcnvan, i\u015fletme ad\u0131, marka, patent, logo, tasar\u0131m, bilgi ve y\u00f6ntem gibi tescilli veya tescilsiz t\u00fcm fikri m\u00fclkiyet haklar\u0131 site i\u015fleteni ve sahibi\u00a0<strong>SALKOM KOZMET\u0130K<\/strong><strong>\u00a0<\/strong>\u2018ye veya belirtilen ilgilisine ait olup, ulusal ve uluslararas\u0131 hukukun korumas\u0131 alt\u0131ndad\u0131r. \u0130\u015fbu Site\u2019nin ziyaret edilmesi veya bu Site\u2019deki hizmetlerden yararlan\u0131lmas\u0131 s\u00f6z konusu fikri m\u00fclkiyet haklar\u0131 konusunda hi\u00e7bir hak vermez.<\/p>\n<p><strong>2.2.<\/strong>\u00a0Site\u2019de yer alan bilgiler hi\u00e7bir \u015fekilde \u00e7o\u011falt\u0131lamaz, yay\u0131nlanamaz, kopyalanamaz, sunulamaz ve\/veya aktar\u0131lamaz. Site\u2019nin b\u00fct\u00fcn\u00fc veya bir k\u0131sm\u0131 di\u011fer bir internet sitesinde izinsiz olarak kullan\u0131lamaz.<\/p>\n<ol start=\"3\">\n<li><strong>Gizli Bilgi<\/strong><\/li>\n<\/ol>\n<p><strong>3.1.<\/strong>\u00a0<strong>SALKOM KOZMET\u0130K<\/strong>, site \u00fczerinden kullan\u0131c\u0131lar\u0131n iletti\u011fi ki\u015fisel bilgileri 3. Ki\u015filere a\u00e7\u0131klamayacakt\u0131r. Bu ki\u015fisel bilgiler; ki\u015fi ad\u0131-soyad\u0131, adresi, telefon numaras\u0131, cep telefonu, e-posta adresi gibi Kullan\u0131c\u0131\u2019y\u0131 tan\u0131mlamaya y\u00f6nelik her t\u00fcrl\u00fc di\u011fer bilgiyi i\u00e7ermekte olup, k\u0131saca \u2018Gizli Bilgiler\u2019 olarak an\u0131lacakt\u0131r.<\/p>\n<p><strong>3.2.<\/strong>\u00a0Kullan\u0131c\u0131, sadece tan\u0131t\u0131m, reklam, kampanya, promosyon, duyuru vb. pazarlama faaliyetleri kapsam\u0131nda kullan\u0131lmas\u0131 ile s\u0131n\u0131rl\u0131 olmak \u00fczere, Site\u2019nin sahibi olan\u00a0<strong>SALKOM KOZMET\u0130K<\/strong>\u2018nin kendisine ait ileti\u015fim, portf\u00f6y durumu ve demografik bilgilerini i\u015ftirakleri ya da ba\u011fl\u0131 bulundu\u011fu grup \u015firketleri ile payla\u015fmas\u0131na muvafakat etti\u011fini kabul ve beyan eder. Bu ki\u015fisel bilgiler\u00a0<strong>SALKOM KOZMET\u0130K<\/strong>\u00a0b\u00fcnyesinde m\u00fc\u015fteri profili belirlemek, m\u00fc\u015fteri profiline uygun promosyon ve kampanyalar sunmak ve istatistiksel \u00e7al\u0131\u015fmalar yapmak amac\u0131yla kullan\u0131labilecektir.<\/p>\n<p><strong>3.3.<\/strong>\u00a0Gizli Bilgiler, ancak resmi makamlarca usul\u00fc dairesinde bu bilgilerin talep edilmesi halinde ve y\u00fcr\u00fcrl\u00fckteki emredici mevzuat h\u00fck\u00fcmleri gere\u011fince resmi makamlara a\u00e7\u0131klama yap\u0131lmas\u0131n\u0131n zorunlu oldu\u011fu durumlarda resmi makamlara a\u00e7\u0131klanabilecektir.<\/p>\n<ol start=\"4\">\n<li><strong>Garanti Vermeme:<\/strong>\u00a0\u0130\u015eBU S\u00d6ZLE\u015eME MADDES\u0130 UYGULANAB\u0130L\u0130R KANUNUN \u0130Z\u0130N VERD\u0130\u011e\u0130 AZAM\u0130 \u00d6L\u00c7\u00dcDE GE\u00c7ERL\u0130 OLACAKTIR.\u00a0<strong>SALKOM KOZMET\u0130K<\/strong><strong>\u00a0<\/strong>TARAFINDAN SUNULAN H\u0130ZMETLER \u201cOLDU\u011eU G\u0130B\u0130\u201d VE \u201cM\u00dcMK\u00dcN OLDU\u011eU\u201d TEMELDE SUNULMAKTA VE PAZARLANAB\u0130L\u0130RL\u0130K, BEL\u0130RL\u0130 B\u0130R AMACA UYGUNLUK VEYA \u0130HLAL ETMEME KONUSUNDA T\u00dcM ZIMN\u0130 GARANT\u0130LER DE D\u00c2H\u0130L OLMAK \u00dcZERE H\u0130ZMETLER VEYA UYGULAMA \u0130LE \u0130LG\u0130L\u0130 OLARAK (BUNLARDA YER ALAN T\u00dcM B\u0130LG\u0130LER D\u00c2H\u0130L) SAR\u0130H VEYA ZIMN\u0130, KANUN\u0130 VEYA BA\u015eKA B\u0130R N\u0130TEL\u0130KTE H\u0130\u00c7B\u0130R GARANT\u0130DE BULUNMAMAKTADIR.<\/li>\n<li><strong>Kay\u0131t ve G\u00fcvenlik<\/strong><\/li>\n<\/ol>\n<p>Kullan\u0131c\u0131, do\u011fru, eksiksiz ve g\u00fcncel kay\u0131t bilgilerini vermek zorundad\u0131r. Aksi halde bu S\u00f6zle\u015fme ihlal edilmi\u015f say\u0131lacak ve Kullan\u0131c\u0131 bilgilendirilmeksizin hesap kapat\u0131labilecektir.<\/p>\n<p>Kullan\u0131c\u0131, site ve \u00fc\u00e7\u00fcnc\u00fc taraf sitelerdeki \u015fifre ve hesap g\u00fcvenli\u011finden kendisi sorumludur. Aksi halde olu\u015facak veri kay\u0131plar\u0131ndan ve g\u00fcvenlik ihlallerinden veya donan\u0131m ve cihazlar\u0131n zarar g\u00f6rmesinden\u00a0<strong>SALKOM KOZMET\u0130K<\/strong>\u00a0sorumlu tutulamaz.<\/p>\n<ol start=\"6\">\n<li><strong>M\u00fccbir Sebep<\/strong><\/li>\n<\/ol>\n<p>Taraflar\u0131n kontrol\u00fcnde olmayan; tabii afetler, f\u0131rt\u0131na, yang\u0131n, patlamalar, i\u00e7 sava\u015flar, sava\u015flar, ayaklanmalar, halk hareketleri, seferberlik ilan\u0131, grev, lokavt ve salg\u0131n hastal\u0131klar, altyap\u0131 ve internet ar\u0131zalar\u0131, elektrik kesintisi gibi sebeplerden (a\u015fa\u011f\u0131da birlikte \u201cM\u00fccbir Sebep\u201d olarak an\u0131lacakt\u0131r.) dolay\u0131 s\u00f6zle\u015fmeden do\u011fan y\u00fck\u00fcml\u00fcl\u00fckler taraflarca ifa edilemez hale gelirse, taraflar bundan sorumlu de\u011fildir. Bu s\u00fcrede Taraflar\u2019\u0131n i\u015fbu S\u00f6zle\u015fme\u2019den do\u011fan hak ve y\u00fck\u00fcml\u00fcl\u00fckleri ask\u0131ya al\u0131n\u0131r.<\/p>\n<ol start=\"7\">\n<li><strong>S\u00f6zle\u015fmenin B\u00fct\u00fcnl\u00fc\u011f\u00fc ve Uygulanabilirlik<\/strong><\/li>\n<\/ol>\n<p>\u0130\u015fbu s\u00f6zle\u015fme \u015fartlar\u0131ndan biri, k\u0131smen veya tamamen ge\u00e7ersiz hale gelirse, s\u00f6zle\u015fmenin geri kalan\u0131 ge\u00e7erlili\u011fini korumaya devam eder.<\/p>\n<ol start=\"8\">\n<li><strong>S\u00f6zle\u015fmede Yap\u0131lacak De\u011fi\u015fiklikler<\/strong><\/li>\n<\/ol>\n<p><strong>SALKOM KOZMET\u0130K<\/strong>, diledi\u011fi zaman sitede sunulan hizmetleri ve i\u015fbu s\u00f6zle\u015fme \u015fartlar\u0131n\u0131 k\u0131smen veya tamamen de\u011fi\u015ftirebilir. De\u011fi\u015fiklikler sitede yay\u0131nland\u0131\u011f\u0131 tarihten itibaren ge\u00e7erli olacakt\u0131r. De\u011fi\u015fiklikleri takip etmek Kullan\u0131c\u0131\u2019n\u0131n sorumlulu\u011fundad\u0131r. Kullan\u0131c\u0131, sunulan hizmetlerden yararlanmaya devam etmekle bu de\u011fi\u015fiklikleri de kabul etmi\u015f say\u0131l\u0131r.<\/p>\n<ol start=\"9\">\n<li><strong>Tebligat<\/strong><\/li>\n<\/ol>\n<p>\u0130\u015fbu S\u00f6zle\u015fme ile ilgili taraflara g\u00f6nderilecek olan t\u00fcm bildirimler,\u00a0<strong>SALKOM KOZMET\u0130K<\/strong>\u2019in bilinen e.posta adresi ve kullan\u0131c\u0131n\u0131n \u00fcyelik formunda belirtti\u011fi e.posta adresi vas\u0131tas\u0131yla yap\u0131lacakt\u0131r. Kullan\u0131c\u0131, \u00fcye olurken belirtti\u011fi adresin ge\u00e7erli tebligat adresi oldu\u011funu, de\u011fi\u015fmesi durumunda 5 g\u00fcn i\u00e7inde yaz\u0131l\u0131 olarak di\u011fer tarafa bildirece\u011fini, aksi halde bu adrese yap\u0131lacak tebligatlar\u0131n ge\u00e7erli say\u0131laca\u011f\u0131n\u0131 kabul eder.<\/p>\n<ol start=\"10\">\n<li><strong>Delil S\u00f6zle\u015fmesi<\/strong><\/li>\n<\/ol>\n<p>Taraflar aras\u0131nda i\u015fbu s\u00f6zle\u015fme ile ilgili i\u015flemler i\u00e7in \u00e7\u0131kabilecek her t\u00fcrl\u00fc uyu\u015fmazl\u0131klarda Taraflar\u2019\u0131n defter, kay\u0131t ve belgeleri ile ve bilgisayar kay\u0131tlar\u0131 ve faks kay\u0131tlar\u0131 6100 say\u0131l\u0131 Hukuk Muhakemeleri Kanunu uyar\u0131nca delil olarak kabul edilecek olup, kullan\u0131c\u0131 bu kay\u0131tlara itiraz etmeyece\u011fini kabul eder.<\/p>\n<ol start=\"11\">\n<li><strong>Uyu\u015fmazl\u0131klar\u0131n \u00c7\u00f6z\u00fcm\u00fc<\/strong><\/li>\n<\/ol>\n<p>\u0130\u015fbu S\u00f6zle\u015fme\u2019nin uygulanmas\u0131ndan veya yorumlanmas\u0131ndan do\u011facak her t\u00fcrl\u00fc uyu\u015fmazl\u0131\u011f\u0131n \u00e7\u00f6z\u00fcm\u00fcnde \u0130stanbul (Merkez) Adliyesi Mahkemeleri ve \u0130cra Daireleri yetkilidir.<\/p>\n","protected":false},"excerpt":{"rendered":"<p>S\u0130TE KULLANIM \u015eARTLARI L\u00fctfen sitemizi kullanmadan evvel bu \u2018site kullan\u0131m \u015fartlar\u0131\u2019n\u0131 dikkatlice okuyunuz. Bu al\u0131\u015fveri\u015f sitesini kullanan ve al\u0131\u015fveri\u015f yapan m\u00fc\u015fterilerimiz a\u015fa\u011f\u0131daki \u015fartlar\u0131 kabul etmi\u015f say\u0131l\u0131r: Bu internet sitesine girilmesi, sitenin ya da sitedeki bilgilerin ve di\u011fer verilerin programlar\u0131n vs. kullan\u0131lmas\u0131 sebebiyle, s\u00f6zle\u015fmenin ihlali, haks\u0131z fiil, ya da ba\u015fkaca sebeplere binaen, do\u011fabilecek do\u011frudan ya da [&hellip;]<\/p>\n","protected":false},"author":12,"featured_media":-1,"parent":0,"menu_order":11,"comment_status":"closed","ping_status":"closed","template":"","meta":[],"yoast_head":"<!-- This site is optimized with the Yoast SEO Premium plugin v16.5 (Yoast SEO v19.5.1) - https:\/\/yoast.com\/wordpress\/plugins\/seo\/ -->\n<title>\u00dcyelik &amp; Kullan\u0131m Ko\u015fullar\u0131 | Salkom Kozmetik<\/title>\n<meta name=\"robots\" content=\"index, follow, max-snippet:-1, max-image-preview:large, max-video-preview:-1\" \/>\n<link rel=\"canonical\" href=\"https:\/\/www.salkom.com.tr\/uyelik-kullanim-kosullari\/\" \/>\n<meta property=\"og:locale\" content=\"tr_TR\" \/>\n<meta property=\"og:type\" content=\"article\" \/>\n<meta property=\"og:title\" content=\"\u00dcyelik &amp; Kullan\u0131m Ko\u015fullar\u0131\" \/>\n<meta property=\"og:description\" content=\"S\u0130TE KULLANIM \u015eARTLARI L\u00fctfen sitemizi kullanmadan evvel bu \u2018site kullan\u0131m \u015fartlar\u0131\u2019n\u0131 dikkatlice okuyunuz. Bu al\u0131\u015fveri\u015f sitesini kullanan ve al\u0131\u015fveri\u015f yapan m\u00fc\u015fterilerimiz a\u015fa\u011f\u0131daki \u015fartlar\u0131 kabul etmi\u015f say\u0131l\u0131r: Bu internet sitesine girilmesi, sitenin ya da sitedeki bilgilerin ve di\u011fer verilerin programlar\u0131n vs. kullan\u0131lmas\u0131 sebebiyle, s\u00f6zle\u015fmenin ihlali, haks\u0131z fiil, ya da ba\u015fkaca sebeplere binaen, do\u011fabilecek do\u011frudan ya da [&hellip;]\" \/>\n<meta property=\"og:url\" content=\"https:\/\/www.salkom.com.tr\/uyelik-kullanim-kosullari\/\" \/>\n<meta property=\"og:site_name\" content=\"Salkom Kozmetik\" \/>\n<meta property=\"article:publisher\" content=\"https:\/\/www.facebook.com\/salkomkozmetikofficial\" \/>\n<meta property=\"og:image\" content=\"https:\/\/www.salkom.com.tr\/wp-content\/uploads\/2020\/07\/Salkom-Logo-V-1024x1024-1.png\" \/>\n\t<meta property=\"og:image:width\" content=\"1024\" \/>\n\t<meta property=\"og:image:height\" content=\"1024\" \/>\n\t<meta property=\"og:image:type\" content=\"image\/png\" \/>\n<meta name=\"twitter:card\" content=\"summary_large_image\" \/>\n<meta name=\"twitter:site\" content=\"@Salkom_Kozmetik\" \/>\n<meta name=\"twitter:label1\" content=\"Tahmini okuma s\u00fcresi\" \/>\n\t<meta name=\"twitter:data1\" content=\"9 dakika\" \/>\n<script type=\"application\/ld+json\" class=\"yoast-schema-graph\">{\"@context\":\"https:\/\/schema.org\",\"@graph\":[{\"@type\":\"WebPage\",\"@id\":\"https:\/\/www.salkom.com.tr\/uyelik-kullanim-kosullari\/\",\"url\":\"https:\/\/www.salkom.com.tr\/uyelik-kullanim-kosullari\/\",\"name\":\"\u00dcyelik & Kullan\u0131m Ko\u015fullar\u0131 | Salkom Kozmetik\",\"isPartOf\":{\"@id\":\"https:\/\/www.salkom.com.tr\/#website\"},\"datePublished\":\"2021-07-27T13:33:31+00:00\",\"dateModified\":\"2021-07-27T13:33:31+00:00\",\"breadcrumb\":{\"@id\":\"https:\/\/www.salkom.com.tr\/uyelik-kullanim-kosullari\/#breadcrumb\"},\"inLanguage\":\"tr\",\"potentialAction\":[{\"@type\":\"ReadAction\",\"target\":[\"https:\/\/www.salkom.com.tr\/uyelik-kullanim-kosullari\/\"]}]},{\"@type\":\"BreadcrumbList\",\"@id\":\"https:\/\/www.salkom.com.tr\/uyelik-kullanim-kosullari\/#breadcrumb\",\"itemListElement\":[{\"@type\":\"ListItem\",\"position\":1,\"name\":\"Ana sayfa\",\"item\":\"https:\/\/www.salkom.com.tr\/\"},{\"@type\":\"ListItem\",\"position\":2,\"name\":\"\u00dcyelik &#038; Kullan\u0131m Ko\u015fullar\u0131\"}]},{\"@type\":\"WebSite\",\"@id\":\"https:\/\/www.salkom.com.tr\/#website\",\"url\":\"https:\/\/www.salkom.com.tr\/\",\"name\":\"Salkom Kozmetik\",\"description\":\"Bir Tutam Sa\u011fl\u0131k\",\"publisher\":{\"@id\":\"https:\/\/www.salkom.com.tr\/#organization\"},\"potentialAction\":[{\"@type\":\"SearchAction\",\"target\":{\"@type\":\"EntryPoint\",\"urlTemplate\":\"https:\/\/www.salkom.com.tr\/?s={search_term_string}\"},\"query-input\":\"required name=search_term_string\"}],\"inLanguage\":\"tr\"},{\"@type\":\"Organization\",\"@id\":\"https:\/\/www.salkom.com.tr\/#organization\",\"name\":\"Salkom Kozmetik\",\"url\":\"https:\/\/www.salkom.com.tr\/\",\"sameAs\":[\"https:\/\/www.instagram.com\/salkomkozmetik\/\",\"https:\/\/www.linkedin.com\/company\/salkom-kozmetik\",\"https:\/\/www.pinterest.com\/salkomkozmetik\/\",\"https:\/\/www.youtube.com\/channel\/UCLRdJ8dZvenffT4rp-lWGeA\/\",\"https:\/\/www.facebook.com\/salkomkozmetikofficial\",\"https:\/\/twitter.com\/Salkom_Kozmetik\"],\"logo\":{\"@type\":\"ImageObject\",\"inLanguage\":\"tr\",\"@id\":\"https:\/\/www.salkom.com.tr\/#\/schema\/logo\/image\/\",\"url\":\"https:\/\/www.salkom.com.tr\/wp-content\/uploads\/2020\/07\/Salkom-Logo-V-1024x1024-1.png\",\"contentUrl\":\"https:\/\/www.salkom.com.tr\/wp-content\/uploads\/2020\/07\/Salkom-Logo-V-1024x1024-1.png\",\"width\":1024,\"height\":1024,\"caption\":\"Salkom Kozmetik\"},\"image\":{\"@id\":\"https:\/\/www.salkom.com.tr\/#\/schema\/logo\/image\/\"}}]}<\/script>\n<!-- \/ Yoast SEO Premium plugin. -->","yoast_head_json":{"title":"\u00dcyelik & Kullan\u0131m Ko\u015fullar\u0131 | Salkom Kozmetik","robots":{"index":"index","follow":"follow","max-snippet":"max-snippet:-1","max-image-preview":"max-image-preview:large","max-video-preview":"max-video-preview:-1"},"canonical":"https:\/\/www.salkom.com.tr\/uyelik-kullanim-kosullari\/","og_locale":"tr_TR","og_type":"article","og_title":"\u00dcyelik & Kullan\u0131m Ko\u015fullar\u0131","og_description":"S\u0130TE KULLANIM \u015eARTLARI L\u00fctfen sitemizi kullanmadan evvel bu \u2018site kullan\u0131m \u015fartlar\u0131\u2019n\u0131 dikkatlice okuyunuz. Bu al\u0131\u015fveri\u015f sitesini kullanan ve al\u0131\u015fveri\u015f yapan m\u00fc\u015fterilerimiz a\u015fa\u011f\u0131daki \u015fartlar\u0131 kabul etmi\u015f say\u0131l\u0131r: Bu internet sitesine girilmesi, sitenin ya da sitedeki bilgilerin ve di\u011fer verilerin programlar\u0131n vs. kullan\u0131lmas\u0131 sebebiyle, s\u00f6zle\u015fmenin ihlali, haks\u0131z fiil, ya da ba\u015fkaca sebeplere binaen, do\u011fabilecek do\u011frudan ya da [&hellip;]","og_url":"https:\/\/www.salkom.com.tr\/uyelik-kullanim-kosullari\/","og_site_name":"Salkom Kozmetik","article_publisher":"https:\/\/www.facebook.com\/salkomkozmetikofficial","og_image":[{"width":1024,"height":1024,"url":"https:\/\/www.salkom.com.tr\/wp-content\/uploads\/2020\/07\/Salkom-Logo-V-1024x1024-1.png","type":"image\/png"}],"twitter_card":"summary_large_image","twitter_site":"@Salkom_Kozmetik","twitter_misc":{"Tahmini okuma s\u00fcresi":"9 dakika"},"schema":{"@context":"https:\/\/schema.org","@graph":[{"@type":"WebPage","@id":"https:\/\/www.salkom.com.tr\/uyelik-kullanim-kosullari\/","url":"https:\/\/www.salkom.com.tr\/uyelik-kullanim-kosullari\/","name":"\u00dcyelik & Kullan\u0131m Ko\u015fullar\u0131 | Salkom Kozmetik","isPartOf":{"@id":"https:\/\/www.salkom.com.tr\/#website"},"datePublished":"2021-07-27T13:33:31+00:00","dateModified":"2021-07-27T13:33:31+00:00","breadcrumb":{"@id":"https:\/\/www.salkom.com.tr\/uyelik-kullanim-kosullari\/#breadcrumb"},"inLanguage":"tr","potentialAction":[{"@type":"ReadAction","target":["https:\/\/www.salkom.com.tr\/uyelik-kullanim-kosullari\/"]}]},{"@type":"BreadcrumbList","@id":"https:\/\/www.salkom.com.tr\/uyelik-kullanim-kosullari\/#breadcrumb","itemListElement":[{"@type":"ListItem","position":1,"name":"Ana sayfa","item":"https:\/\/www.salkom.com.tr\/"},{"@type":"ListItem","position":2,"name":"\u00dcyelik &#038; Kullan\u0131m Ko\u015fullar\u0131"}]},{"@type":"WebSite","@id":"https:\/\/www.salkom.com.tr\/#website","url":"https:\/\/www.salkom.com.tr\/","name":"Salkom Kozmetik","description":"Bir Tutam Sa\u011fl\u0131k","publisher":{"@id":"https:\/\/www.salkom.com.tr\/#organization"},"potentialAction":[{"@type":"SearchAction","target":{"@type":"EntryPoint","urlTemplate":"https:\/\/www.salkom.com.tr\/?s={search_term_string}"},"query-input":"required name=search_term_string"}],"inLanguage":"tr"},{"@type":"Organization","@id":"https:\/\/www.salkom.com.tr\/#organization","name":"Salkom Kozmetik","url":"https:\/\/www.salkom.com.tr\/","sameAs":["https:\/\/www.instagram.com\/salkomkozmetik\/","https:\/\/www.linkedin.com\/company\/salkom-kozmetik","https:\/\/www.pinterest.com\/salkomkozmetik\/","https:\/\/www.youtube.com\/channel\/UCLRdJ8dZvenffT4rp-lWGeA\/","https:\/\/www.facebook.com\/salkomkozmetikofficial","https:\/\/twitter.com\/Salkom_Kozmetik"],"logo":{"@type":"ImageObject","inLanguage":"tr","@id":"https:\/\/www.salkom.com.tr\/#\/schema\/logo\/image\/","url":"https:\/\/www.salkom.com.tr\/wp-content\/uploads\/2020\/07\/Salkom-Logo-V-1024x1024-1.png","contentUrl":"https:\/\/www.salkom.com.tr\/wp-content\/uploads\/2020\/07\/Salkom-Logo-V-1024x1024-1.png","width":1024,"height":1024,"caption":"Salkom Kozmetik"},"image":{"@id":"https:\/\/www.salkom.com.tr\/#\/schema\/logo\/image\/"}}]}},"_links":{"self":[{"href":"https:\/\/www.salkom.com.tr\/en\/wp-json\/wp\/v2\/pages\/7226"}],"collection":[{"href":"https:\/\/www.salkom.com.tr\/en\/wp-json\/wp\/v2\/pages"}],"about":[{"href":"https:\/\/www.salkom.com.tr\/en\/wp-json\/wp\/v2\/types\/page"}],"author":[{"embeddable":true,"href":"https:\/\/www.salkom.com.tr\/en\/wp-json\/wp\/v2\/users\/12"}],"replies":[{"embeddable":true,"href":"https:\/\/www.salkom.com.tr\/en\/wp-json\/wp\/v2\/comments?post=7226"}],"version-history":[{"count":0,"href":"https:\/\/www.salkom.com.tr\/en\/wp-json\/wp\/v2\/pages\/7226\/revisions"}],"wp:featuredmedia":[{"embeddable":true,"href":"https:\/\/www.salkom.com.tr\/en\/wp-json\/"}],"wp:attachment":[{"href":"https:\/\/www.salkom.com.tr\/en\/wp-json\/wp\/v2\/media?parent=7226"}],"curies":[{"name":"wp","href":"https:\/\/api.w.org\/{rel}","templated":true}]}}