{"id":7224,"date":"2021-07-27T16:30:03","date_gmt":"2021-07-27T13:30:03","guid":{"rendered":"https:\/\/salkom.paralaks.net\/?page_id=5626"},"modified":"2021-07-27T16:30:03","modified_gmt":"2021-07-27T13:30:03","slug":"odeme-teslimat-politikasi","status":"publish","type":"page","link":"https:\/\/www.salkom.com.tr\/en\/odeme-teslimat-politikasi\/","title":{"rendered":"\u00d6deme &#038; Teslimat Politikas\u0131"},"content":{"rendered":"<p><strong>1)<\/strong>\u00a0Banka Havalesi veya EFT (Elektronik Fon Transferi) yaparak,<\/p>\n<p><a href=\"https:\/\/www.salkom.com.tr\/banka-hesaplarimiz\/\"><strong>Banka Hesaplar\u0131m\u0131z<\/strong><\/a>\u00a0sayfam\u0131zda belirtilen banka hesaplar\u0131m\u0131zdan (TL) herhangi birine yapabilirsiniz.<\/p>\n<p><strong>2)<\/strong>\u00a0Sitemizde kap\u0131da \u00f6deme ve kredi \/ banka kart\u0131 ile \u00f6deme opsiyonu bulunmaktad\u0131r.<\/p>\n<p><strong>3)<\/strong>\u00a0Sipari\u015f Bedeli \u0130adesi<\/p>\n<p>Sipari\u015flerinizin olas\u0131 sebeplerle iptali durumunda; Salkom Kozmetik \u00fc\u00e7 i\u015f g\u00fcn\u00fc i\u00e7erisinde \u00fcr\u00fcn bedelini hesab\u0131n\u0131za ve\/veya kredi kart\u0131n\u0131za iade eder. Ancak, banka hesap bilgilerinizi ve\/veya kredi kart\u0131 bilgilerinizi do\u011fru ve eksiksiz olarak \u015firketimiz finans yetkililerine bildirmeniz gerekmektedir. \u0130ade ve de\u011fi\u015fim ile ilgili detayl\u0131 bilgi i\u00e7in\u00a0<a href=\"https:\/\/www.salkom.com.tr\/iade-degisim-politikasi\/\">buraya t\u0131klay\u0131n<\/a>.<\/p>\n<p><strong>4)<\/strong>\u00a0Teslimat<\/p>\n<p><strong>Kargolar\u0131m\u0131z Sigortal\u0131 olarak g\u00f6nderilir.<\/strong><\/p>\n<p>Sipari\u015f etmi\u015f oldu\u011funuz \u00fcr\u00fcnleri ayn\u0131 g\u00fcn kargoya teslim etmeye gayret ediyoruz. Temini zaman alan \u00fcr\u00fcnler i\u00e7in kargo teslim s\u00fcresi \u00fcr\u00fcn detay\u0131nda belirtildi\u011fi gibi 14 i\u015f g\u00fcn\u00fcd\u00fcr. Gecikmesi muhtemel teslimat durumunda size bilgi verilecektir.<\/p>\n<p>\u00dcr\u00fcn teslimat\u0131n\u0131n aksamadan ger\u00e7ekle\u015ftirilebilmesi i\u00e7in l\u00fctfen g\u00fcn i\u00e7inde bulundu\u011funuz yerin adresini teslimat adresi olarak bildiriniz.<\/p>\n<p>Talepleriniz sipari\u015f sonunda belirlemi\u015f oldu\u011funuz teslimat tipine g\u00f6re haz\u0131rlanmak \u00fczere i\u015fleme al\u0131nacakt\u0131r. \u0130stanbul merkezli \u015firketimizden \u00fcr\u00fcnler anla\u015fmal\u0131 kargo\u00a0firmas\u0131yla g\u00f6nderilecektir. Sipari\u015fleriniz onayland\u0131ktan sonra en ge\u00e7 3 (\u00fc\u00e7) i\u015f g\u00fcn\u00fc sonunda Kargo firmas\u0131na teslim edilir.<\/p>\n<p>M\u00fc\u015fteri temsilcimize dan\u0131\u015farak de\u011fi\u015fik teslimat \u015fartlar\u0131 konusunda g\u00f6r\u00fc\u015febilirsiniz. Ayr\u0131ca kargo teslimatlar\u0131 sadece T\u00fcrkiye i\u00e7in ge\u00e7erlidir.<\/p>\n<p><strong>5)<\/strong>\u00a0\u00d6deme Takibi<\/p>\n<p>S\u00f6z konusu sistem herhangi bir sorun nedeni ile i\u015flemi ger\u00e7ekle\u015ftiremiyorsa \u00f6deme sayfas\u0131 sonucunda ziyaret\u00e7imiz bu durumdan haberdar edilmektedir.<\/p>\n<p>Belirtilen adreste herhangi bir hata durumunda teslimat\u0131 ger\u00e7ekle\u015femeyen sipari\u015f ile ilgili olarak sipari\u015fi veren ile ba\u011flant\u0131 kurulmaktad\u0131r.<\/p>\n<p>Ziyaret\u00e7imiz taraf\u0131ndan belirtilen e-posta adresinin ge\u00e7erlili\u011fi sipari\u015fin aktar\u0131lmas\u0131n\u0131 takiben g\u00f6nderilen otomatik e-posta ile teyit edilmektedir.<\/p>\n<p>Teslimat\u0131n ger\u00e7ekle\u015fmesi konusunda m\u00fc\u015fteri kadar kredi kart\u0131 sistemini kulland\u0131\u011f\u0131m\u0131z bankaya kar\u015f\u0131 da sorumlulu\u011fumuz s\u00f6z konusudur.<\/p>\n<p><strong>L\u00fctfen dikkat!<\/strong><\/p>\n<p>Sevkiyat s\u0131ras\u0131nda zarar g\u00f6rd\u00fc\u011f\u00fcn\u00fc d\u00fc\u015f\u00fcnd\u00fc\u011f\u00fcn\u00fcz paketleri, teslim ald\u0131\u011f\u0131n\u0131z firma yetkilisi \u00f6n\u00fcnde a\u00e7\u0131p kontrol ediniz. E\u011fer \u00fcr\u00fcnde herhangi bir zarar oldu\u011funu d\u00fc\u015f\u00fcn\u00fcyorsan\u0131z kargo firmas\u0131na tutanak tutturularak \u00fcr\u00fcn\u00fc teslim almay\u0131 reddediniz.<\/p>\n<p>\u00dcr\u00fcn teslim al\u0131nd\u0131ktan sonra kargo firmas\u0131n\u0131n g\u00f6revini tam olarak yerine getirdi\u011fi kabul edilmektedir.<\/p>\n<p>\u00dcr\u00fcn hasarl\u0131 ise: Haz\u0131rlam\u0131\u015f oldu\u011funuz tutana\u011f\u0131 en k\u0131sa zamanda sitemizde bulunan<strong>\u00a0Whatsapp Destek Hatt\u0131na<\/strong>\u00a0g\u00f6nderin ve durumu sipari\u015f numaras\u0131 ve detaylar\u0131yla birlikte\u00a0<strong>siparis@salkom.com.tr<\/strong>\u00a0mail adresine bildiriniz.<\/p>\n<p>Bu i\u015flemleri ger\u00e7ekle\u015ftirdi\u011finiz takdirde paketinizle ilgili \u00e7al\u0131\u015fmalara ba\u015flayarak, en k\u0131sa zamanda teslimat\u0131n tekrarlanmas\u0131n\u0131 sa\u011flayaca\u011f\u0131z.<\/p>\n<p>Bu e-posta i\u00e7inde \u00fcr\u00fcn\u00fc neden iade etmek istedi\u011finizi k\u0131saca a\u00e7\u0131klarsan\u0131z \u00fcr\u00fcn ile ilgili \u00e7al\u0131\u015fmalar\u0131m\u0131zda bize yard\u0131mc\u0131 olmu\u015f olursunuz.<\/p>\n","protected":false},"excerpt":{"rendered":"<p>1)\u00a0Banka Havalesi veya EFT (Elektronik Fon Transferi) yaparak, Banka Hesaplar\u0131m\u0131z\u00a0sayfam\u0131zda belirtilen banka hesaplar\u0131m\u0131zdan (TL) herhangi birine yapabilirsiniz. 2)\u00a0Sitemizde kap\u0131da \u00f6deme ve kredi \/ banka kart\u0131 ile \u00f6deme opsiyonu bulunmaktad\u0131r. 3)\u00a0Sipari\u015f Bedeli \u0130adesi Sipari\u015flerinizin olas\u0131 sebeplerle iptali durumunda; Salkom Kozmetik \u00fc\u00e7 i\u015f g\u00fcn\u00fc i\u00e7erisinde \u00fcr\u00fcn bedelini hesab\u0131n\u0131za ve\/veya kredi kart\u0131n\u0131za iade eder. Ancak, banka hesap bilgilerinizi [&hellip;]<\/p>\n","protected":false},"author":12,"featured_media":-1,"parent":0,"menu_order":13,"comment_status":"closed","ping_status":"closed","template":"","meta":[],"yoast_head":"<!-- This site is optimized with the Yoast SEO Premium plugin v16.5 (Yoast SEO v19.5.1) - https:\/\/yoast.com\/wordpress\/plugins\/seo\/ -->\n<title>\u00d6deme &amp; Teslimat Politikas\u0131 | Salkom Kozmetik<\/title>\n<meta name=\"robots\" content=\"index, follow, max-snippet:-1, max-image-preview:large, max-video-preview:-1\" \/>\n<link rel=\"canonical\" href=\"https:\/\/www.salkom.com.tr\/odeme-teslimat-politikasi\/\" \/>\n<meta property=\"og:locale\" content=\"tr_TR\" \/>\n<meta property=\"og:type\" content=\"article\" \/>\n<meta property=\"og:title\" content=\"\u00d6deme &amp; Teslimat Politikas\u0131\" \/>\n<meta property=\"og:description\" content=\"1)\u00a0Banka Havalesi veya EFT (Elektronik Fon Transferi) yaparak, Banka Hesaplar\u0131m\u0131z\u00a0sayfam\u0131zda belirtilen banka hesaplar\u0131m\u0131zdan (TL) herhangi birine yapabilirsiniz. 2)\u00a0Sitemizde kap\u0131da \u00f6deme ve kredi \/ banka kart\u0131 ile \u00f6deme opsiyonu bulunmaktad\u0131r. 3)\u00a0Sipari\u015f Bedeli \u0130adesi Sipari\u015flerinizin olas\u0131 sebeplerle iptali durumunda; Salkom Kozmetik \u00fc\u00e7 i\u015f g\u00fcn\u00fc i\u00e7erisinde \u00fcr\u00fcn bedelini hesab\u0131n\u0131za ve\/veya kredi kart\u0131n\u0131za iade eder. Ancak, banka hesap bilgilerinizi [&hellip;]\" \/>\n<meta property=\"og:url\" content=\"https:\/\/www.salkom.com.tr\/odeme-teslimat-politikasi\/\" \/>\n<meta property=\"og:site_name\" content=\"Salkom Kozmetik\" \/>\n<meta property=\"article:publisher\" content=\"https:\/\/www.facebook.com\/salkomkozmetikofficial\" \/>\n<meta property=\"og:image\" content=\"https:\/\/www.salkom.com.tr\/wp-content\/uploads\/2020\/07\/Salkom-Logo-V-1024x1024-1.png\" \/>\n\t<meta property=\"og:image:width\" content=\"1024\" \/>\n\t<meta property=\"og:image:height\" content=\"1024\" \/>\n\t<meta property=\"og:image:type\" content=\"image\/png\" \/>\n<meta name=\"twitter:card\" content=\"summary_large_image\" \/>\n<meta name=\"twitter:site\" content=\"@Salkom_Kozmetik\" \/>\n<meta name=\"twitter:label1\" content=\"Tahmini okuma s\u00fcresi\" \/>\n\t<meta name=\"twitter:data1\" content=\"3 dakika\" \/>\n<script type=\"application\/ld+json\" class=\"yoast-schema-graph\">{\"@context\":\"https:\/\/schema.org\",\"@graph\":[{\"@type\":\"WebPage\",\"@id\":\"https:\/\/www.salkom.com.tr\/odeme-teslimat-politikasi\/\",\"url\":\"https:\/\/www.salkom.com.tr\/odeme-teslimat-politikasi\/\",\"name\":\"\u00d6deme & Teslimat Politikas\u0131 | Salkom Kozmetik\",\"isPartOf\":{\"@id\":\"https:\/\/www.salkom.com.tr\/#website\"},\"datePublished\":\"2021-07-27T13:30:03+00:00\",\"dateModified\":\"2021-07-27T13:30:03+00:00\",\"breadcrumb\":{\"@id\":\"https:\/\/www.salkom.com.tr\/odeme-teslimat-politikasi\/#breadcrumb\"},\"inLanguage\":\"tr\",\"potentialAction\":[{\"@type\":\"ReadAction\",\"target\":[\"https:\/\/www.salkom.com.tr\/odeme-teslimat-politikasi\/\"]}]},{\"@type\":\"BreadcrumbList\",\"@id\":\"https:\/\/www.salkom.com.tr\/odeme-teslimat-politikasi\/#breadcrumb\",\"itemListElement\":[{\"@type\":\"ListItem\",\"position\":1,\"name\":\"Ana sayfa\",\"item\":\"https:\/\/www.salkom.com.tr\/\"},{\"@type\":\"ListItem\",\"position\":2,\"name\":\"\u00d6deme &#038; Teslimat Politikas\u0131\"}]},{\"@type\":\"WebSite\",\"@id\":\"https:\/\/www.salkom.com.tr\/#website\",\"url\":\"https:\/\/www.salkom.com.tr\/\",\"name\":\"Salkom Kozmetik\",\"description\":\"Bir Tutam Sa\u011fl\u0131k\",\"publisher\":{\"@id\":\"https:\/\/www.salkom.com.tr\/#organization\"},\"potentialAction\":[{\"@type\":\"SearchAction\",\"target\":{\"@type\":\"EntryPoint\",\"urlTemplate\":\"https:\/\/www.salkom.com.tr\/?s={search_term_string}\"},\"query-input\":\"required name=search_term_string\"}],\"inLanguage\":\"tr\"},{\"@type\":\"Organization\",\"@id\":\"https:\/\/www.salkom.com.tr\/#organization\",\"name\":\"Salkom Kozmetik\",\"url\":\"https:\/\/www.salkom.com.tr\/\",\"sameAs\":[\"https:\/\/www.instagram.com\/salkomkozmetik\/\",\"https:\/\/www.linkedin.com\/company\/salkom-kozmetik\",\"https:\/\/www.pinterest.com\/salkomkozmetik\/\",\"https:\/\/www.youtube.com\/channel\/UCLRdJ8dZvenffT4rp-lWGeA\/\",\"https:\/\/www.facebook.com\/salkomkozmetikofficial\",\"https:\/\/twitter.com\/Salkom_Kozmetik\"],\"logo\":{\"@type\":\"ImageObject\",\"inLanguage\":\"tr\",\"@id\":\"https:\/\/www.salkom.com.tr\/#\/schema\/logo\/image\/\",\"url\":\"https:\/\/www.salkom.com.tr\/wp-content\/uploads\/2020\/07\/Salkom-Logo-V-1024x1024-1.png\",\"contentUrl\":\"https:\/\/www.salkom.com.tr\/wp-content\/uploads\/2020\/07\/Salkom-Logo-V-1024x1024-1.png\",\"width\":1024,\"height\":1024,\"caption\":\"Salkom Kozmetik\"},\"image\":{\"@id\":\"https:\/\/www.salkom.com.tr\/#\/schema\/logo\/image\/\"}}]}<\/script>\n<!-- \/ Yoast SEO Premium plugin. -->","yoast_head_json":{"title":"\u00d6deme & Teslimat Politikas\u0131 | Salkom Kozmetik","robots":{"index":"index","follow":"follow","max-snippet":"max-snippet:-1","max-image-preview":"max-image-preview:large","max-video-preview":"max-video-preview:-1"},"canonical":"https:\/\/www.salkom.com.tr\/odeme-teslimat-politikasi\/","og_locale":"tr_TR","og_type":"article","og_title":"\u00d6deme & Teslimat Politikas\u0131","og_description":"1)\u00a0Banka Havalesi veya EFT (Elektronik Fon Transferi) yaparak, Banka Hesaplar\u0131m\u0131z\u00a0sayfam\u0131zda belirtilen banka hesaplar\u0131m\u0131zdan (TL) herhangi birine yapabilirsiniz. 2)\u00a0Sitemizde kap\u0131da \u00f6deme ve kredi \/ banka kart\u0131 ile \u00f6deme opsiyonu bulunmaktad\u0131r. 3)\u00a0Sipari\u015f Bedeli \u0130adesi Sipari\u015flerinizin olas\u0131 sebeplerle iptali durumunda; Salkom Kozmetik \u00fc\u00e7 i\u015f g\u00fcn\u00fc i\u00e7erisinde \u00fcr\u00fcn bedelini hesab\u0131n\u0131za ve\/veya kredi kart\u0131n\u0131za iade eder. Ancak, banka hesap bilgilerinizi [&hellip;]","og_url":"https:\/\/www.salkom.com.tr\/odeme-teslimat-politikasi\/","og_site_name":"Salkom Kozmetik","article_publisher":"https:\/\/www.facebook.com\/salkomkozmetikofficial","og_image":[{"width":1024,"height":1024,"url":"https:\/\/www.salkom.com.tr\/wp-content\/uploads\/2020\/07\/Salkom-Logo-V-1024x1024-1.png","type":"image\/png"}],"twitter_card":"summary_large_image","twitter_site":"@Salkom_Kozmetik","twitter_misc":{"Tahmini okuma s\u00fcresi":"3 dakika"},"schema":{"@context":"https:\/\/schema.org","@graph":[{"@type":"WebPage","@id":"https:\/\/www.salkom.com.tr\/odeme-teslimat-politikasi\/","url":"https:\/\/www.salkom.com.tr\/odeme-teslimat-politikasi\/","name":"\u00d6deme & Teslimat Politikas\u0131 | Salkom Kozmetik","isPartOf":{"@id":"https:\/\/www.salkom.com.tr\/#website"},"datePublished":"2021-07-27T13:30:03+00:00","dateModified":"2021-07-27T13:30:03+00:00","breadcrumb":{"@id":"https:\/\/www.salkom.com.tr\/odeme-teslimat-politikasi\/#breadcrumb"},"inLanguage":"tr","potentialAction":[{"@type":"ReadAction","target":["https:\/\/www.salkom.com.tr\/odeme-teslimat-politikasi\/"]}]},{"@type":"BreadcrumbList","@id":"https:\/\/www.salkom.com.tr\/odeme-teslimat-politikasi\/#breadcrumb","itemListElement":[{"@type":"ListItem","position":1,"name":"Ana sayfa","item":"https:\/\/www.salkom.com.tr\/"},{"@type":"ListItem","position":2,"name":"\u00d6deme &#038; Teslimat Politikas\u0131"}]},{"@type":"WebSite","@id":"https:\/\/www.salkom.com.tr\/#website","url":"https:\/\/www.salkom.com.tr\/","name":"Salkom Kozmetik","description":"Bir Tutam Sa\u011fl\u0131k","publisher":{"@id":"https:\/\/www.salkom.com.tr\/#organization"},"potentialAction":[{"@type":"SearchAction","target":{"@type":"EntryPoint","urlTemplate":"https:\/\/www.salkom.com.tr\/?s={search_term_string}"},"query-input":"required name=search_term_string"}],"inLanguage":"tr"},{"@type":"Organization","@id":"https:\/\/www.salkom.com.tr\/#organization","name":"Salkom Kozmetik","url":"https:\/\/www.salkom.com.tr\/","sameAs":["https:\/\/www.instagram.com\/salkomkozmetik\/","https:\/\/www.linkedin.com\/company\/salkom-kozmetik","https:\/\/www.pinterest.com\/salkomkozmetik\/","https:\/\/www.youtube.com\/channel\/UCLRdJ8dZvenffT4rp-lWGeA\/","https:\/\/www.facebook.com\/salkomkozmetikofficial","https:\/\/twitter.com\/Salkom_Kozmetik"],"logo":{"@type":"ImageObject","inLanguage":"tr","@id":"https:\/\/www.salkom.com.tr\/#\/schema\/logo\/image\/","url":"https:\/\/www.salkom.com.tr\/wp-content\/uploads\/2020\/07\/Salkom-Logo-V-1024x1024-1.png","contentUrl":"https:\/\/www.salkom.com.tr\/wp-content\/uploads\/2020\/07\/Salkom-Logo-V-1024x1024-1.png","width":1024,"height":1024,"caption":"Salkom Kozmetik"},"image":{"@id":"https:\/\/www.salkom.com.tr\/#\/schema\/logo\/image\/"}}]}},"_links":{"self":[{"href":"https:\/\/www.salkom.com.tr\/en\/wp-json\/wp\/v2\/pages\/7224"}],"collection":[{"href":"https:\/\/www.salkom.com.tr\/en\/wp-json\/wp\/v2\/pages"}],"about":[{"href":"https:\/\/www.salkom.com.tr\/en\/wp-json\/wp\/v2\/types\/page"}],"author":[{"embeddable":true,"href":"https:\/\/www.salkom.com.tr\/en\/wp-json\/wp\/v2\/users\/12"}],"replies":[{"embeddable":true,"href":"https:\/\/www.salkom.com.tr\/en\/wp-json\/wp\/v2\/comments?post=7224"}],"version-history":[{"count":0,"href":"https:\/\/www.salkom.com.tr\/en\/wp-json\/wp\/v2\/pages\/7224\/revisions"}],"wp:featuredmedia":[{"embeddable":true,"href":"https:\/\/www.salkom.com.tr\/en\/wp-json\/"}],"wp:attachment":[{"href":"https:\/\/www.salkom.com.tr\/en\/wp-json\/wp\/v2\/media?parent=7224"}],"curies":[{"name":"wp","href":"https:\/\/api.w.org\/{rel}","templated":true}]}}