{"id":7223,"date":"2021-07-27T16:24:14","date_gmt":"2021-07-27T13:24:14","guid":{"rendered":"https:\/\/salkom.paralaks.net\/?page_id=5624"},"modified":"2021-07-27T16:24:14","modified_gmt":"2021-07-27T13:24:14","slug":"iade-degisim-politikasi","status":"publish","type":"page","link":"https:\/\/www.salkom.com.tr\/en\/iade-degisim-politikasi\/","title":{"rendered":"\u0130ade &#038; De\u011fi\u015fim Politikas\u0131"},"content":{"rendered":"<p>\u0130ADE \u0130\u015eLEMLER\u0130 &#038; PARA \u0130ADES\u0130<\/p>\n<p>Salkom Kozmetik Sanal ma\u011fazas\u0131ndan sat\u0131n alm\u0131\u015f oldu\u011funuz \u00fcr\u00fcnleri, mesafeli sat\u0131\u015f anla\u015fmas\u0131 gere\u011fi 14 g\u00fcn i\u00e7erisinde iade edebilirsiniz. Bu hakk\u0131n kullan\u0131labilmesi i\u00e7in, cayma karar\u0131n\u0131n SALKOM KOZMET\u0130k\u2019e 14 g\u00fcnl\u00fck bu s\u00fcre zarf\u0131nda bildirilmesi gerekmektedir.<\/p>\n<p>\u0130ade ya da de\u011fi\u015fim talepleri i\u00e7in <strong>0800 211 00 91<\/strong> numaral\u0131 telefonumuzdan, Whatsapp Destek Hatt\u0131m\u0131zdan bize ula\u015fabilir, veya \u0130leti\u015fim formunu kullanabilirsiniz.<\/p>\n<p>\u00dcr\u00fcn taraf\u0131m\u0131za ula\u015ft\u0131ktan sonra gerekli incelemelerin ard\u0131ndan iade i\u015flemleriniz ba\u015flat\u0131lacakt\u0131r. E\u011fer sipari\u015finiz size g\u00f6nderilmemi\u015f ise, Whatsapp \u00fczerinden talebinizi belirtti\u011finiz anda sipari\u015finiz iptal edilecektir.<\/p>\n<p>\u0130ade etmek istedi\u011finiz \u00fcr\u00fcnlerin, size g\u00f6nderilen \u015fekliyle, \u00fcr\u00fcn, fatura, irsaliye, sertifika, ve di\u011fer t\u00fcm materyalleriyle birlikte eksiksiz olarak size bildirece\u011fimiz adrese g\u00f6nderilmesi gerekmektedir.<\/p>\n<p>Fatura asl\u0131 g\u00f6nderilmeyen \u00fcr\u00fcnlerin iadesi ger\u00e7ekle\u015femez. \u00dcr\u00fcn, uzmanlar\u0131m\u0131z taraf\u0131ndan incelendikten sonra, iade i\u015flemleri ba\u015flat\u0131l\u0131r ve onaylanmas\u0131 akabinde, bedeli sipari\u015f kredi kart\u0131 kullan\u0131larak verildiyse kredi kart\u0131na, havale\/EFT yoluyla verildiyse banka hesab\u0131na iade edilir.<\/p>\n<p>\u00dcr\u00fcnlerin de\u011fi\u015fimini de 14 g\u00fcn i\u00e7inde ambalaj\u0131 a\u00e7\u0131lmam\u0131\u015f ve kullan\u0131lmam\u0131\u015f olmak \u015fart\u0131yla yapman\u0131z m\u00fcmk\u00fcnd\u00fcr.<\/p>\n","protected":false},"excerpt":{"rendered":"<p>\u0130ADE \u0130\u015eLEMLER\u0130 &#038; PARA \u0130ADES\u0130 Salkom Kozmetik Sanal ma\u011fazas\u0131ndan sat\u0131n alm\u0131\u015f oldu\u011funuz \u00fcr\u00fcnleri, mesafeli sat\u0131\u015f anla\u015fmas\u0131 gere\u011fi 14 g\u00fcn i\u00e7erisinde iade edebilirsiniz. Bu hakk\u0131n kullan\u0131labilmesi i\u00e7in, cayma karar\u0131n\u0131n SALKOM KOZMET\u0130k\u2019e 14 g\u00fcnl\u00fck bu s\u00fcre zarf\u0131nda bildirilmesi gerekmektedir. \u0130ade ya da de\u011fi\u015fim talepleri i\u00e7in 0800 211 00 91 numaral\u0131 telefonumuzdan, Whatsapp Destek Hatt\u0131m\u0131zdan bize ula\u015fabilir, veya [&hellip;]<\/p>\n","protected":false},"author":12,"featured_media":-1,"parent":0,"menu_order":14,"comment_status":"closed","ping_status":"closed","template":"","meta":[],"yoast_head":"<!-- This site is optimized with the Yoast SEO Premium plugin v16.5 (Yoast SEO v19.5.1) - https:\/\/yoast.com\/wordpress\/plugins\/seo\/ -->\n<title>\u0130ade &amp; De\u011fi\u015fim Politikas\u0131 | Salkom Kozmetik<\/title>\n<meta name=\"robots\" content=\"index, follow, max-snippet:-1, max-image-preview:large, max-video-preview:-1\" \/>\n<link rel=\"canonical\" href=\"https:\/\/www.salkom.com.tr\/iade-degisim-politikasi\/\" \/>\n<meta property=\"og:locale\" content=\"tr_TR\" \/>\n<meta property=\"og:type\" content=\"article\" \/>\n<meta property=\"og:title\" content=\"\u0130ade &amp; De\u011fi\u015fim Politikas\u0131\" \/>\n<meta property=\"og:description\" content=\"\u0130ADE \u0130\u015eLEMLER\u0130 &#038; PARA \u0130ADES\u0130 Salkom Kozmetik Sanal ma\u011fazas\u0131ndan sat\u0131n alm\u0131\u015f oldu\u011funuz \u00fcr\u00fcnleri, mesafeli sat\u0131\u015f anla\u015fmas\u0131 gere\u011fi 14 g\u00fcn i\u00e7erisinde iade edebilirsiniz. Bu hakk\u0131n kullan\u0131labilmesi i\u00e7in, cayma karar\u0131n\u0131n SALKOM KOZMET\u0130k\u2019e 14 g\u00fcnl\u00fck bu s\u00fcre zarf\u0131nda bildirilmesi gerekmektedir. \u0130ade ya da de\u011fi\u015fim talepleri i\u00e7in 0800 211 00 91 numaral\u0131 telefonumuzdan, Whatsapp Destek Hatt\u0131m\u0131zdan bize ula\u015fabilir, veya [&hellip;]\" \/>\n<meta property=\"og:url\" content=\"https:\/\/www.salkom.com.tr\/iade-degisim-politikasi\/\" \/>\n<meta property=\"og:site_name\" content=\"Salkom Kozmetik\" \/>\n<meta property=\"article:publisher\" content=\"https:\/\/www.facebook.com\/salkomkozmetikofficial\" \/>\n<meta property=\"og:image\" content=\"https:\/\/www.salkom.com.tr\/wp-content\/uploads\/2020\/07\/Salkom-Logo-V-1024x1024-1.png\" \/>\n\t<meta property=\"og:image:width\" content=\"1024\" \/>\n\t<meta property=\"og:image:height\" content=\"1024\" \/>\n\t<meta property=\"og:image:type\" content=\"image\/png\" \/>\n<meta name=\"twitter:card\" content=\"summary_large_image\" \/>\n<meta name=\"twitter:site\" content=\"@Salkom_Kozmetik\" \/>\n<meta name=\"twitter:label1\" content=\"Tahmini okuma s\u00fcresi\" \/>\n\t<meta name=\"twitter:data1\" content=\"1 dakika\" \/>\n<script type=\"application\/ld+json\" class=\"yoast-schema-graph\">{\"@context\":\"https:\/\/schema.org\",\"@graph\":[{\"@type\":\"WebPage\",\"@id\":\"https:\/\/www.salkom.com.tr\/iade-degisim-politikasi\/\",\"url\":\"https:\/\/www.salkom.com.tr\/iade-degisim-politikasi\/\",\"name\":\"\u0130ade & De\u011fi\u015fim Politikas\u0131 | Salkom Kozmetik\",\"isPartOf\":{\"@id\":\"https:\/\/www.salkom.com.tr\/#website\"},\"datePublished\":\"2021-07-27T13:24:14+00:00\",\"dateModified\":\"2021-07-27T13:24:14+00:00\",\"breadcrumb\":{\"@id\":\"https:\/\/www.salkom.com.tr\/iade-degisim-politikasi\/#breadcrumb\"},\"inLanguage\":\"tr\",\"potentialAction\":[{\"@type\":\"ReadAction\",\"target\":[\"https:\/\/www.salkom.com.tr\/iade-degisim-politikasi\/\"]}]},{\"@type\":\"BreadcrumbList\",\"@id\":\"https:\/\/www.salkom.com.tr\/iade-degisim-politikasi\/#breadcrumb\",\"itemListElement\":[{\"@type\":\"ListItem\",\"position\":1,\"name\":\"Ana sayfa\",\"item\":\"https:\/\/www.salkom.com.tr\/\"},{\"@type\":\"ListItem\",\"position\":2,\"name\":\"\u0130ade &#038; De\u011fi\u015fim Politikas\u0131\"}]},{\"@type\":\"WebSite\",\"@id\":\"https:\/\/www.salkom.com.tr\/#website\",\"url\":\"https:\/\/www.salkom.com.tr\/\",\"name\":\"Salkom Kozmetik\",\"description\":\"Bir Tutam Sa\u011fl\u0131k\",\"publisher\":{\"@id\":\"https:\/\/www.salkom.com.tr\/#organization\"},\"potentialAction\":[{\"@type\":\"SearchAction\",\"target\":{\"@type\":\"EntryPoint\",\"urlTemplate\":\"https:\/\/www.salkom.com.tr\/?s={search_term_string}\"},\"query-input\":\"required name=search_term_string\"}],\"inLanguage\":\"tr\"},{\"@type\":\"Organization\",\"@id\":\"https:\/\/www.salkom.com.tr\/#organization\",\"name\":\"Salkom Kozmetik\",\"url\":\"https:\/\/www.salkom.com.tr\/\",\"sameAs\":[\"https:\/\/www.instagram.com\/salkomkozmetik\/\",\"https:\/\/www.linkedin.com\/company\/salkom-kozmetik\",\"https:\/\/www.pinterest.com\/salkomkozmetik\/\",\"https:\/\/www.youtube.com\/channel\/UCLRdJ8dZvenffT4rp-lWGeA\/\",\"https:\/\/www.facebook.com\/salkomkozmetikofficial\",\"https:\/\/twitter.com\/Salkom_Kozmetik\"],\"logo\":{\"@type\":\"ImageObject\",\"inLanguage\":\"tr\",\"@id\":\"https:\/\/www.salkom.com.tr\/#\/schema\/logo\/image\/\",\"url\":\"https:\/\/www.salkom.com.tr\/wp-content\/uploads\/2020\/07\/Salkom-Logo-V-1024x1024-1.png\",\"contentUrl\":\"https:\/\/www.salkom.com.tr\/wp-content\/uploads\/2020\/07\/Salkom-Logo-V-1024x1024-1.png\",\"width\":1024,\"height\":1024,\"caption\":\"Salkom Kozmetik\"},\"image\":{\"@id\":\"https:\/\/www.salkom.com.tr\/#\/schema\/logo\/image\/\"}}]}<\/script>\n<!-- \/ Yoast SEO Premium plugin. -->","yoast_head_json":{"title":"\u0130ade & De\u011fi\u015fim Politikas\u0131 | Salkom Kozmetik","robots":{"index":"index","follow":"follow","max-snippet":"max-snippet:-1","max-image-preview":"max-image-preview:large","max-video-preview":"max-video-preview:-1"},"canonical":"https:\/\/www.salkom.com.tr\/iade-degisim-politikasi\/","og_locale":"tr_TR","og_type":"article","og_title":"\u0130ade & De\u011fi\u015fim Politikas\u0131","og_description":"\u0130ADE \u0130\u015eLEMLER\u0130 &#038; PARA \u0130ADES\u0130 Salkom Kozmetik Sanal ma\u011fazas\u0131ndan sat\u0131n alm\u0131\u015f oldu\u011funuz \u00fcr\u00fcnleri, mesafeli sat\u0131\u015f anla\u015fmas\u0131 gere\u011fi 14 g\u00fcn i\u00e7erisinde iade edebilirsiniz. Bu hakk\u0131n kullan\u0131labilmesi i\u00e7in, cayma karar\u0131n\u0131n SALKOM KOZMET\u0130k\u2019e 14 g\u00fcnl\u00fck bu s\u00fcre zarf\u0131nda bildirilmesi gerekmektedir. \u0130ade ya da de\u011fi\u015fim talepleri i\u00e7in 0800 211 00 91 numaral\u0131 telefonumuzdan, Whatsapp Destek Hatt\u0131m\u0131zdan bize ula\u015fabilir, veya [&hellip;]","og_url":"https:\/\/www.salkom.com.tr\/iade-degisim-politikasi\/","og_site_name":"Salkom Kozmetik","article_publisher":"https:\/\/www.facebook.com\/salkomkozmetikofficial","og_image":[{"width":1024,"height":1024,"url":"https:\/\/www.salkom.com.tr\/wp-content\/uploads\/2020\/07\/Salkom-Logo-V-1024x1024-1.png","type":"image\/png"}],"twitter_card":"summary_large_image","twitter_site":"@Salkom_Kozmetik","twitter_misc":{"Tahmini okuma s\u00fcresi":"1 dakika"},"schema":{"@context":"https:\/\/schema.org","@graph":[{"@type":"WebPage","@id":"https:\/\/www.salkom.com.tr\/iade-degisim-politikasi\/","url":"https:\/\/www.salkom.com.tr\/iade-degisim-politikasi\/","name":"\u0130ade & De\u011fi\u015fim Politikas\u0131 | Salkom Kozmetik","isPartOf":{"@id":"https:\/\/www.salkom.com.tr\/#website"},"datePublished":"2021-07-27T13:24:14+00:00","dateModified":"2021-07-27T13:24:14+00:00","breadcrumb":{"@id":"https:\/\/www.salkom.com.tr\/iade-degisim-politikasi\/#breadcrumb"},"inLanguage":"tr","potentialAction":[{"@type":"ReadAction","target":["https:\/\/www.salkom.com.tr\/iade-degisim-politikasi\/"]}]},{"@type":"BreadcrumbList","@id":"https:\/\/www.salkom.com.tr\/iade-degisim-politikasi\/#breadcrumb","itemListElement":[{"@type":"ListItem","position":1,"name":"Ana sayfa","item":"https:\/\/www.salkom.com.tr\/"},{"@type":"ListItem","position":2,"name":"\u0130ade &#038; De\u011fi\u015fim Politikas\u0131"}]},{"@type":"WebSite","@id":"https:\/\/www.salkom.com.tr\/#website","url":"https:\/\/www.salkom.com.tr\/","name":"Salkom Kozmetik","description":"Bir Tutam Sa\u011fl\u0131k","publisher":{"@id":"https:\/\/www.salkom.com.tr\/#organization"},"potentialAction":[{"@type":"SearchAction","target":{"@type":"EntryPoint","urlTemplate":"https:\/\/www.salkom.com.tr\/?s={search_term_string}"},"query-input":"required name=search_term_string"}],"inLanguage":"tr"},{"@type":"Organization","@id":"https:\/\/www.salkom.com.tr\/#organization","name":"Salkom Kozmetik","url":"https:\/\/www.salkom.com.tr\/","sameAs":["https:\/\/www.instagram.com\/salkomkozmetik\/","https:\/\/www.linkedin.com\/company\/salkom-kozmetik","https:\/\/www.pinterest.com\/salkomkozmetik\/","https:\/\/www.youtube.com\/channel\/UCLRdJ8dZvenffT4rp-lWGeA\/","https:\/\/www.facebook.com\/salkomkozmetikofficial","https:\/\/twitter.com\/Salkom_Kozmetik"],"logo":{"@type":"ImageObject","inLanguage":"tr","@id":"https:\/\/www.salkom.com.tr\/#\/schema\/logo\/image\/","url":"https:\/\/www.salkom.com.tr\/wp-content\/uploads\/2020\/07\/Salkom-Logo-V-1024x1024-1.png","contentUrl":"https:\/\/www.salkom.com.tr\/wp-content\/uploads\/2020\/07\/Salkom-Logo-V-1024x1024-1.png","width":1024,"height":1024,"caption":"Salkom Kozmetik"},"image":{"@id":"https:\/\/www.salkom.com.tr\/#\/schema\/logo\/image\/"}}]}},"_links":{"self":[{"href":"https:\/\/www.salkom.com.tr\/en\/wp-json\/wp\/v2\/pages\/7223"}],"collection":[{"href":"https:\/\/www.salkom.com.tr\/en\/wp-json\/wp\/v2\/pages"}],"about":[{"href":"https:\/\/www.salkom.com.tr\/en\/wp-json\/wp\/v2\/types\/page"}],"author":[{"embeddable":true,"href":"https:\/\/www.salkom.com.tr\/en\/wp-json\/wp\/v2\/users\/12"}],"replies":[{"embeddable":true,"href":"https:\/\/www.salkom.com.tr\/en\/wp-json\/wp\/v2\/comments?post=7223"}],"version-history":[{"count":0,"href":"https:\/\/www.salkom.com.tr\/en\/wp-json\/wp\/v2\/pages\/7223\/revisions"}],"wp:featuredmedia":[{"embeddable":true,"href":"https:\/\/www.salkom.com.tr\/en\/wp-json\/"}],"wp:attachment":[{"href":"https:\/\/www.salkom.com.tr\/en\/wp-json\/wp\/v2\/media?parent=7223"}],"curies":[{"name":"wp","href":"https:\/\/api.w.org\/{rel}","templated":true}]}}