{"id":7222,"date":"2021-07-27T16:05:27","date_gmt":"2021-07-27T13:05:27","guid":{"rendered":"https:\/\/salkom.paralaks.net\/?page_id=5612"},"modified":"2021-07-27T16:05:27","modified_gmt":"2021-07-27T13:05:27","slug":"basin-odasi","status":"publish","type":"page","link":"https:\/\/www.salkom.com.tr\/en\/basin-odasi\/","title":{"rendered":"Bas\u0131n Odas\u0131"},"content":{"rendered":"<h2>Logolar\u0131m\u0131z<\/h2>\n<p>Bas\u0131n ve di\u011fer ihtiya\u00e7lar i\u00e7in as\u0131l belge, g\u00f6rsel ve logolara buradan eri\u015febilirsiniz.<\/p>\n<p style=\"text-align: center;\"><a href=\"https:\/\/www.salkom.com.tr\/wp-content\/uploads\/2020\/07\/Salkom-Logo-Vecrotel.png\" target=\"_blank\" rel=\"noopener\"><img loading=\"lazy\" class=\"aligncenter\" src=\"https:\/\/www.salkom.com.tr\/wp-content\/uploads\/2020\/07\/Salkom-Logo-Vecrotel.png\" sizes=\"(max-width: 5850px) 100vw, 5850px\" srcset=\"https:\/\/www.salkom.com.tr\/wp-content\/uploads\/2020\/07\/Salkom-Logo-Vecrotel.png 5850w, https:\/\/www.salkom.com.tr\/wp-content\/uploads\/2020\/07\/Salkom-Logo-Vecrotel-300x95.png 300w, https:\/\/www.salkom.com.tr\/wp-content\/uploads\/2020\/07\/Salkom-Logo-Vecrotel-1024x325.png 1024w, https:\/\/www.salkom.com.tr\/wp-content\/uploads\/2020\/07\/Salkom-Logo-Vecrotel-768x244.png 768w, https:\/\/www.salkom.com.tr\/wp-content\/uploads\/2020\/07\/Salkom-Logo-Vecrotel-1536x488.png 1536w, https:\/\/www.salkom.com.tr\/wp-content\/uploads\/2020\/07\/Salkom-Logo-Vecrotel-2048x650.png 2048w, https:\/\/www.salkom.com.tr\/wp-content\/uploads\/2020\/07\/Salkom-Logo-Vecrotel-600x190.png 600w\" alt=\"Salkom Logo\" width=\"465\" height=\"auto\" \/><\/a><br \/>\n<a href=\"https:\/\/www.salkom.com.tr\/wp-content\/uploads\/2020\/08\/Salkom-Logo-Siyah.png\" target=\"_blank\" rel=\"noopener\"><img loading=\"lazy\" class=\"aligncenter\" src=\"https:\/\/www.salkom.com.tr\/wp-content\/uploads\/2020\/08\/Salkom-Logo-Siyah.png\" sizes=\"(max-width: 3000px) 100vw, 3000px\" srcset=\"https:\/\/www.salkom.com.tr\/wp-content\/uploads\/2020\/08\/Salkom-Logo-Siyah.png 3000w, https:\/\/www.salkom.com.tr\/wp-content\/uploads\/2020\/08\/Salkom-Logo-Siyah-300x111.png 300w, https:\/\/www.salkom.com.tr\/wp-content\/uploads\/2020\/08\/Salkom-Logo-Siyah-1024x379.png 1024w, https:\/\/www.salkom.com.tr\/wp-content\/uploads\/2020\/08\/Salkom-Logo-Siyah-768x284.png 768w, https:\/\/www.salkom.com.tr\/wp-content\/uploads\/2020\/08\/Salkom-Logo-Siyah-1536x568.png 1536w, https:\/\/www.salkom.com.tr\/wp-content\/uploads\/2020\/08\/Salkom-Logo-Siyah-2048x757.png 2048w, https:\/\/www.salkom.com.tr\/wp-content\/uploads\/2020\/08\/Salkom-Logo-Siyah-600x222.png 600w\" alt=\"Salkom Logo Siyah\" width=\"465\" height=\"auto\" \/><\/a><\/p>\n<table class=\" aligncenter\" style=\"width: 465px; height: auto; border-collapse: collapse;\">\n<tbody>\n<tr>\n<td style=\"width: 100%; background-color: #363636;\"><a href=\"https:\/\/www.salkom.com.tr\/wp-content\/uploads\/2020\/08\/Salkom-Logo-Beyaz.png\" target=\"_blank\" rel=\"noopener\"><img loading=\"lazy\" class=\"aligncenter\" src=\"https:\/\/www.salkom.com.tr\/wp-content\/uploads\/2020\/08\/Salkom-Logo-Beyaz.png\" sizes=\"(max-width: 3000px) 100vw, 3000px\" srcset=\"https:\/\/www.salkom.com.tr\/wp-content\/uploads\/2020\/08\/Salkom-Logo-Beyaz.png 3000w, https:\/\/www.salkom.com.tr\/wp-content\/uploads\/2020\/08\/Salkom-Logo-Beyaz-300x111.png 300w, https:\/\/www.salkom.com.tr\/wp-content\/uploads\/2020\/08\/Salkom-Logo-Beyaz-1024x379.png 1024w, https:\/\/www.salkom.com.tr\/wp-content\/uploads\/2020\/08\/Salkom-Logo-Beyaz-768x284.png 768w, https:\/\/www.salkom.com.tr\/wp-content\/uploads\/2020\/08\/Salkom-Logo-Beyaz-1536x568.png 1536w, https:\/\/www.salkom.com.tr\/wp-content\/uploads\/2020\/08\/Salkom-Logo-Beyaz-2048x757.png 2048w, https:\/\/www.salkom.com.tr\/wp-content\/uploads\/2020\/08\/Salkom-Logo-Beyaz-600x222.png 600w\" alt=\"Salkom Logo Beyaz\" width=\"466\" height=\"173\" \/><\/a><\/td>\n<\/tr>\n<\/tbody>\n<\/table>\n<p style=\"text-align: center;\"><a href=\"https:\/\/www.salkom.com.tr\/download\/4599\/\" target=\"_blank\" rel=\"noopener\" class=\"contentbuton\">SALKOM KURUMSAL K\u0130ML\u0130K (PDF)<\/a><\/p>\n<p style=\"text-align: center;\"><a href=\"https:\/\/www.salkom.com.tr\/cevrim-ici-katalog\/\" class=\"contentbutonborder\">\u00dcR\u00dcN KATALOGLARI<\/a><\/p>\n","protected":false},"excerpt":{"rendered":"<p>Logolar\u0131m\u0131z Bas\u0131n ve di\u011fer ihtiya\u00e7lar i\u00e7in as\u0131l belge, g\u00f6rsel ve logolara buradan eri\u015febilirsiniz. SALKOM KURUMSAL K\u0130ML\u0130K (PDF) \u00dcR\u00dcN KATALOGLARI<\/p>\n","protected":false},"author":12,"featured_media":-1,"parent":0,"menu_order":15,"comment_status":"closed","ping_status":"closed","template":"","meta":[],"yoast_head":"<!-- This site is optimized with the Yoast SEO Premium plugin v16.5 (Yoast SEO v19.5.1) - https:\/\/yoast.com\/wordpress\/plugins\/seo\/ -->\n<title>Bas\u0131n Odas\u0131 | Salkom Kozmetik<\/title>\n<meta name=\"robots\" content=\"index, follow, max-snippet:-1, max-image-preview:large, max-video-preview:-1\" \/>\n<link rel=\"canonical\" href=\"https:\/\/www.salkom.com.tr\/basin-odasi\/\" \/>\n<meta property=\"og:locale\" content=\"tr_TR\" \/>\n<meta property=\"og:type\" content=\"article\" \/>\n<meta property=\"og:title\" content=\"Bas\u0131n Odas\u0131\" \/>\n<meta property=\"og:description\" content=\"Logolar\u0131m\u0131z Bas\u0131n ve di\u011fer ihtiya\u00e7lar i\u00e7in as\u0131l belge, g\u00f6rsel ve logolara buradan eri\u015febilirsiniz. SALKOM KURUMSAL K\u0130ML\u0130K (PDF) \u00dcR\u00dcN KATALOGLARI\" \/>\n<meta property=\"og:url\" content=\"https:\/\/www.salkom.com.tr\/basin-odasi\/\" \/>\n<meta property=\"og:site_name\" content=\"Salkom Kozmetik\" \/>\n<meta property=\"article:publisher\" content=\"https:\/\/www.facebook.com\/salkomkozmetikofficial\" \/>\n<meta property=\"og:image\" content=\"https:\/\/www.salkom.com.tr\/wp-content\/uploads\/2020\/07\/Salkom-Logo-V-1024x1024-1.png\" \/>\n\t<meta property=\"og:image:width\" content=\"1024\" \/>\n\t<meta property=\"og:image:height\" content=\"1024\" \/>\n\t<meta property=\"og:image:type\" content=\"image\/png\" \/>\n<meta name=\"twitter:card\" content=\"summary_large_image\" \/>\n<meta name=\"twitter:site\" content=\"@Salkom_Kozmetik\" \/>\n<script type=\"application\/ld+json\" class=\"yoast-schema-graph\">{\"@context\":\"https:\/\/schema.org\",\"@graph\":[{\"@type\":\"WebPage\",\"@id\":\"https:\/\/www.salkom.com.tr\/basin-odasi\/\",\"url\":\"https:\/\/www.salkom.com.tr\/basin-odasi\/\",\"name\":\"Bas\u0131n Odas\u0131 | Salkom Kozmetik\",\"isPartOf\":{\"@id\":\"https:\/\/www.salkom.com.tr\/#website\"},\"datePublished\":\"2021-07-27T13:05:27+00:00\",\"dateModified\":\"2021-07-27T13:05:27+00:00\",\"breadcrumb\":{\"@id\":\"https:\/\/www.salkom.com.tr\/basin-odasi\/#breadcrumb\"},\"inLanguage\":\"tr\",\"potentialAction\":[{\"@type\":\"ReadAction\",\"target\":[\"https:\/\/www.salkom.com.tr\/basin-odasi\/\"]}]},{\"@type\":\"BreadcrumbList\",\"@id\":\"https:\/\/www.salkom.com.tr\/basin-odasi\/#breadcrumb\",\"itemListElement\":[{\"@type\":\"ListItem\",\"position\":1,\"name\":\"Ana sayfa\",\"item\":\"https:\/\/www.salkom.com.tr\/\"},{\"@type\":\"ListItem\",\"position\":2,\"name\":\"Bas\u0131n Odas\u0131\"}]},{\"@type\":\"WebSite\",\"@id\":\"https:\/\/www.salkom.com.tr\/#website\",\"url\":\"https:\/\/www.salkom.com.tr\/\",\"name\":\"Salkom Kozmetik\",\"description\":\"Bir Tutam Sa\u011fl\u0131k\",\"publisher\":{\"@id\":\"https:\/\/www.salkom.com.tr\/#organization\"},\"potentialAction\":[{\"@type\":\"SearchAction\",\"target\":{\"@type\":\"EntryPoint\",\"urlTemplate\":\"https:\/\/www.salkom.com.tr\/?s={search_term_string}\"},\"query-input\":\"required name=search_term_string\"}],\"inLanguage\":\"tr\"},{\"@type\":\"Organization\",\"@id\":\"https:\/\/www.salkom.com.tr\/#organization\",\"name\":\"Salkom Kozmetik\",\"url\":\"https:\/\/www.salkom.com.tr\/\",\"sameAs\":[\"https:\/\/www.instagram.com\/salkomkozmetik\/\",\"https:\/\/www.linkedin.com\/company\/salkom-kozmetik\",\"https:\/\/www.pinterest.com\/salkomkozmetik\/\",\"https:\/\/www.youtube.com\/channel\/UCLRdJ8dZvenffT4rp-lWGeA\/\",\"https:\/\/www.facebook.com\/salkomkozmetikofficial\",\"https:\/\/twitter.com\/Salkom_Kozmetik\"],\"logo\":{\"@type\":\"ImageObject\",\"inLanguage\":\"tr\",\"@id\":\"https:\/\/www.salkom.com.tr\/#\/schema\/logo\/image\/\",\"url\":\"https:\/\/www.salkom.com.tr\/wp-content\/uploads\/2020\/07\/Salkom-Logo-V-1024x1024-1.png\",\"contentUrl\":\"https:\/\/www.salkom.com.tr\/wp-content\/uploads\/2020\/07\/Salkom-Logo-V-1024x1024-1.png\",\"width\":1024,\"height\":1024,\"caption\":\"Salkom Kozmetik\"},\"image\":{\"@id\":\"https:\/\/www.salkom.com.tr\/#\/schema\/logo\/image\/\"}}]}<\/script>\n<!-- \/ Yoast SEO Premium plugin. -->","yoast_head_json":{"title":"Bas\u0131n Odas\u0131 | Salkom Kozmetik","robots":{"index":"index","follow":"follow","max-snippet":"max-snippet:-1","max-image-preview":"max-image-preview:large","max-video-preview":"max-video-preview:-1"},"canonical":"https:\/\/www.salkom.com.tr\/basin-odasi\/","og_locale":"tr_TR","og_type":"article","og_title":"Bas\u0131n Odas\u0131","og_description":"Logolar\u0131m\u0131z Bas\u0131n ve di\u011fer ihtiya\u00e7lar i\u00e7in as\u0131l belge, g\u00f6rsel ve logolara buradan eri\u015febilirsiniz. SALKOM KURUMSAL K\u0130ML\u0130K (PDF) \u00dcR\u00dcN KATALOGLARI","og_url":"https:\/\/www.salkom.com.tr\/basin-odasi\/","og_site_name":"Salkom Kozmetik","article_publisher":"https:\/\/www.facebook.com\/salkomkozmetikofficial","og_image":[{"width":1024,"height":1024,"url":"https:\/\/www.salkom.com.tr\/wp-content\/uploads\/2020\/07\/Salkom-Logo-V-1024x1024-1.png","type":"image\/png"}],"twitter_card":"summary_large_image","twitter_site":"@Salkom_Kozmetik","schema":{"@context":"https:\/\/schema.org","@graph":[{"@type":"WebPage","@id":"https:\/\/www.salkom.com.tr\/basin-odasi\/","url":"https:\/\/www.salkom.com.tr\/basin-odasi\/","name":"Bas\u0131n Odas\u0131 | Salkom Kozmetik","isPartOf":{"@id":"https:\/\/www.salkom.com.tr\/#website"},"datePublished":"2021-07-27T13:05:27+00:00","dateModified":"2021-07-27T13:05:27+00:00","breadcrumb":{"@id":"https:\/\/www.salkom.com.tr\/basin-odasi\/#breadcrumb"},"inLanguage":"tr","potentialAction":[{"@type":"ReadAction","target":["https:\/\/www.salkom.com.tr\/basin-odasi\/"]}]},{"@type":"BreadcrumbList","@id":"https:\/\/www.salkom.com.tr\/basin-odasi\/#breadcrumb","itemListElement":[{"@type":"ListItem","position":1,"name":"Ana sayfa","item":"https:\/\/www.salkom.com.tr\/"},{"@type":"ListItem","position":2,"name":"Bas\u0131n Odas\u0131"}]},{"@type":"WebSite","@id":"https:\/\/www.salkom.com.tr\/#website","url":"https:\/\/www.salkom.com.tr\/","name":"Salkom Kozmetik","description":"Bir Tutam Sa\u011fl\u0131k","publisher":{"@id":"https:\/\/www.salkom.com.tr\/#organization"},"potentialAction":[{"@type":"SearchAction","target":{"@type":"EntryPoint","urlTemplate":"https:\/\/www.salkom.com.tr\/?s={search_term_string}"},"query-input":"required name=search_term_string"}],"inLanguage":"tr"},{"@type":"Organization","@id":"https:\/\/www.salkom.com.tr\/#organization","name":"Salkom Kozmetik","url":"https:\/\/www.salkom.com.tr\/","sameAs":["https:\/\/www.instagram.com\/salkomkozmetik\/","https:\/\/www.linkedin.com\/company\/salkom-kozmetik","https:\/\/www.pinterest.com\/salkomkozmetik\/","https:\/\/www.youtube.com\/channel\/UCLRdJ8dZvenffT4rp-lWGeA\/","https:\/\/www.facebook.com\/salkomkozmetikofficial","https:\/\/twitter.com\/Salkom_Kozmetik"],"logo":{"@type":"ImageObject","inLanguage":"tr","@id":"https:\/\/www.salkom.com.tr\/#\/schema\/logo\/image\/","url":"https:\/\/www.salkom.com.tr\/wp-content\/uploads\/2020\/07\/Salkom-Logo-V-1024x1024-1.png","contentUrl":"https:\/\/www.salkom.com.tr\/wp-content\/uploads\/2020\/07\/Salkom-Logo-V-1024x1024-1.png","width":1024,"height":1024,"caption":"Salkom Kozmetik"},"image":{"@id":"https:\/\/www.salkom.com.tr\/#\/schema\/logo\/image\/"}}]}},"_links":{"self":[{"href":"https:\/\/www.salkom.com.tr\/en\/wp-json\/wp\/v2\/pages\/7222"}],"collection":[{"href":"https:\/\/www.salkom.com.tr\/en\/wp-json\/wp\/v2\/pages"}],"about":[{"href":"https:\/\/www.salkom.com.tr\/en\/wp-json\/wp\/v2\/types\/page"}],"author":[{"embeddable":true,"href":"https:\/\/www.salkom.com.tr\/en\/wp-json\/wp\/v2\/users\/12"}],"replies":[{"embeddable":true,"href":"https:\/\/www.salkom.com.tr\/en\/wp-json\/wp\/v2\/comments?post=7222"}],"version-history":[{"count":0,"href":"https:\/\/www.salkom.com.tr\/en\/wp-json\/wp\/v2\/pages\/7222\/revisions"}],"wp:featuredmedia":[{"embeddable":true,"href":"https:\/\/www.salkom.com.tr\/en\/wp-json\/"}],"wp:attachment":[{"href":"https:\/\/www.salkom.com.tr\/en\/wp-json\/wp\/v2\/media?parent=7222"}],"curies":[{"name":"wp","href":"https:\/\/api.w.org\/{rel}","templated":true}]}}