{"id":5604,"date":"2021-07-27T15:51:50","date_gmt":"2021-07-27T12:51:50","guid":{"rendered":"https:\/\/salkom.paralaks.net\/?page_id=5604"},"modified":"2021-07-27T15:51:50","modified_gmt":"2021-07-27T12:51:50","slug":"salkom-standartlari","status":"publish","type":"page","link":"https:\/\/www.salkom.com.tr\/en\/salkom-standartlari\/","title":{"rendered":"Salkom Standartlar\u0131"},"content":{"rendered":"<h2>Kozmetik ciddi bir i\u015ftir ve biz bu ciddiyetin 18 seneden beri fark\u0131nday\u0131z!<\/h2>\n<p>Salkom \u00fcr\u00fcnlerinin tamam\u0131nda a\u015fa\u011f\u0131daki standartlar ge\u00e7erli olup, uluslararas\u0131 t\u00fcm dermatolojik analiz ve laboratuvar testlerinden ba\u015far\u0131 ile ge\u00e7mi\u015ftir.<\/p>\n<ul>\n<li>\u00dcr\u00fcnlerimizin <strong>T.C. Sa\u011fl\u0131k Bakanl\u0131\u011f\u0131<\/strong> bildirimleri mevcuttur.<br \/>\n<img loading=\"lazy\" class=\"vc_single_image-img attachment-full alignright\" src=\"https:\/\/www.salkom.com.tr\/wp-content\/uploads\/2020\/07\/Salkom-Logo-Vektorel.svg\" alt=\"Salkom Logo\" width=\"432\" height=\"145\" \/><\/li>\n<li>\u00dcretimlerimiz <strong>GMP<\/strong> kurallar\u0131na g\u00f6re yap\u0131lmaktad\u0131r.<\/li>\n<li>\u00dcretimlerimizin tamam\u0131 <strong>ISO<\/strong> standard\u0131nda tesislerde ger\u00e7ekle\u015ftirilir.<\/li>\n<li>\u00dcr\u00fcnlerimizin tamam\u0131 <strong>Helal Sertifikas\u0131na<\/strong> sahip tesislerde \u00dcretilmi\u015ftir.<\/li>\n<li>T\u00fcm \u00fcr\u00fcnlerimizin <strong>Helal Sertifikas\u0131<\/strong> bulunmaktad\u0131r.<\/li>\n<\/ul>\n<h2>Salkom \u00fcr\u00fcnleri 4 farkl\u0131 testten ge\u00e7mektedir.<\/h2>\n<ul>\n<li>Mikrobiyoloji Challenge testleri yap\u0131lm\u0131\u015ft\u0131r.<\/li>\n<li>Dermatoloji testleri yap\u0131lm\u0131\u015ft\u0131r.<\/li>\n<li>Alerjen akredite testleri Skopbio laboratuvarlar\u0131 ve Virgin University laboratuvarlar\u0131nda yap\u0131lm\u0131\u015ft\u0131r.<\/li>\n<\/ul>\n","protected":false},"excerpt":{"rendered":"<p>Kozmetik ciddi bir i\u015ftir ve biz bu ciddiyetin 18 seneden beri fark\u0131nday\u0131z! Salkom \u00fcr\u00fcnlerinin tamam\u0131nda a\u015fa\u011f\u0131daki standartlar ge\u00e7erli olup, uluslararas\u0131 t\u00fcm dermatolojik analiz ve laboratuvar testlerinden ba\u015far\u0131 ile ge\u00e7mi\u015ftir. \u00dcr\u00fcnlerimizin T.C. Sa\u011fl\u0131k Bakanl\u0131\u011f\u0131 bildirimleri mevcuttur. \u00dcretimlerimiz GMP kurallar\u0131na g\u00f6re yap\u0131lmaktad\u0131r. \u00dcretimlerimizin tamam\u0131 ISO standard\u0131nda tesislerde ger\u00e7ekle\u015ftirilir. \u00dcr\u00fcnlerimizin tamam\u0131 Helal Sertifikas\u0131na sahip tesislerde \u00dcretilmi\u015ftir. T\u00fcm \u00fcr\u00fcnlerimizin [&hellip;]<\/p>\n","protected":false},"author":12,"featured_media":-1,"parent":0,"menu_order":16,"comment_status":"closed","ping_status":"closed","template":"","meta":[],"yoast_head":"<!-- This site is optimized with the Yoast SEO Premium plugin v16.5 (Yoast SEO v19.5.1) - https:\/\/yoast.com\/wordpress\/plugins\/seo\/ -->\n<title>Salkom Standartlar\u0131 | Salkom Kozmetik<\/title>\n<meta name=\"robots\" content=\"index, follow, max-snippet:-1, max-image-preview:large, max-video-preview:-1\" \/>\n<link rel=\"canonical\" href=\"https:\/\/www.salkom.com.tr\/salkom-standartlari\/\" \/>\n<meta property=\"og:locale\" content=\"tr_TR\" \/>\n<meta property=\"og:type\" content=\"article\" \/>\n<meta property=\"og:title\" content=\"Salkom Standartlar\u0131\" \/>\n<meta property=\"og:description\" content=\"Kozmetik ciddi bir i\u015ftir ve biz bu ciddiyetin 18 seneden beri fark\u0131nday\u0131z! Salkom \u00fcr\u00fcnlerinin tamam\u0131nda a\u015fa\u011f\u0131daki standartlar ge\u00e7erli olup, uluslararas\u0131 t\u00fcm dermatolojik analiz ve laboratuvar testlerinden ba\u015far\u0131 ile ge\u00e7mi\u015ftir. \u00dcr\u00fcnlerimizin T.C. Sa\u011fl\u0131k Bakanl\u0131\u011f\u0131 bildirimleri mevcuttur. \u00dcretimlerimiz GMP kurallar\u0131na g\u00f6re yap\u0131lmaktad\u0131r. \u00dcretimlerimizin tamam\u0131 ISO standard\u0131nda tesislerde ger\u00e7ekle\u015ftirilir. \u00dcr\u00fcnlerimizin tamam\u0131 Helal Sertifikas\u0131na sahip tesislerde \u00dcretilmi\u015ftir. T\u00fcm \u00fcr\u00fcnlerimizin [&hellip;]\" \/>\n<meta property=\"og:url\" content=\"https:\/\/www.salkom.com.tr\/salkom-standartlari\/\" \/>\n<meta property=\"og:site_name\" content=\"Salkom Kozmetik\" \/>\n<meta property=\"article:publisher\" content=\"https:\/\/www.facebook.com\/salkomkozmetikofficial\" \/>\n<meta property=\"og:image\" content=\"https:\/\/www.salkom.com.tr\/wp-content\/uploads\/2020\/07\/Salkom-Logo-V-1024x1024-1.png\" \/>\n\t<meta property=\"og:image:width\" content=\"1024\" \/>\n\t<meta property=\"og:image:height\" content=\"1024\" \/>\n\t<meta property=\"og:image:type\" content=\"image\/png\" \/>\n<meta name=\"twitter:card\" content=\"summary_large_image\" \/>\n<meta name=\"twitter:site\" content=\"@Salkom_Kozmetik\" \/>\n<meta name=\"twitter:label1\" content=\"Tahmini okuma s\u00fcresi\" \/>\n\t<meta name=\"twitter:data1\" content=\"1 dakika\" \/>\n<script type=\"application\/ld+json\" class=\"yoast-schema-graph\">{\"@context\":\"https:\/\/schema.org\",\"@graph\":[{\"@type\":\"WebPage\",\"@id\":\"https:\/\/www.salkom.com.tr\/salkom-standartlari\/\",\"url\":\"https:\/\/www.salkom.com.tr\/salkom-standartlari\/\",\"name\":\"Salkom Standartlar\u0131 | Salkom Kozmetik\",\"isPartOf\":{\"@id\":\"https:\/\/www.salkom.com.tr\/#website\"},\"datePublished\":\"2021-07-27T12:51:50+00:00\",\"dateModified\":\"2021-07-27T12:51:50+00:00\",\"breadcrumb\":{\"@id\":\"https:\/\/www.salkom.com.tr\/salkom-standartlari\/#breadcrumb\"},\"inLanguage\":\"tr\",\"potentialAction\":[{\"@type\":\"ReadAction\",\"target\":[\"https:\/\/www.salkom.com.tr\/salkom-standartlari\/\"]}]},{\"@type\":\"BreadcrumbList\",\"@id\":\"https:\/\/www.salkom.com.tr\/salkom-standartlari\/#breadcrumb\",\"itemListElement\":[{\"@type\":\"ListItem\",\"position\":1,\"name\":\"Ana sayfa\",\"item\":\"https:\/\/www.salkom.com.tr\/\"},{\"@type\":\"ListItem\",\"position\":2,\"name\":\"Salkom Standartlar\u0131\"}]},{\"@type\":\"WebSite\",\"@id\":\"https:\/\/www.salkom.com.tr\/#website\",\"url\":\"https:\/\/www.salkom.com.tr\/\",\"name\":\"Salkom Kozmetik\",\"description\":\"Bir Tutam Sa\u011fl\u0131k\",\"publisher\":{\"@id\":\"https:\/\/www.salkom.com.tr\/#organization\"},\"potentialAction\":[{\"@type\":\"SearchAction\",\"target\":{\"@type\":\"EntryPoint\",\"urlTemplate\":\"https:\/\/www.salkom.com.tr\/?s={search_term_string}\"},\"query-input\":\"required name=search_term_string\"}],\"inLanguage\":\"tr\"},{\"@type\":\"Organization\",\"@id\":\"https:\/\/www.salkom.com.tr\/#organization\",\"name\":\"Salkom Kozmetik\",\"url\":\"https:\/\/www.salkom.com.tr\/\",\"sameAs\":[\"https:\/\/www.instagram.com\/salkomkozmetik\/\",\"https:\/\/www.linkedin.com\/company\/salkom-kozmetik\",\"https:\/\/www.pinterest.com\/salkomkozmetik\/\",\"https:\/\/www.youtube.com\/channel\/UCLRdJ8dZvenffT4rp-lWGeA\/\",\"https:\/\/www.facebook.com\/salkomkozmetikofficial\",\"https:\/\/twitter.com\/Salkom_Kozmetik\"],\"logo\":{\"@type\":\"ImageObject\",\"inLanguage\":\"tr\",\"@id\":\"https:\/\/www.salkom.com.tr\/#\/schema\/logo\/image\/\",\"url\":\"https:\/\/www.salkom.com.tr\/wp-content\/uploads\/2020\/07\/Salkom-Logo-V-1024x1024-1.png\",\"contentUrl\":\"https:\/\/www.salkom.com.tr\/wp-content\/uploads\/2020\/07\/Salkom-Logo-V-1024x1024-1.png\",\"width\":1024,\"height\":1024,\"caption\":\"Salkom Kozmetik\"},\"image\":{\"@id\":\"https:\/\/www.salkom.com.tr\/#\/schema\/logo\/image\/\"}}]}<\/script>\n<!-- \/ Yoast SEO Premium plugin. -->","yoast_head_json":{"title":"Salkom Standartlar\u0131 | Salkom Kozmetik","robots":{"index":"index","follow":"follow","max-snippet":"max-snippet:-1","max-image-preview":"max-image-preview:large","max-video-preview":"max-video-preview:-1"},"canonical":"https:\/\/www.salkom.com.tr\/salkom-standartlari\/","og_locale":"tr_TR","og_type":"article","og_title":"Salkom Standartlar\u0131","og_description":"Kozmetik ciddi bir i\u015ftir ve biz bu ciddiyetin 18 seneden beri fark\u0131nday\u0131z! Salkom \u00fcr\u00fcnlerinin tamam\u0131nda a\u015fa\u011f\u0131daki standartlar ge\u00e7erli olup, uluslararas\u0131 t\u00fcm dermatolojik analiz ve laboratuvar testlerinden ba\u015far\u0131 ile ge\u00e7mi\u015ftir. \u00dcr\u00fcnlerimizin T.C. Sa\u011fl\u0131k Bakanl\u0131\u011f\u0131 bildirimleri mevcuttur. \u00dcretimlerimiz GMP kurallar\u0131na g\u00f6re yap\u0131lmaktad\u0131r. \u00dcretimlerimizin tamam\u0131 ISO standard\u0131nda tesislerde ger\u00e7ekle\u015ftirilir. \u00dcr\u00fcnlerimizin tamam\u0131 Helal Sertifikas\u0131na sahip tesislerde \u00dcretilmi\u015ftir. T\u00fcm \u00fcr\u00fcnlerimizin [&hellip;]","og_url":"https:\/\/www.salkom.com.tr\/salkom-standartlari\/","og_site_name":"Salkom Kozmetik","article_publisher":"https:\/\/www.facebook.com\/salkomkozmetikofficial","og_image":[{"width":1024,"height":1024,"url":"https:\/\/www.salkom.com.tr\/wp-content\/uploads\/2020\/07\/Salkom-Logo-V-1024x1024-1.png","type":"image\/png"}],"twitter_card":"summary_large_image","twitter_site":"@Salkom_Kozmetik","twitter_misc":{"Tahmini okuma s\u00fcresi":"1 dakika"},"schema":{"@context":"https:\/\/schema.org","@graph":[{"@type":"WebPage","@id":"https:\/\/www.salkom.com.tr\/salkom-standartlari\/","url":"https:\/\/www.salkom.com.tr\/salkom-standartlari\/","name":"Salkom Standartlar\u0131 | Salkom Kozmetik","isPartOf":{"@id":"https:\/\/www.salkom.com.tr\/#website"},"datePublished":"2021-07-27T12:51:50+00:00","dateModified":"2021-07-27T12:51:50+00:00","breadcrumb":{"@id":"https:\/\/www.salkom.com.tr\/salkom-standartlari\/#breadcrumb"},"inLanguage":"tr","potentialAction":[{"@type":"ReadAction","target":["https:\/\/www.salkom.com.tr\/salkom-standartlari\/"]}]},{"@type":"BreadcrumbList","@id":"https:\/\/www.salkom.com.tr\/salkom-standartlari\/#breadcrumb","itemListElement":[{"@type":"ListItem","position":1,"name":"Ana sayfa","item":"https:\/\/www.salkom.com.tr\/"},{"@type":"ListItem","position":2,"name":"Salkom Standartlar\u0131"}]},{"@type":"WebSite","@id":"https:\/\/www.salkom.com.tr\/#website","url":"https:\/\/www.salkom.com.tr\/","name":"Salkom Kozmetik","description":"Bir Tutam Sa\u011fl\u0131k","publisher":{"@id":"https:\/\/www.salkom.com.tr\/#organization"},"potentialAction":[{"@type":"SearchAction","target":{"@type":"EntryPoint","urlTemplate":"https:\/\/www.salkom.com.tr\/?s={search_term_string}"},"query-input":"required name=search_term_string"}],"inLanguage":"tr"},{"@type":"Organization","@id":"https:\/\/www.salkom.com.tr\/#organization","name":"Salkom Kozmetik","url":"https:\/\/www.salkom.com.tr\/","sameAs":["https:\/\/www.instagram.com\/salkomkozmetik\/","https:\/\/www.linkedin.com\/company\/salkom-kozmetik","https:\/\/www.pinterest.com\/salkomkozmetik\/","https:\/\/www.youtube.com\/channel\/UCLRdJ8dZvenffT4rp-lWGeA\/","https:\/\/www.facebook.com\/salkomkozmetikofficial","https:\/\/twitter.com\/Salkom_Kozmetik"],"logo":{"@type":"ImageObject","inLanguage":"tr","@id":"https:\/\/www.salkom.com.tr\/#\/schema\/logo\/image\/","url":"https:\/\/www.salkom.com.tr\/wp-content\/uploads\/2020\/07\/Salkom-Logo-V-1024x1024-1.png","contentUrl":"https:\/\/www.salkom.com.tr\/wp-content\/uploads\/2020\/07\/Salkom-Logo-V-1024x1024-1.png","width":1024,"height":1024,"caption":"Salkom Kozmetik"},"image":{"@id":"https:\/\/www.salkom.com.tr\/#\/schema\/logo\/image\/"}}]}},"_links":{"self":[{"href":"https:\/\/www.salkom.com.tr\/en\/wp-json\/wp\/v2\/pages\/5604"}],"collection":[{"href":"https:\/\/www.salkom.com.tr\/en\/wp-json\/wp\/v2\/pages"}],"about":[{"href":"https:\/\/www.salkom.com.tr\/en\/wp-json\/wp\/v2\/types\/page"}],"author":[{"embeddable":true,"href":"https:\/\/www.salkom.com.tr\/en\/wp-json\/wp\/v2\/users\/12"}],"replies":[{"embeddable":true,"href":"https:\/\/www.salkom.com.tr\/en\/wp-json\/wp\/v2\/comments?post=5604"}],"version-history":[{"count":0,"href":"https:\/\/www.salkom.com.tr\/en\/wp-json\/wp\/v2\/pages\/5604\/revisions"}],"wp:featuredmedia":[{"embeddable":true,"href":"https:\/\/www.salkom.com.tr\/en\/wp-json\/"}],"wp:attachment":[{"href":"https:\/\/www.salkom.com.tr\/en\/wp-json\/wp\/v2\/media?parent=5604"}],"curies":[{"name":"wp","href":"https:\/\/api.w.org\/{rel}","templated":true}]}}