{"id":5592,"date":"2021-07-27T15:30:27","date_gmt":"2021-07-27T12:30:27","guid":{"rendered":"https:\/\/salkom.paralaks.net\/?page_id=5592"},"modified":"2021-07-27T15:30:27","modified_gmt":"2021-07-27T12:30:27","slug":"hakkimizda","status":"publish","type":"page","link":"https:\/\/www.salkom.com.tr\/en\/hakkimizda\/","title":{"rendered":"Hakk\u0131m\u0131zda"},"content":{"rendered":"<p><img loading=\"lazy\" class=\"vc_single_image-img attachment-full alignright\" style=\"color: #4f4f4f;\" src=\"https:\/\/www.salkom.com.tr\/wp-content\/uploads\/2020\/07\/Salkom-Logo-Vektorel.svg\" alt=\"Salkom Logo\" width=\"601\" height=\"202\" \/><\/p>\n<h2><span style=\"color: #4f4f4f;\"><strong>18 Y\u0131ld\u0131r Sa\u011fl\u0131k ve G\u00fczellik \u0130\u00e7in \u00dcretiyoruz.<\/strong><\/span><\/h2>\n<p><span style=\"font-size: 10pt; color: #4f4f4f;\">Sevgiyle \u00c7al\u0131\u015f\u0131yoruz \u00c7\u00fcnk\u00fc G\u00fczelli\u011fe Katk\u0131m\u0131z Olsun \u0130stiyoruz.<\/span><\/p>\n<p><span style=\"color: #4f4f4f;\">Salkom Kozmetik 2002 y\u0131l\u0131nda faaliyetlerine ba\u015flam\u0131\u015f olup; T\u00fcrkiye\u2019nin \u00f6nde gelen kozmetik firmalar\u0131ndan biridir. Firmam\u0131z sa\u011fl\u0131k ve ki\u015fisel bak\u0131m konusunda uzmanlardan olu\u015fan profesyonel ekibi ile do\u011fru, g\u00fcvenilir ve etkin \u00e7\u00f6z\u00fcmler sunar. Sosyal sorumluluk anlay\u0131\u015f\u0131 ile m\u00fc\u015fteri odakl\u0131 hizmet anlay\u0131\u015f\u0131n\u0131 benimsemektedir. Salkom olarak, bitkisel ve do\u011fall\u0131\u011f\u0131 ilke edinmi\u015f, insan sa\u011fl\u0131\u011f\u0131na zarar vermeyen, do\u011fal, bitkisel \u00fcr\u00fcnlerin \u00fcretimini yapmaktay\u0131z.<\/span><\/p>\n<p><span style=\"color: #4f4f4f;\">Salkom\u00ae ba\u015fta \u00fclkemiz olmak \u00fczere Avrupa, Asya ve Ortado\u011fu\u2019da faaliyetlerini s\u00fcrd\u00fcrmektedir.<\/span><\/p>\n<p><strong><span style=\"color: #4f4f4f;\">V\u0130ZYONUMUZ<\/span><\/strong><\/p>\n<p><span style=\"color: #4f4f4f;\">T\u00fcrk Kozmetik sekt\u00f6r\u00fcn\u00fcn lider kurulu\u015flar\u0131ndan biri olma yolunda ilerleyen Salkom\u00ae ;<\/span><\/p>\n<ul>\n<li><span style=\"color: #4f4f4f;\">Etik \u00e7al\u0131\u015fma ilkelerini benimseyen,<\/span><\/li>\n<li><span style=\"color: #4f4f4f;\">Nitelikli ve e\u011fitimli insan g\u00fcc\u00fcyle \u00e7al\u0131\u015fan,<\/span><\/li>\n<li><span style=\"color: #4f4f4f;\">M\u00fc\u015fterilerinin ihtiya\u00e7lar\u0131na \u00e7\u00f6z\u00fcm \u00fcreten,<\/span><\/li>\n<li><span style=\"color: #4f4f4f;\">Geni\u015f ve y\u00fcksek kaliteli \u00fcr\u00fcn yelpazesine sahip,<\/span><\/li>\n<li><span style=\"color: #4f4f4f;\">\u00c7evreye sayg\u0131 bilinci geli\u015fmi\u015f bir vizyona sahip olmaya \u00f6zen g\u00f6stermektedir.<\/span><\/li>\n<\/ul>\n<p><strong><span style=\"color: #4f4f4f;\">M\u0130SYONUMUZ<\/span><\/strong><\/p>\n<ul>\n<li><span style=\"color: #4f4f4f;\">Sa\u011fl\u0131kl\u0131 ve kaliteli ya\u015fam ilkelerini benimseyen,<\/span><\/li>\n<li><span style=\"color: #4f4f4f;\">D\u00fcnyadaki t\u00fcm geli\u015fmelere a\u00e7\u0131k,<\/span><\/li>\n<li><span style=\"color: #4f4f4f;\">T\u00fcm de\u011fi\u015fimlere h\u0131zla ayak uyduran,<\/span><\/li>\n<li><span style=\"color: #4f4f4f;\">\u00c7al\u0131\u015fanlar\u0131na profesyonel bir i\u015f ortam\u0131 haz\u0131rlayan,<\/span><\/li>\n<li><span style=\"color: #4f4f4f;\">\u00dcr\u00fcn kalitesinden \u00f6d\u00fcn vermeyen,<\/span><\/li>\n<li><span style=\"color: #4f4f4f;\">M\u00fc\u015fteri memnuniyetini birinci planda tutan,<\/span><\/li>\n<li><span style=\"color: #4f4f4f;\">T\u00fcrkiye\u2019deki kaynaklar\u0131 de\u011ferlendiren,<\/span><\/li>\n<li><span style=\"color: #4f4f4f;\">Ara\u015ft\u0131rma ve geli\u015ftirme faaliyetlerine yapt\u0131\u011f\u0131 y\u00fcksek yat\u0131r\u0131mlarla; uzun vadeli stratejiler belirleyen bir kurum olmaya b\u00fcy\u00fck \u00f6nem vermektedir.<\/span><\/li>\n<\/ul>\n<p><strong><span style=\"color: #4f4f4f;\">KAL\u0130TE POL\u0130T\u0130KAMIZ<\/span><\/strong><\/p>\n<ul>\n<li><span style=\"color: #4f4f4f;\">Salkom Kozmetik, kalite ve g\u00fcvenilirlik gerekliliklerini kar\u015f\u0131layan \u00fcr\u00fcnlerin piyasaya s\u00fcr\u00fclebilmesi i\u00e7in s\u0131k\u0131 kalite kontrol prosed\u00fcrleri uygulamaktad\u0131r.<\/span><\/li>\n<li><span style=\"color: #4f4f4f;\">\u00dcr\u00fcnlerimiz Sa\u011fl\u0131k Bakanl\u0131\u011f\u0131 kriterlerine uygun olarak ve Sa\u011fl\u0131k Bakanl\u0131\u011f\u0131 bildirimleri yap\u0131larak \u00fcretilmi\u015ftir.<\/span><\/li>\n<\/ul>\n","protected":false},"excerpt":{"rendered":"<p>18 Y\u0131ld\u0131r Sa\u011fl\u0131k ve G\u00fczellik \u0130\u00e7in \u00dcretiyoruz. Sevgiyle \u00c7al\u0131\u015f\u0131yoruz \u00c7\u00fcnk\u00fc G\u00fczelli\u011fe Katk\u0131m\u0131z Olsun \u0130stiyoruz. Salkom Kozmetik 2002 y\u0131l\u0131nda faaliyetlerine ba\u015flam\u0131\u015f olup; T\u00fcrkiye\u2019nin \u00f6nde gelen kozmetik firmalar\u0131ndan biridir. Firmam\u0131z sa\u011fl\u0131k ve ki\u015fisel bak\u0131m konusunda uzmanlardan olu\u015fan profesyonel ekibi ile do\u011fru, g\u00fcvenilir ve etkin \u00e7\u00f6z\u00fcmler sunar. Sosyal sorumluluk anlay\u0131\u015f\u0131 ile m\u00fc\u015fteri odakl\u0131 hizmet anlay\u0131\u015f\u0131n\u0131 benimsemektedir. Salkom olarak, [&hellip;]<\/p>\n","protected":false},"author":12,"featured_media":-1,"parent":0,"menu_order":17,"comment_status":"closed","ping_status":"closed","template":"hakkimizda.php","meta":[],"yoast_head":"<!-- This site is optimized with the Yoast SEO Premium plugin v16.5 (Yoast SEO v19.5.1) - https:\/\/yoast.com\/wordpress\/plugins\/seo\/ -->\n<title>Hakk\u0131m\u0131zda | Salkom Kozmetik<\/title>\n<meta name=\"robots\" content=\"index, follow, max-snippet:-1, max-image-preview:large, max-video-preview:-1\" \/>\n<link rel=\"canonical\" href=\"https:\/\/www.salkom.com.tr\/hakkimizda\/\" \/>\n<meta property=\"og:locale\" content=\"tr_TR\" \/>\n<meta property=\"og:type\" content=\"article\" \/>\n<meta property=\"og:title\" content=\"Hakk\u0131m\u0131zda\" \/>\n<meta property=\"og:description\" content=\"18 Y\u0131ld\u0131r Sa\u011fl\u0131k ve G\u00fczellik \u0130\u00e7in \u00dcretiyoruz. Sevgiyle \u00c7al\u0131\u015f\u0131yoruz \u00c7\u00fcnk\u00fc G\u00fczelli\u011fe Katk\u0131m\u0131z Olsun \u0130stiyoruz. Salkom Kozmetik 2002 y\u0131l\u0131nda faaliyetlerine ba\u015flam\u0131\u015f olup; T\u00fcrkiye\u2019nin \u00f6nde gelen kozmetik firmalar\u0131ndan biridir. Firmam\u0131z sa\u011fl\u0131k ve ki\u015fisel bak\u0131m konusunda uzmanlardan olu\u015fan profesyonel ekibi ile do\u011fru, g\u00fcvenilir ve etkin \u00e7\u00f6z\u00fcmler sunar. Sosyal sorumluluk anlay\u0131\u015f\u0131 ile m\u00fc\u015fteri odakl\u0131 hizmet anlay\u0131\u015f\u0131n\u0131 benimsemektedir. Salkom olarak, [&hellip;]\" \/>\n<meta property=\"og:url\" content=\"https:\/\/www.salkom.com.tr\/hakkimizda\/\" \/>\n<meta property=\"og:site_name\" content=\"Salkom Kozmetik\" \/>\n<meta property=\"article:publisher\" content=\"https:\/\/www.facebook.com\/salkomkozmetikofficial\" \/>\n<meta property=\"og:image\" content=\"https:\/\/www.salkom.com.tr\/wp-content\/uploads\/2020\/07\/Salkom-Logo-V-1024x1024-1.png\" \/>\n\t<meta property=\"og:image:width\" content=\"1024\" \/>\n\t<meta property=\"og:image:height\" content=\"1024\" \/>\n\t<meta property=\"og:image:type\" content=\"image\/png\" \/>\n<meta name=\"twitter:card\" content=\"summary_large_image\" \/>\n<meta name=\"twitter:site\" content=\"@Salkom_Kozmetik\" \/>\n<meta name=\"twitter:label1\" content=\"Tahmini okuma s\u00fcresi\" \/>\n\t<meta name=\"twitter:data1\" content=\"2 dakika\" \/>\n<script type=\"application\/ld+json\" class=\"yoast-schema-graph\">{\"@context\":\"https:\/\/schema.org\",\"@graph\":[{\"@type\":\"WebPage\",\"@id\":\"https:\/\/www.salkom.com.tr\/hakkimizda\/\",\"url\":\"https:\/\/www.salkom.com.tr\/hakkimizda\/\",\"name\":\"Hakk\u0131m\u0131zda | Salkom Kozmetik\",\"isPartOf\":{\"@id\":\"https:\/\/www.salkom.com.tr\/#website\"},\"datePublished\":\"2021-07-27T12:30:27+00:00\",\"dateModified\":\"2021-07-27T12:30:27+00:00\",\"breadcrumb\":{\"@id\":\"https:\/\/www.salkom.com.tr\/hakkimizda\/#breadcrumb\"},\"inLanguage\":\"tr\",\"potentialAction\":[{\"@type\":\"ReadAction\",\"target\":[\"https:\/\/www.salkom.com.tr\/hakkimizda\/\"]}]},{\"@type\":\"BreadcrumbList\",\"@id\":\"https:\/\/www.salkom.com.tr\/hakkimizda\/#breadcrumb\",\"itemListElement\":[{\"@type\":\"ListItem\",\"position\":1,\"name\":\"Ana sayfa\",\"item\":\"https:\/\/www.salkom.com.tr\/\"},{\"@type\":\"ListItem\",\"position\":2,\"name\":\"Hakk\u0131m\u0131zda\"}]},{\"@type\":\"WebSite\",\"@id\":\"https:\/\/www.salkom.com.tr\/#website\",\"url\":\"https:\/\/www.salkom.com.tr\/\",\"name\":\"Salkom Kozmetik\",\"description\":\"Bir Tutam Sa\u011fl\u0131k\",\"publisher\":{\"@id\":\"https:\/\/www.salkom.com.tr\/#organization\"},\"potentialAction\":[{\"@type\":\"SearchAction\",\"target\":{\"@type\":\"EntryPoint\",\"urlTemplate\":\"https:\/\/www.salkom.com.tr\/?s={search_term_string}\"},\"query-input\":\"required name=search_term_string\"}],\"inLanguage\":\"tr\"},{\"@type\":\"Organization\",\"@id\":\"https:\/\/www.salkom.com.tr\/#organization\",\"name\":\"Salkom Kozmetik\",\"url\":\"https:\/\/www.salkom.com.tr\/\",\"sameAs\":[\"https:\/\/www.instagram.com\/salkomkozmetik\/\",\"https:\/\/www.linkedin.com\/company\/salkom-kozmetik\",\"https:\/\/www.pinterest.com\/salkomkozmetik\/\",\"https:\/\/www.youtube.com\/channel\/UCLRdJ8dZvenffT4rp-lWGeA\/\",\"https:\/\/www.facebook.com\/salkomkozmetikofficial\",\"https:\/\/twitter.com\/Salkom_Kozmetik\"],\"logo\":{\"@type\":\"ImageObject\",\"inLanguage\":\"tr\",\"@id\":\"https:\/\/www.salkom.com.tr\/#\/schema\/logo\/image\/\",\"url\":\"https:\/\/www.salkom.com.tr\/wp-content\/uploads\/2020\/07\/Salkom-Logo-V-1024x1024-1.png\",\"contentUrl\":\"https:\/\/www.salkom.com.tr\/wp-content\/uploads\/2020\/07\/Salkom-Logo-V-1024x1024-1.png\",\"width\":1024,\"height\":1024,\"caption\":\"Salkom Kozmetik\"},\"image\":{\"@id\":\"https:\/\/www.salkom.com.tr\/#\/schema\/logo\/image\/\"}}]}<\/script>\n<!-- \/ Yoast SEO Premium plugin. -->","yoast_head_json":{"title":"Hakk\u0131m\u0131zda | Salkom Kozmetik","robots":{"index":"index","follow":"follow","max-snippet":"max-snippet:-1","max-image-preview":"max-image-preview:large","max-video-preview":"max-video-preview:-1"},"canonical":"https:\/\/www.salkom.com.tr\/hakkimizda\/","og_locale":"tr_TR","og_type":"article","og_title":"Hakk\u0131m\u0131zda","og_description":"18 Y\u0131ld\u0131r Sa\u011fl\u0131k ve G\u00fczellik \u0130\u00e7in \u00dcretiyoruz. Sevgiyle \u00c7al\u0131\u015f\u0131yoruz \u00c7\u00fcnk\u00fc G\u00fczelli\u011fe Katk\u0131m\u0131z Olsun \u0130stiyoruz. Salkom Kozmetik 2002 y\u0131l\u0131nda faaliyetlerine ba\u015flam\u0131\u015f olup; T\u00fcrkiye\u2019nin \u00f6nde gelen kozmetik firmalar\u0131ndan biridir. Firmam\u0131z sa\u011fl\u0131k ve ki\u015fisel bak\u0131m konusunda uzmanlardan olu\u015fan profesyonel ekibi ile do\u011fru, g\u00fcvenilir ve etkin \u00e7\u00f6z\u00fcmler sunar. Sosyal sorumluluk anlay\u0131\u015f\u0131 ile m\u00fc\u015fteri odakl\u0131 hizmet anlay\u0131\u015f\u0131n\u0131 benimsemektedir. Salkom olarak, [&hellip;]","og_url":"https:\/\/www.salkom.com.tr\/hakkimizda\/","og_site_name":"Salkom Kozmetik","article_publisher":"https:\/\/www.facebook.com\/salkomkozmetikofficial","og_image":[{"width":1024,"height":1024,"url":"https:\/\/www.salkom.com.tr\/wp-content\/uploads\/2020\/07\/Salkom-Logo-V-1024x1024-1.png","type":"image\/png"}],"twitter_card":"summary_large_image","twitter_site":"@Salkom_Kozmetik","twitter_misc":{"Tahmini okuma s\u00fcresi":"2 dakika"},"schema":{"@context":"https:\/\/schema.org","@graph":[{"@type":"WebPage","@id":"https:\/\/www.salkom.com.tr\/hakkimizda\/","url":"https:\/\/www.salkom.com.tr\/hakkimizda\/","name":"Hakk\u0131m\u0131zda | Salkom Kozmetik","isPartOf":{"@id":"https:\/\/www.salkom.com.tr\/#website"},"datePublished":"2021-07-27T12:30:27+00:00","dateModified":"2021-07-27T12:30:27+00:00","breadcrumb":{"@id":"https:\/\/www.salkom.com.tr\/hakkimizda\/#breadcrumb"},"inLanguage":"tr","potentialAction":[{"@type":"ReadAction","target":["https:\/\/www.salkom.com.tr\/hakkimizda\/"]}]},{"@type":"BreadcrumbList","@id":"https:\/\/www.salkom.com.tr\/hakkimizda\/#breadcrumb","itemListElement":[{"@type":"ListItem","position":1,"name":"Ana sayfa","item":"https:\/\/www.salkom.com.tr\/"},{"@type":"ListItem","position":2,"name":"Hakk\u0131m\u0131zda"}]},{"@type":"WebSite","@id":"https:\/\/www.salkom.com.tr\/#website","url":"https:\/\/www.salkom.com.tr\/","name":"Salkom Kozmetik","description":"Bir Tutam Sa\u011fl\u0131k","publisher":{"@id":"https:\/\/www.salkom.com.tr\/#organization"},"potentialAction":[{"@type":"SearchAction","target":{"@type":"EntryPoint","urlTemplate":"https:\/\/www.salkom.com.tr\/?s={search_term_string}"},"query-input":"required name=search_term_string"}],"inLanguage":"tr"},{"@type":"Organization","@id":"https:\/\/www.salkom.com.tr\/#organization","name":"Salkom Kozmetik","url":"https:\/\/www.salkom.com.tr\/","sameAs":["https:\/\/www.instagram.com\/salkomkozmetik\/","https:\/\/www.linkedin.com\/company\/salkom-kozmetik","https:\/\/www.pinterest.com\/salkomkozmetik\/","https:\/\/www.youtube.com\/channel\/UCLRdJ8dZvenffT4rp-lWGeA\/","https:\/\/www.facebook.com\/salkomkozmetikofficial","https:\/\/twitter.com\/Salkom_Kozmetik"],"logo":{"@type":"ImageObject","inLanguage":"tr","@id":"https:\/\/www.salkom.com.tr\/#\/schema\/logo\/image\/","url":"https:\/\/www.salkom.com.tr\/wp-content\/uploads\/2020\/07\/Salkom-Logo-V-1024x1024-1.png","contentUrl":"https:\/\/www.salkom.com.tr\/wp-content\/uploads\/2020\/07\/Salkom-Logo-V-1024x1024-1.png","width":1024,"height":1024,"caption":"Salkom Kozmetik"},"image":{"@id":"https:\/\/www.salkom.com.tr\/#\/schema\/logo\/image\/"}}]}},"_links":{"self":[{"href":"https:\/\/www.salkom.com.tr\/en\/wp-json\/wp\/v2\/pages\/5592"}],"collection":[{"href":"https:\/\/www.salkom.com.tr\/en\/wp-json\/wp\/v2\/pages"}],"about":[{"href":"https:\/\/www.salkom.com.tr\/en\/wp-json\/wp\/v2\/types\/page"}],"author":[{"embeddable":true,"href":"https:\/\/www.salkom.com.tr\/en\/wp-json\/wp\/v2\/users\/12"}],"replies":[{"embeddable":true,"href":"https:\/\/www.salkom.com.tr\/en\/wp-json\/wp\/v2\/comments?post=5592"}],"version-history":[{"count":1,"href":"https:\/\/www.salkom.com.tr\/en\/wp-json\/wp\/v2\/pages\/5592\/revisions"}],"predecessor-version":[{"id":9611,"href":"https:\/\/www.salkom.com.tr\/en\/wp-json\/wp\/v2\/pages\/5592\/revisions\/9611"}],"wp:featuredmedia":[{"embeddable":true,"href":"https:\/\/www.salkom.com.tr\/en\/wp-json\/"}],"wp:attachment":[{"href":"https:\/\/www.salkom.com.tr\/en\/wp-json\/wp\/v2\/media?parent=5592"}],"curies":[{"name":"wp","href":"https:\/\/api.w.org\/{rel}","templated":true}]}}