{"id":44,"date":"2021-07-20T18:00:10","date_gmt":"2021-07-20T15:00:10","guid":{"rendered":"https:\/\/salkom.paralaks.net\/?page_id=44"},"modified":"2021-07-20T18:00:10","modified_gmt":"2021-07-20T15:00:10","slug":"ucretsiz-iade","status":"publish","type":"page","link":"https:\/\/www.salkom.com.tr\/en\/ucretsiz-iade\/","title":{"rendered":"\u00dcCRETS\u0130Z \u0130ADE"},"content":{"rendered":"","protected":false},"excerpt":{"rendered":"","protected":false},"author":12,"featured_media":-1,"parent":0,"menu_order":23,"comment_status":"closed","ping_status":"closed","template":"","meta":[],"yoast_head":"<!-- This site is optimized with the Yoast SEO Premium plugin v16.5 (Yoast SEO v19.5.1) - https:\/\/yoast.com\/wordpress\/plugins\/seo\/ -->\n<title>\u00dcCRETS\u0130Z \u0130ADE | Salkom Kozmetik<\/title>\n<meta name=\"robots\" content=\"index, follow, max-snippet:-1, max-image-preview:large, max-video-preview:-1\" \/>\n<link rel=\"canonical\" href=\"https:\/\/www.salkom.com.tr\/ucretsiz-iade\/\" \/>\n<meta property=\"og:locale\" content=\"tr_TR\" \/>\n<meta property=\"og:type\" content=\"article\" \/>\n<meta property=\"og:title\" content=\"\u00dcCRETS\u0130Z \u0130ADE\" \/>\n<meta property=\"og:url\" content=\"https:\/\/www.salkom.com.tr\/ucretsiz-iade\/\" \/>\n<meta property=\"og:site_name\" content=\"Salkom Kozmetik\" \/>\n<meta property=\"article:publisher\" content=\"https:\/\/www.facebook.com\/salkomkozmetikofficial\" \/>\n<meta property=\"og:image\" content=\"https:\/\/www.salkom.com.tr\/wp-content\/uploads\/2020\/07\/Salkom-Logo-V-1024x1024-1.png\" \/>\n\t<meta property=\"og:image:width\" content=\"1024\" \/>\n\t<meta property=\"og:image:height\" content=\"1024\" \/>\n\t<meta property=\"og:image:type\" content=\"image\/png\" \/>\n<meta name=\"twitter:card\" content=\"summary_large_image\" \/>\n<meta name=\"twitter:site\" content=\"@Salkom_Kozmetik\" \/>\n<script type=\"application\/ld+json\" class=\"yoast-schema-graph\">{\"@context\":\"https:\/\/schema.org\",\"@graph\":[{\"@type\":\"WebPage\",\"@id\":\"https:\/\/www.salkom.com.tr\/ucretsiz-iade\/\",\"url\":\"https:\/\/www.salkom.com.tr\/ucretsiz-iade\/\",\"name\":\"\u00dcCRETS\u0130Z \u0130ADE | Salkom Kozmetik\",\"isPartOf\":{\"@id\":\"https:\/\/www.salkom.com.tr\/#website\"},\"datePublished\":\"2021-07-20T15:00:10+00:00\",\"dateModified\":\"2021-07-20T15:00:10+00:00\",\"breadcrumb\":{\"@id\":\"https:\/\/www.salkom.com.tr\/ucretsiz-iade\/#breadcrumb\"},\"inLanguage\":\"tr\",\"potentialAction\":[{\"@type\":\"ReadAction\",\"target\":[\"https:\/\/www.salkom.com.tr\/ucretsiz-iade\/\"]}]},{\"@type\":\"BreadcrumbList\",\"@id\":\"https:\/\/www.salkom.com.tr\/ucretsiz-iade\/#breadcrumb\",\"itemListElement\":[{\"@type\":\"ListItem\",\"position\":1,\"name\":\"Ana sayfa\",\"item\":\"https:\/\/www.salkom.com.tr\/\"},{\"@type\":\"ListItem\",\"position\":2,\"name\":\"\u00dcCRETS\u0130Z \u0130ADE\"}]},{\"@type\":\"WebSite\",\"@id\":\"https:\/\/www.salkom.com.tr\/#website\",\"url\":\"https:\/\/www.salkom.com.tr\/\",\"name\":\"Salkom Kozmetik\",\"description\":\"Bir Tutam Sa\u011fl\u0131k\",\"publisher\":{\"@id\":\"https:\/\/www.salkom.com.tr\/#organization\"},\"potentialAction\":[{\"@type\":\"SearchAction\",\"target\":{\"@type\":\"EntryPoint\",\"urlTemplate\":\"https:\/\/www.salkom.com.tr\/?s={search_term_string}\"},\"query-input\":\"required name=search_term_string\"}],\"inLanguage\":\"tr\"},{\"@type\":\"Organization\",\"@id\":\"https:\/\/www.salkom.com.tr\/#organization\",\"name\":\"Salkom Kozmetik\",\"url\":\"https:\/\/www.salkom.com.tr\/\",\"sameAs\":[\"https:\/\/www.instagram.com\/salkomkozmetik\/\",\"https:\/\/www.linkedin.com\/company\/salkom-kozmetik\",\"https:\/\/www.pinterest.com\/salkomkozmetik\/\",\"https:\/\/www.youtube.com\/channel\/UCLRdJ8dZvenffT4rp-lWGeA\/\",\"https:\/\/www.facebook.com\/salkomkozmetikofficial\",\"https:\/\/twitter.com\/Salkom_Kozmetik\"],\"logo\":{\"@type\":\"ImageObject\",\"inLanguage\":\"tr\",\"@id\":\"https:\/\/www.salkom.com.tr\/#\/schema\/logo\/image\/\",\"url\":\"https:\/\/www.salkom.com.tr\/wp-content\/uploads\/2020\/07\/Salkom-Logo-V-1024x1024-1.png\",\"contentUrl\":\"https:\/\/www.salkom.com.tr\/wp-content\/uploads\/2020\/07\/Salkom-Logo-V-1024x1024-1.png\",\"width\":1024,\"height\":1024,\"caption\":\"Salkom Kozmetik\"},\"image\":{\"@id\":\"https:\/\/www.salkom.com.tr\/#\/schema\/logo\/image\/\"}}]}<\/script>\n<!-- \/ Yoast SEO Premium plugin. -->","yoast_head_json":{"title":"\u00dcCRETS\u0130Z \u0130ADE | Salkom Kozmetik","robots":{"index":"index","follow":"follow","max-snippet":"max-snippet:-1","max-image-preview":"max-image-preview:large","max-video-preview":"max-video-preview:-1"},"canonical":"https:\/\/www.salkom.com.tr\/ucretsiz-iade\/","og_locale":"tr_TR","og_type":"article","og_title":"\u00dcCRETS\u0130Z \u0130ADE","og_url":"https:\/\/www.salkom.com.tr\/ucretsiz-iade\/","og_site_name":"Salkom Kozmetik","article_publisher":"https:\/\/www.facebook.com\/salkomkozmetikofficial","og_image":[{"width":1024,"height":1024,"url":"https:\/\/www.salkom.com.tr\/wp-content\/uploads\/2020\/07\/Salkom-Logo-V-1024x1024-1.png","type":"image\/png"}],"twitter_card":"summary_large_image","twitter_site":"@Salkom_Kozmetik","schema":{"@context":"https:\/\/schema.org","@graph":[{"@type":"WebPage","@id":"https:\/\/www.salkom.com.tr\/ucretsiz-iade\/","url":"https:\/\/www.salkom.com.tr\/ucretsiz-iade\/","name":"\u00dcCRETS\u0130Z \u0130ADE | Salkom Kozmetik","isPartOf":{"@id":"https:\/\/www.salkom.com.tr\/#website"},"datePublished":"2021-07-20T15:00:10+00:00","dateModified":"2021-07-20T15:00:10+00:00","breadcrumb":{"@id":"https:\/\/www.salkom.com.tr\/ucretsiz-iade\/#breadcrumb"},"inLanguage":"tr","potentialAction":[{"@type":"ReadAction","target":["https:\/\/www.salkom.com.tr\/ucretsiz-iade\/"]}]},{"@type":"BreadcrumbList","@id":"https:\/\/www.salkom.com.tr\/ucretsiz-iade\/#breadcrumb","itemListElement":[{"@type":"ListItem","position":1,"name":"Ana sayfa","item":"https:\/\/www.salkom.com.tr\/"},{"@type":"ListItem","position":2,"name":"\u00dcCRETS\u0130Z \u0130ADE"}]},{"@type":"WebSite","@id":"https:\/\/www.salkom.com.tr\/#website","url":"https:\/\/www.salkom.com.tr\/","name":"Salkom Kozmetik","description":"Bir Tutam Sa\u011fl\u0131k","publisher":{"@id":"https:\/\/www.salkom.com.tr\/#organization"},"potentialAction":[{"@type":"SearchAction","target":{"@type":"EntryPoint","urlTemplate":"https:\/\/www.salkom.com.tr\/?s={search_term_string}"},"query-input":"required name=search_term_string"}],"inLanguage":"tr"},{"@type":"Organization","@id":"https:\/\/www.salkom.com.tr\/#organization","name":"Salkom Kozmetik","url":"https:\/\/www.salkom.com.tr\/","sameAs":["https:\/\/www.instagram.com\/salkomkozmetik\/","https:\/\/www.linkedin.com\/company\/salkom-kozmetik","https:\/\/www.pinterest.com\/salkomkozmetik\/","https:\/\/www.youtube.com\/channel\/UCLRdJ8dZvenffT4rp-lWGeA\/","https:\/\/www.facebook.com\/salkomkozmetikofficial","https:\/\/twitter.com\/Salkom_Kozmetik"],"logo":{"@type":"ImageObject","inLanguage":"tr","@id":"https:\/\/www.salkom.com.tr\/#\/schema\/logo\/image\/","url":"https:\/\/www.salkom.com.tr\/wp-content\/uploads\/2020\/07\/Salkom-Logo-V-1024x1024-1.png","contentUrl":"https:\/\/www.salkom.com.tr\/wp-content\/uploads\/2020\/07\/Salkom-Logo-V-1024x1024-1.png","width":1024,"height":1024,"caption":"Salkom Kozmetik"},"image":{"@id":"https:\/\/www.salkom.com.tr\/#\/schema\/logo\/image\/"}}]}},"_links":{"self":[{"href":"https:\/\/www.salkom.com.tr\/en\/wp-json\/wp\/v2\/pages\/44"}],"collection":[{"href":"https:\/\/www.salkom.com.tr\/en\/wp-json\/wp\/v2\/pages"}],"about":[{"href":"https:\/\/www.salkom.com.tr\/en\/wp-json\/wp\/v2\/types\/page"}],"author":[{"embeddable":true,"href":"https:\/\/www.salkom.com.tr\/en\/wp-json\/wp\/v2\/users\/12"}],"replies":[{"embeddable":true,"href":"https:\/\/www.salkom.com.tr\/en\/wp-json\/wp\/v2\/comments?post=44"}],"version-history":[{"count":0,"href":"https:\/\/www.salkom.com.tr\/en\/wp-json\/wp\/v2\/pages\/44\/revisions"}],"wp:featuredmedia":[{"embeddable":true,"href":"https:\/\/www.salkom.com.tr\/en\/wp-json\/"}],"wp:attachment":[{"href":"https:\/\/www.salkom.com.tr\/en\/wp-json\/wp\/v2\/media?parent=44"}],"curies":[{"name":"wp","href":"https:\/\/api.w.org\/{rel}","templated":true}]}}